{"id":304,"date":"2023-10-27T15:17:42","date_gmt":"2023-10-27T13:17:42","guid":{"rendered":"https:\/\/cassagne.ms2.decms.eu\/page-d-exemple\/"},"modified":"2026-03-08T16:07:25","modified_gmt":"2026-03-08T15:07:25","slug":"page-d-exemple","status":"publish","type":"page","link":"https:\/\/www.aubergedecassagne.com\/en\/","title":{"rendered":"Auberge de Cassagne &amp; Spa &#8211; 5-Star luxury &amp; charm"},"content":{"rendered":"<p style=\"text-align: center\"><span style=\"font-weight: 400\">Just outside Avignon, in the commune of Le Pontet, our five-star hotel offers you an unforgettable experience in the heart of Provence. This former bastide (Proven\u00e7al manor house), built in 1850 and located on the grounds of the estate belonging to Ch\u00e2teau de Cassagne, has been restored with the greatest respect for Proven\u00e7al tradition, preserving all the charm of yesteryear. The Auberge de Cassagne is a haven of peace where you can immerse yourself in a world of charm and elegance. <\/span><\/p>\n","protected":false},"excerpt":{"rendered":"<p>Just outside Avignon, in the commune of Le Pontet, our five-star hotel offers you an unforgettable experience in the heart of Provence. This former bastide (Proven\u00e7al manor house), built in 1850 and located on the grounds of the estate belonging to Ch\u00e2teau de Cassagne, has been restored with the greatest respect for Proven\u00e7al tradition, preserving [&hellip;]<\/p>\n","protected":false},"author":16,"featured_media":0,"parent":0,"menu_order":10,"comment_status":"closed","ping_status":"closed","template":"","meta":{"footnotes":""},"yoast_head":"<!-- This site is optimized with the Yoast SEO plugin v22.3 - https:\/\/yoast.com\/wordpress\/plugins\/seo\/ -->\n<title>Luxury 5-star hotel in Avignon | Hotel Auberge de Cassagne &amp; Spa<\/title>\n<meta name=\"description\" content=\"Discover the Auberge de Cassagne &amp; Spa, a superb 1850 bastide in Avignon. 5-star luxury hotel, gourmet restaurant, Spa &amp; Swimming pool 15 minutes from the historic town centre.\" \/>\n<meta name=\"robots\" content=\"index, follow, max-snippet:-1, max-image-preview:large, max-video-preview:-1\" \/>\n<link rel=\"canonical\" href=\"https:\/\/www.aubergedecassagne.com\/en\/\" \/>\n<meta property=\"og:locale\" content=\"en_US\" \/>\n<meta property=\"og:type\" content=\"article\" \/>\n<meta property=\"og:title\" content=\"Luxury 5-star hotel in Avignon | Hotel Auberge de Cassagne &amp; Spa\" \/>\n<meta property=\"og:description\" content=\"Discover the Auberge de Cassagne &amp; Spa, a superb 1850 bastide in Avignon. 5-star luxury hotel, gourmet restaurant, Spa &amp; Swimming pool 15 minutes from the historic town centre.\" \/>\n<meta property=\"og:url\" content=\"https:\/\/www.aubergedecassagne.com\/en\/\" \/>\n<meta property=\"og:site_name\" content=\"Auberge de Cassagne\" \/>\n<meta property=\"article:modified_time\" content=\"2026-03-08T15:07:25+00:00\" \/>\n<meta name=\"twitter:card\" content=\"summary_large_image\" \/>\n<meta name=\"twitter:label1\" content=\"Est. reading time\" \/>\n\t<meta name=\"twitter:data1\" content=\"1 minute\" \/>\n<script type=\"application\/ld+json\" class=\"yoast-schema-graph\">{\"@context\":\"https:\/\/schema.org\",\"@graph\":[{\"@type\":\"WebPage\",\"@id\":\"https:\/\/www.aubergedecassagne.com\/en\/\",\"url\":\"https:\/\/www.aubergedecassagne.com\/en\/\",\"name\":\"Luxury 5-star hotel in Avignon | Hotel Auberge de Cassagne & Spa\",\"isPartOf\":{\"@id\":\"https:\/\/www.aubergedecassagne.com\/en\/#website\"},\"datePublished\":\"2023-10-27T13:17:42+00:00\",\"dateModified\":\"2026-03-08T15:07:25+00:00\",\"description\":\"Discover the Auberge de Cassagne & Spa, a superb 1850 bastide in Avignon. 5-star luxury hotel, gourmet restaurant, Spa & Swimming pool 15 minutes from the historic town centre.\",\"breadcrumb\":{\"@id\":\"https:\/\/www.aubergedecassagne.com\/en\/#breadcrumb\"},\"inLanguage\":\"en-US\",\"potentialAction\":[{\"@type\":\"ReadAction\",\"target\":[\"https:\/\/www.aubergedecassagne.com\/en\/\"]}]},{\"@type\":\"BreadcrumbList\",\"@id\":\"https:\/\/www.aubergedecassagne.com\/en\/#breadcrumb\",\"itemListElement\":[{\"@type\":\"ListItem\",\"position\":1,\"name\":\"Accueil\",\"item\":\"https:\/\/www.aubergedecassagne.com\/en\/\"},{\"@type\":\"ListItem\",\"position\":2,\"name\":\"Auberge de Cassagne &amp; Spa &#8211; 5-Star luxury &amp; charm\"}]},{\"@type\":\"WebSite\",\"@id\":\"https:\/\/www.aubergedecassagne.com\/en\/#website\",\"url\":\"https:\/\/www.aubergedecassagne.com\/en\/\",\"name\":\"Auberge de Cassagne\",\"description\":\"\",\"potentialAction\":[{\"@type\":\"SearchAction\",\"target\":{\"@type\":\"EntryPoint\",\"urlTemplate\":\"https:\/\/www.aubergedecassagne.com\/en\/?s={search_term_string}\"},\"query-input\":\"required name=search_term_string\"}],\"inLanguage\":\"en-US\"}]}<\/script>\n<!-- \/ Yoast SEO plugin. -->","yoast_head_json":{"title":"Luxury 5-star hotel in Avignon | Hotel Auberge de Cassagne & Spa","description":"Discover the Auberge de Cassagne & Spa, a superb 1850 bastide in Avignon. 5-star luxury hotel, gourmet restaurant, Spa & Swimming pool 15 minutes from the historic town centre.","robots":{"index":"index","follow":"follow","max-snippet":"max-snippet:-1","max-image-preview":"max-image-preview:large","max-video-preview":"max-video-preview:-1"},"canonical":"https:\/\/www.aubergedecassagne.com\/en\/","og_locale":"en_US","og_type":"article","og_title":"Luxury 5-star hotel in Avignon | Hotel Auberge de Cassagne & Spa","og_description":"Discover the Auberge de Cassagne & Spa, a superb 1850 bastide in Avignon. 5-star luxury hotel, gourmet restaurant, Spa & Swimming pool 15 minutes from the historic town centre.","og_url":"https:\/\/www.aubergedecassagne.com\/en\/","og_site_name":"Auberge de Cassagne","article_modified_time":"2026-03-08T15:07:25+00:00","twitter_card":"summary_large_image","twitter_misc":{"Est. reading time":"1 minute"},"schema":{"@context":"https:\/\/schema.org","@graph":[{"@type":"WebPage","@id":"https:\/\/www.aubergedecassagne.com\/en\/","url":"https:\/\/www.aubergedecassagne.com\/en\/","name":"Luxury 5-star hotel in Avignon | Hotel Auberge de Cassagne & Spa","isPartOf":{"@id":"https:\/\/www.aubergedecassagne.com\/en\/#website"},"datePublished":"2023-10-27T13:17:42+00:00","dateModified":"2026-03-08T15:07:25+00:00","description":"Discover the Auberge de Cassagne & Spa, a superb 1850 bastide in Avignon. 5-star luxury hotel, gourmet restaurant, Spa & Swimming pool 15 minutes from the historic town centre.","breadcrumb":{"@id":"https:\/\/www.aubergedecassagne.com\/en\/#breadcrumb"},"inLanguage":"en-US","potentialAction":[{"@type":"ReadAction","target":["https:\/\/www.aubergedecassagne.com\/en\/"]}]},{"@type":"BreadcrumbList","@id":"https:\/\/www.aubergedecassagne.com\/en\/#breadcrumb","itemListElement":[{"@type":"ListItem","position":1,"name":"Accueil","item":"https:\/\/www.aubergedecassagne.com\/en\/"},{"@type":"ListItem","position":2,"name":"Auberge de Cassagne &amp; Spa &#8211; 5-Star luxury &amp; charm"}]},{"@type":"WebSite","@id":"https:\/\/www.aubergedecassagne.com\/en\/#website","url":"https:\/\/www.aubergedecassagne.com\/en\/","name":"Auberge de Cassagne","description":"","potentialAction":[{"@type":"SearchAction","target":{"@type":"EntryPoint","urlTemplate":"https:\/\/www.aubergedecassagne.com\/en\/?s={search_term_string}"},"query-input":"required name=search_term_string"}],"inLanguage":"en-US"}]}},"acf":[],"_links":{"self":[{"href":"https:\/\/www.aubergedecassagne.com\/en\/wp-json\/wp\/v2\/pages\/304"}],"collection":[{"href":"https:\/\/www.aubergedecassagne.com\/en\/wp-json\/wp\/v2\/pages"}],"about":[{"href":"https:\/\/www.aubergedecassagne.com\/en\/wp-json\/wp\/v2\/types\/page"}],"author":[{"embeddable":true,"href":"https:\/\/www.aubergedecassagne.com\/en\/wp-json\/wp\/v2\/users\/16"}],"replies":[{"embeddable":true,"href":"https:\/\/www.aubergedecassagne.com\/en\/wp-json\/wp\/v2\/comments?post=304"}],"version-history":[{"count":0,"href":"https:\/\/www.aubergedecassagne.com\/en\/wp-json\/wp\/v2\/pages\/304\/revisions"}],"wp:attachment":[{"href":"https:\/\/www.aubergedecassagne.com\/en\/wp-json\/wp\/v2\/media?parent=304"}],"curies":[{"name":"wp","href":"https:\/\/api.w.org\/{rel}","templated":true}]}}