{"id":992,"date":"2023-10-27T15:55:37","date_gmt":"2023-10-27T13:55:37","guid":{"rendered":"https:\/\/www.aubergedecassagne.com\/ou-nous-trouver\/"},"modified":"2025-12-24T13:05:40","modified_gmt":"2025-12-24T12:05:40","slug":"wo-sie-uns-finden","status":"publish","type":"page","link":"https:\/\/www.aubergedecassagne.com\/de\/wo-sie-uns-finden\/","title":{"rendered":"Wo Sie uns finden"},"content":{"rendered":"<p style=\"text-align: center\"><span style=\"font-weight: 400\">Die Auberge de Cassagne &amp; Spa, Ihr Hotel in Avignon Nord, genie\u00dft eine einzigartige Lage im Herzen der Provence, in der Gemeinde Pontet, nur wenige Kilometer vom historischen Zentrum von Avignon entfernt.<\/span><\/p>\n<blockquote>\n<p style=\"text-align: center\"><span style=\"font-weight: 400\">Ob Ankunfts- oder Ausgangspunkt \u2013 das Hotel profitiert von einer \u00e4u\u00dferst zentralen Lage in der Region, die eine gro\u00dfe Vielfalt an Verkehrsmitteln in unmittelbarer N\u00e4he erm\u00f6glicht.<\/span><\/p>\n<\/blockquote>\n","protected":false},"excerpt":{"rendered":"<p>Die Auberge de Cassagne &amp; Spa, Ihr Hotel in Avignon Nord, genie\u00dft eine einzigartige Lage im Herzen der Provence, in der Gemeinde Pontet, nur wenige Kilometer vom historischen Zentrum von Avignon entfernt. Ob Ankunfts- oder Ausgangspunkt \u2013 das Hotel profitiert von einer \u00e4u\u00dferst zentralen Lage in der Region, die eine gro\u00dfe Vielfalt an Verkehrsmitteln in [&hellip;]<\/p>\n","protected":false},"author":16,"featured_media":679,"parent":0,"menu_order":60,"comment_status":"closed","ping_status":"closed","template":"template-location.php","meta":{"footnotes":""},"yoast_head":"<!-- This site is optimized with the Yoast SEO plugin v22.3 - https:\/\/yoast.com\/wordpress\/plugins\/seo\/ -->\n<title>Hotel Avignon Nord - Le Pontet | Auberge de Cassagne &amp; Spa<\/title>\n<meta name=\"description\" content=\"Entdecken Sie die Auberge de Cassagne &amp; Spa in Avignon Le Pontet, nur 15 Minuten vom Stadtzentrum, dem TGV-Bahnhof entfernt und in der N\u00e4he der Sehensw\u00fcrdigkeiten.\" \/>\n<meta name=\"robots\" content=\"index, follow, max-snippet:-1, max-image-preview:large, max-video-preview:-1\" \/>\n<link rel=\"canonical\" href=\"https:\/\/www.aubergedecassagne.com\/de\/wo-sie-uns-finden\/\" \/>\n<meta property=\"og:locale\" content=\"de_DE\" \/>\n<meta property=\"og:type\" content=\"article\" \/>\n<meta property=\"og:title\" content=\"Hotel Avignon Nord - Le Pontet | Auberge de Cassagne &amp; Spa\" \/>\n<meta property=\"og:description\" content=\"Entdecken Sie die Auberge de Cassagne &amp; Spa in Avignon Le Pontet, nur 15 Minuten vom Stadtzentrum, dem TGV-Bahnhof entfernt und in der N\u00e4he der Sehensw\u00fcrdigkeiten.\" \/>\n<meta property=\"og:url\" content=\"https:\/\/www.aubergedecassagne.com\/de\/wo-sie-uns-finden\/\" \/>\n<meta property=\"og:site_name\" content=\"Auberge de Cassagne\" \/>\n<meta property=\"article:modified_time\" content=\"2025-12-24T12:05:40+00:00\" \/>\n<meta property=\"og:image\" content=\"https:\/\/www.aubergedecassagne.com\/wp-content\/uploads\/sites\/75\/2024\/08\/Aubergedecassagnespa-hotel_entree_principale_marquise.jpg\" \/>\n\t<meta property=\"og:image:width\" content=\"1200\" \/>\n\t<meta property=\"og:image:height\" content=\"1200\" \/>\n\t<meta property=\"og:image:type\" content=\"image\/jpeg\" \/>\n<meta name=\"twitter:card\" content=\"summary_large_image\" \/>\n<meta name=\"twitter:label1\" content=\"Gesch\u00e4tzte Lesezeit\" \/>\n\t<meta name=\"twitter:data1\" content=\"1 Minute\" \/>\n<script type=\"application\/ld+json\" class=\"yoast-schema-graph\">{\"@context\":\"https:\/\/schema.org\",\"@graph\":[{\"@type\":\"WebPage\",\"@id\":\"https:\/\/www.aubergedecassagne.com\/de\/wo-sie-uns-finden\/\",\"url\":\"https:\/\/www.aubergedecassagne.com\/de\/wo-sie-uns-finden\/\",\"name\":\"Hotel Avignon Nord - Le Pontet | Auberge de Cassagne & Spa\",\"isPartOf\":{\"@id\":\"https:\/\/www.aubergedecassagne.com\/de\/#website\"},\"primaryImageOfPage\":{\"@id\":\"https:\/\/www.aubergedecassagne.com\/de\/wo-sie-uns-finden\/#primaryimage\"},\"image\":{\"@id\":\"https:\/\/www.aubergedecassagne.com\/de\/wo-sie-uns-finden\/#primaryimage\"},\"thumbnailUrl\":\"https:\/\/www.aubergedecassagne.com\/wp-content\/uploads\/sites\/75\/2024\/08\/Aubergedecassagnespa-hotel_entree_principale_marquise.jpg\",\"datePublished\":\"2023-10-27T13:55:37+00:00\",\"dateModified\":\"2025-12-24T12:05:40+00:00\",\"description\":\"Entdecken Sie die Auberge de Cassagne & Spa in Avignon Le Pontet, nur 15 Minuten vom Stadtzentrum, dem TGV-Bahnhof entfernt und in der N\u00e4he der Sehensw\u00fcrdigkeiten.\",\"breadcrumb\":{\"@id\":\"https:\/\/www.aubergedecassagne.com\/de\/wo-sie-uns-finden\/#breadcrumb\"},\"inLanguage\":\"de-DE\",\"potentialAction\":[{\"@type\":\"ReadAction\",\"target\":[\"https:\/\/www.aubergedecassagne.com\/de\/wo-sie-uns-finden\/\"]}]},{\"@type\":\"ImageObject\",\"inLanguage\":\"de-DE\",\"@id\":\"https:\/\/www.aubergedecassagne.com\/de\/wo-sie-uns-finden\/#primaryimage\",\"url\":\"https:\/\/www.aubergedecassagne.com\/wp-content\/uploads\/sites\/75\/2024\/08\/Aubergedecassagnespa-hotel_entree_principale_marquise.jpg\",\"contentUrl\":\"https:\/\/www.aubergedecassagne.com\/wp-content\/uploads\/sites\/75\/2024\/08\/Aubergedecassagnespa-hotel_entree_principale_marquise.jpg\",\"width\":1200,\"height\":1200},{\"@type\":\"BreadcrumbList\",\"@id\":\"https:\/\/www.aubergedecassagne.com\/de\/wo-sie-uns-finden\/#breadcrumb\",\"itemListElement\":[{\"@type\":\"ListItem\",\"position\":1,\"name\":\"Accueil\",\"item\":\"https:\/\/www.aubergedecassagne.com\/de\/\"},{\"@type\":\"ListItem\",\"position\":2,\"name\":\"Wo Sie uns finden\"}]},{\"@type\":\"WebSite\",\"@id\":\"https:\/\/www.aubergedecassagne.com\/de\/#website\",\"url\":\"https:\/\/www.aubergedecassagne.com\/de\/\",\"name\":\"Auberge de Cassagne\",\"description\":\"\",\"potentialAction\":[{\"@type\":\"SearchAction\",\"target\":{\"@type\":\"EntryPoint\",\"urlTemplate\":\"https:\/\/www.aubergedecassagne.com\/de\/?s={search_term_string}\"},\"query-input\":\"required name=search_term_string\"}],\"inLanguage\":\"de-DE\"}]}<\/script>\n<!-- \/ Yoast SEO plugin. -->","yoast_head_json":{"title":"Hotel Avignon Nord - Le Pontet | Auberge de Cassagne & Spa","description":"Entdecken Sie die Auberge de Cassagne & Spa in Avignon Le Pontet, nur 15 Minuten vom Stadtzentrum, dem TGV-Bahnhof entfernt und in der N\u00e4he der Sehensw\u00fcrdigkeiten.","robots":{"index":"index","follow":"follow","max-snippet":"max-snippet:-1","max-image-preview":"max-image-preview:large","max-video-preview":"max-video-preview:-1"},"canonical":"https:\/\/www.aubergedecassagne.com\/de\/wo-sie-uns-finden\/","og_locale":"de_DE","og_type":"article","og_title":"Hotel Avignon Nord - Le Pontet | Auberge de Cassagne & Spa","og_description":"Entdecken Sie die Auberge de Cassagne & Spa in Avignon Le Pontet, nur 15 Minuten vom Stadtzentrum, dem TGV-Bahnhof entfernt und in der N\u00e4he der Sehensw\u00fcrdigkeiten.","og_url":"https:\/\/www.aubergedecassagne.com\/de\/wo-sie-uns-finden\/","og_site_name":"Auberge de Cassagne","article_modified_time":"2025-12-24T12:05:40+00:00","og_image":[{"width":1200,"height":1200,"url":"https:\/\/www.aubergedecassagne.com\/wp-content\/uploads\/sites\/75\/2024\/08\/Aubergedecassagnespa-hotel_entree_principale_marquise.jpg","type":"image\/jpeg"}],"twitter_card":"summary_large_image","twitter_misc":{"Gesch\u00e4tzte Lesezeit":"1 Minute"},"schema":{"@context":"https:\/\/schema.org","@graph":[{"@type":"WebPage","@id":"https:\/\/www.aubergedecassagne.com\/de\/wo-sie-uns-finden\/","url":"https:\/\/www.aubergedecassagne.com\/de\/wo-sie-uns-finden\/","name":"Hotel Avignon Nord - Le Pontet | Auberge de Cassagne & Spa","isPartOf":{"@id":"https:\/\/www.aubergedecassagne.com\/de\/#website"},"primaryImageOfPage":{"@id":"https:\/\/www.aubergedecassagne.com\/de\/wo-sie-uns-finden\/#primaryimage"},"image":{"@id":"https:\/\/www.aubergedecassagne.com\/de\/wo-sie-uns-finden\/#primaryimage"},"thumbnailUrl":"https:\/\/www.aubergedecassagne.com\/wp-content\/uploads\/sites\/75\/2024\/08\/Aubergedecassagnespa-hotel_entree_principale_marquise.jpg","datePublished":"2023-10-27T13:55:37+00:00","dateModified":"2025-12-24T12:05:40+00:00","description":"Entdecken Sie die Auberge de Cassagne & Spa in Avignon Le Pontet, nur 15 Minuten vom Stadtzentrum, dem TGV-Bahnhof entfernt und in der N\u00e4he der Sehensw\u00fcrdigkeiten.","breadcrumb":{"@id":"https:\/\/www.aubergedecassagne.com\/de\/wo-sie-uns-finden\/#breadcrumb"},"inLanguage":"de-DE","potentialAction":[{"@type":"ReadAction","target":["https:\/\/www.aubergedecassagne.com\/de\/wo-sie-uns-finden\/"]}]},{"@type":"ImageObject","inLanguage":"de-DE","@id":"https:\/\/www.aubergedecassagne.com\/de\/wo-sie-uns-finden\/#primaryimage","url":"https:\/\/www.aubergedecassagne.com\/wp-content\/uploads\/sites\/75\/2024\/08\/Aubergedecassagnespa-hotel_entree_principale_marquise.jpg","contentUrl":"https:\/\/www.aubergedecassagne.com\/wp-content\/uploads\/sites\/75\/2024\/08\/Aubergedecassagnespa-hotel_entree_principale_marquise.jpg","width":1200,"height":1200},{"@type":"BreadcrumbList","@id":"https:\/\/www.aubergedecassagne.com\/de\/wo-sie-uns-finden\/#breadcrumb","itemListElement":[{"@type":"ListItem","position":1,"name":"Accueil","item":"https:\/\/www.aubergedecassagne.com\/de\/"},{"@type":"ListItem","position":2,"name":"Wo Sie uns finden"}]},{"@type":"WebSite","@id":"https:\/\/www.aubergedecassagne.com\/de\/#website","url":"https:\/\/www.aubergedecassagne.com\/de\/","name":"Auberge de Cassagne","description":"","potentialAction":[{"@type":"SearchAction","target":{"@type":"EntryPoint","urlTemplate":"https:\/\/www.aubergedecassagne.com\/de\/?s={search_term_string}"},"query-input":"required name=search_term_string"}],"inLanguage":"de-DE"}]}},"acf":[],"_links":{"self":[{"href":"https:\/\/www.aubergedecassagne.com\/de\/wp-json\/wp\/v2\/pages\/992"}],"collection":[{"href":"https:\/\/www.aubergedecassagne.com\/de\/wp-json\/wp\/v2\/pages"}],"about":[{"href":"https:\/\/www.aubergedecassagne.com\/de\/wp-json\/wp\/v2\/types\/page"}],"author":[{"embeddable":true,"href":"https:\/\/www.aubergedecassagne.com\/de\/wp-json\/wp\/v2\/users\/16"}],"replies":[{"embeddable":true,"href":"https:\/\/www.aubergedecassagne.com\/de\/wp-json\/wp\/v2\/comments?post=992"}],"version-history":[{"count":0,"href":"https:\/\/www.aubergedecassagne.com\/de\/wp-json\/wp\/v2\/pages\/992\/revisions"}],"wp:featuredmedia":[{"embeddable":true,"href":"https:\/\/www.aubergedecassagne.com\/de\/wp-json\/wp\/v2\/media\/679"}],"wp:attachment":[{"href":"https:\/\/www.aubergedecassagne.com\/de\/wp-json\/wp\/v2\/media?parent=992"}],"curies":[{"name":"wp","href":"https:\/\/api.w.org\/{rel}","templated":true}]}}