{"id":989,"date":"2023-12-04T11:22:06","date_gmt":"2023-12-04T10:22:06","guid":{"rendered":"https:\/\/www.aubergedecassagne.com\/organisation-veranstaltungen-avignon\/receptions-evenements-prives\/"},"modified":"2025-12-24T12:49:18","modified_gmt":"2025-12-24T11:49:18","slug":"empfaenge-private-veranstaltungen","status":"publish","type":"page","link":"https:\/\/www.aubergedecassagne.com\/de\/organisation-veranstaltungen-avignon\/empfaenge-private-veranstaltungen\/","title":{"rendered":"Empf\u00e4nge &amp; private Veranstaltungen"},"content":{"rendered":"<p style=\"text-align: center\">In einer zauberhaften Umgebung, gepr\u00e4gt vom blumigen Duft der Provence, begleiten Sie die Auberge de Cassagne &amp; Spa und ihr gesamtes Team bei der Organisation all Ihrer privaten Veranstaltungen. Ob Empf\u00e4nge, Hochzeiten, Bankette, Familientreffen oder Cocktails \u2013 jeder dieser Anl\u00e4sse findet an einem Ort statt, der wie geschaffen ist f\u00fcr die sch\u00f6nen Momente des Lebens.<\/p>\n<p style=\"text-align: center\">Die famili\u00e4re Atmosph\u00e4re in unserem Hotel l\u00e4dt geradezu dazu ein, eine Veranstaltung der Extraklasse zu organisieren.<\/p>\n<p style=\"text-align: center\">Unsere vier R\u00e4ume mit einer Gr\u00f6\u00dfe von 20 bis 85 m\u00b2 sind flexibel aufgebaut und k\u00f6nnen ihre Kapazit\u00e4t an die Art Ihrer Veranstaltung anpassen. Selbstverst\u00e4ndlich k\u00f6nnen Sie auch die Einrichtungen des Hotels nutzen, wie beispielsweise den Au\u00dfenpool oder den Spa- und Wellnessbereich<span style=\"font-weight: 400\"> (nach vorheriger Reservierung).<\/span>.<\/p>\n<p style=\"text-align: center\">Das Gourmetrestaurant, die Terrasse, der Park und die gr\u00fcne Oase, in der sich das Hotel befindet, sind der ideale Ort f\u00fcr einen Empfang, eine Hochzeit oder ein Bankett. Die elegante Atmosph\u00e4re, die schattige Terrasse und die stilvolle Einrichtung bilden den idealen Rahmen f\u00fcr eine wichtige private Veranstaltung.<\/p>\n<blockquote>\n<p style=\"text-align: center\">Unser Team steht Ihnen bei der Organisation Ihrer Veranstaltung zur Seite, damit dieser Tag zu einem ganz besonderen Erlebnis wird.<\/p>\n<\/blockquote>\n","protected":false},"excerpt":{"rendered":"<p>In einer zauberhaften Umgebung, gepr\u00e4gt vom blumigen Duft der Provence, begleiten Sie die Auberge de Cassagne &amp; Spa und ihr gesamtes Team bei der Organisation all Ihrer privaten Veranstaltungen. Ob Empf\u00e4nge, Hochzeiten, Bankette, Familientreffen oder Cocktails \u2013 jeder dieser Anl\u00e4sse findet an einem Ort statt, der wie geschaffen ist f\u00fcr die sch\u00f6nen Momente des Lebens. [&hellip;]<\/p>\n","protected":false},"author":16,"featured_media":174,"parent":983,"menu_order":520,"comment_status":"closed","ping_status":"closed","template":"template-single-meeting-template.php","meta":{"footnotes":""},"yoast_head":"<!-- This site is optimized with the Yoast SEO plugin v22.3 - https:\/\/yoast.com\/wordpress\/plugins\/seo\/ -->\n<title>Private Events, Empf\u00e4nge und Bankette in Avignon | Auberge de Cassagne<\/title>\n<meta name=\"description\" content=\"Auberge de Cassagne, die perfekte Wahl f\u00fcr Ihre n\u00e4chste private Veranstaltung in Avingon. Empf\u00e4nge, Bankette usw.: Erfahren Sie mehr \u00fcber unsere Angebote und Leistungen.\" \/>\n<meta name=\"robots\" content=\"index, follow, max-snippet:-1, max-image-preview:large, max-video-preview:-1\" \/>\n<link rel=\"canonical\" href=\"https:\/\/www.aubergedecassagne.com\/de\/organisation-veranstaltungen-avignon\/empfaenge-private-veranstaltungen\/\" \/>\n<meta property=\"og:locale\" content=\"de_DE\" \/>\n<meta property=\"og:type\" content=\"article\" \/>\n<meta property=\"og:title\" content=\"Private Events, Empf\u00e4nge und Bankette in Avignon | Auberge de Cassagne\" \/>\n<meta property=\"og:description\" content=\"Auberge de Cassagne, die perfekte Wahl f\u00fcr Ihre n\u00e4chste private Veranstaltung in Avingon. Empf\u00e4nge, Bankette usw.: Erfahren Sie mehr \u00fcber unsere Angebote und Leistungen.\" \/>\n<meta property=\"og:url\" content=\"https:\/\/www.aubergedecassagne.com\/de\/organisation-veranstaltungen-avignon\/empfaenge-private-veranstaltungen\/\" \/>\n<meta property=\"og:site_name\" content=\"Auberge de Cassagne\" \/>\n<meta property=\"article:modified_time\" content=\"2025-12-24T11:49:18+00:00\" \/>\n<meta property=\"og:image\" content=\"https:\/\/www.aubergedecassagne.com\/wp-content\/uploads\/sites\/75\/2023\/11\/Aubergedecassagnespa-restaurant_terrasse_soiree_vasques.jpg\" \/>\n\t<meta property=\"og:image:width\" content=\"2200\" \/>\n\t<meta property=\"og:image:height\" content=\"1100\" \/>\n\t<meta property=\"og:image:type\" content=\"image\/jpeg\" \/>\n<meta name=\"twitter:card\" content=\"summary_large_image\" \/>\n<meta name=\"twitter:label1\" content=\"Gesch\u00e4tzte Lesezeit\" \/>\n\t<meta name=\"twitter:data1\" content=\"2 Minuten\" \/>\n<script type=\"application\/ld+json\" class=\"yoast-schema-graph\">{\"@context\":\"https:\/\/schema.org\",\"@graph\":[{\"@type\":\"WebPage\",\"@id\":\"https:\/\/www.aubergedecassagne.com\/de\/organisation-veranstaltungen-avignon\/empfaenge-private-veranstaltungen\/\",\"url\":\"https:\/\/www.aubergedecassagne.com\/de\/organisation-veranstaltungen-avignon\/empfaenge-private-veranstaltungen\/\",\"name\":\"Private Events, Empf\u00e4nge und Bankette in Avignon | Auberge de Cassagne\",\"isPartOf\":{\"@id\":\"https:\/\/www.aubergedecassagne.com\/de\/#website\"},\"primaryImageOfPage\":{\"@id\":\"https:\/\/www.aubergedecassagne.com\/de\/organisation-veranstaltungen-avignon\/empfaenge-private-veranstaltungen\/#primaryimage\"},\"image\":{\"@id\":\"https:\/\/www.aubergedecassagne.com\/de\/organisation-veranstaltungen-avignon\/empfaenge-private-veranstaltungen\/#primaryimage\"},\"thumbnailUrl\":\"https:\/\/www.aubergedecassagne.com\/wp-content\/uploads\/sites\/75\/2023\/11\/Aubergedecassagnespa-restaurant_terrasse_soiree_vasques.jpg\",\"datePublished\":\"2023-12-04T10:22:06+00:00\",\"dateModified\":\"2025-12-24T11:49:18+00:00\",\"description\":\"Auberge de Cassagne, die perfekte Wahl f\u00fcr Ihre n\u00e4chste private Veranstaltung in Avingon. Empf\u00e4nge, Bankette usw.: Erfahren Sie mehr \u00fcber unsere Angebote und Leistungen.\",\"breadcrumb\":{\"@id\":\"https:\/\/www.aubergedecassagne.com\/de\/organisation-veranstaltungen-avignon\/empfaenge-private-veranstaltungen\/#breadcrumb\"},\"inLanguage\":\"de-DE\",\"potentialAction\":[{\"@type\":\"ReadAction\",\"target\":[\"https:\/\/www.aubergedecassagne.com\/de\/organisation-veranstaltungen-avignon\/empfaenge-private-veranstaltungen\/\"]}]},{\"@type\":\"ImageObject\",\"inLanguage\":\"de-DE\",\"@id\":\"https:\/\/www.aubergedecassagne.com\/de\/organisation-veranstaltungen-avignon\/empfaenge-private-veranstaltungen\/#primaryimage\",\"url\":\"https:\/\/www.aubergedecassagne.com\/wp-content\/uploads\/sites\/75\/2023\/11\/Aubergedecassagnespa-restaurant_terrasse_soiree_vasques.jpg\",\"contentUrl\":\"https:\/\/www.aubergedecassagne.com\/wp-content\/uploads\/sites\/75\/2023\/11\/Aubergedecassagnespa-restaurant_terrasse_soiree_vasques.jpg\",\"width\":2200,\"height\":1100},{\"@type\":\"BreadcrumbList\",\"@id\":\"https:\/\/www.aubergedecassagne.com\/de\/organisation-veranstaltungen-avignon\/empfaenge-private-veranstaltungen\/#breadcrumb\",\"itemListElement\":[{\"@type\":\"ListItem\",\"position\":1,\"name\":\"Accueil\",\"item\":\"https:\/\/www.aubergedecassagne.com\/de\/\"},{\"@type\":\"ListItem\",\"position\":2,\"name\":\"Organisation von Veranstaltungen in Avignon\",\"item\":\"https:\/\/www.aubergedecassagne.com\/de\/organisation-veranstaltungen-avignon\/\"},{\"@type\":\"ListItem\",\"position\":3,\"name\":\"Empf\u00e4nge &amp; private Veranstaltungen\"}]},{\"@type\":\"WebSite\",\"@id\":\"https:\/\/www.aubergedecassagne.com\/de\/#website\",\"url\":\"https:\/\/www.aubergedecassagne.com\/de\/\",\"name\":\"Auberge de Cassagne\",\"description\":\"\",\"potentialAction\":[{\"@type\":\"SearchAction\",\"target\":{\"@type\":\"EntryPoint\",\"urlTemplate\":\"https:\/\/www.aubergedecassagne.com\/de\/?s={search_term_string}\"},\"query-input\":\"required name=search_term_string\"}],\"inLanguage\":\"de-DE\"}]}<\/script>\n<!-- \/ Yoast SEO plugin. -->","yoast_head_json":{"title":"Private Events, Empf\u00e4nge und Bankette in Avignon | Auberge de Cassagne","description":"Auberge de Cassagne, die perfekte Wahl f\u00fcr Ihre n\u00e4chste private Veranstaltung in Avingon. Empf\u00e4nge, Bankette usw.: Erfahren Sie mehr \u00fcber unsere Angebote und Leistungen.","robots":{"index":"index","follow":"follow","max-snippet":"max-snippet:-1","max-image-preview":"max-image-preview:large","max-video-preview":"max-video-preview:-1"},"canonical":"https:\/\/www.aubergedecassagne.com\/de\/organisation-veranstaltungen-avignon\/empfaenge-private-veranstaltungen\/","og_locale":"de_DE","og_type":"article","og_title":"Private Events, Empf\u00e4nge und Bankette in Avignon | Auberge de Cassagne","og_description":"Auberge de Cassagne, die perfekte Wahl f\u00fcr Ihre n\u00e4chste private Veranstaltung in Avingon. Empf\u00e4nge, Bankette usw.: Erfahren Sie mehr \u00fcber unsere Angebote und Leistungen.","og_url":"https:\/\/www.aubergedecassagne.com\/de\/organisation-veranstaltungen-avignon\/empfaenge-private-veranstaltungen\/","og_site_name":"Auberge de Cassagne","article_modified_time":"2025-12-24T11:49:18+00:00","og_image":[{"width":2200,"height":1100,"url":"https:\/\/www.aubergedecassagne.com\/wp-content\/uploads\/sites\/75\/2023\/11\/Aubergedecassagnespa-restaurant_terrasse_soiree_vasques.jpg","type":"image\/jpeg"}],"twitter_card":"summary_large_image","twitter_misc":{"Gesch\u00e4tzte Lesezeit":"2 Minuten"},"schema":{"@context":"https:\/\/schema.org","@graph":[{"@type":"WebPage","@id":"https:\/\/www.aubergedecassagne.com\/de\/organisation-veranstaltungen-avignon\/empfaenge-private-veranstaltungen\/","url":"https:\/\/www.aubergedecassagne.com\/de\/organisation-veranstaltungen-avignon\/empfaenge-private-veranstaltungen\/","name":"Private Events, Empf\u00e4nge und Bankette in Avignon | Auberge de Cassagne","isPartOf":{"@id":"https:\/\/www.aubergedecassagne.com\/de\/#website"},"primaryImageOfPage":{"@id":"https:\/\/www.aubergedecassagne.com\/de\/organisation-veranstaltungen-avignon\/empfaenge-private-veranstaltungen\/#primaryimage"},"image":{"@id":"https:\/\/www.aubergedecassagne.com\/de\/organisation-veranstaltungen-avignon\/empfaenge-private-veranstaltungen\/#primaryimage"},"thumbnailUrl":"https:\/\/www.aubergedecassagne.com\/wp-content\/uploads\/sites\/75\/2023\/11\/Aubergedecassagnespa-restaurant_terrasse_soiree_vasques.jpg","datePublished":"2023-12-04T10:22:06+00:00","dateModified":"2025-12-24T11:49:18+00:00","description":"Auberge de Cassagne, die perfekte Wahl f\u00fcr Ihre n\u00e4chste private Veranstaltung in Avingon. Empf\u00e4nge, Bankette usw.: Erfahren Sie mehr \u00fcber unsere Angebote und Leistungen.","breadcrumb":{"@id":"https:\/\/www.aubergedecassagne.com\/de\/organisation-veranstaltungen-avignon\/empfaenge-private-veranstaltungen\/#breadcrumb"},"inLanguage":"de-DE","potentialAction":[{"@type":"ReadAction","target":["https:\/\/www.aubergedecassagne.com\/de\/organisation-veranstaltungen-avignon\/empfaenge-private-veranstaltungen\/"]}]},{"@type":"ImageObject","inLanguage":"de-DE","@id":"https:\/\/www.aubergedecassagne.com\/de\/organisation-veranstaltungen-avignon\/empfaenge-private-veranstaltungen\/#primaryimage","url":"https:\/\/www.aubergedecassagne.com\/wp-content\/uploads\/sites\/75\/2023\/11\/Aubergedecassagnespa-restaurant_terrasse_soiree_vasques.jpg","contentUrl":"https:\/\/www.aubergedecassagne.com\/wp-content\/uploads\/sites\/75\/2023\/11\/Aubergedecassagnespa-restaurant_terrasse_soiree_vasques.jpg","width":2200,"height":1100},{"@type":"BreadcrumbList","@id":"https:\/\/www.aubergedecassagne.com\/de\/organisation-veranstaltungen-avignon\/empfaenge-private-veranstaltungen\/#breadcrumb","itemListElement":[{"@type":"ListItem","position":1,"name":"Accueil","item":"https:\/\/www.aubergedecassagne.com\/de\/"},{"@type":"ListItem","position":2,"name":"Organisation von Veranstaltungen in Avignon","item":"https:\/\/www.aubergedecassagne.com\/de\/organisation-veranstaltungen-avignon\/"},{"@type":"ListItem","position":3,"name":"Empf\u00e4nge &amp; private Veranstaltungen"}]},{"@type":"WebSite","@id":"https:\/\/www.aubergedecassagne.com\/de\/#website","url":"https:\/\/www.aubergedecassagne.com\/de\/","name":"Auberge de Cassagne","description":"","potentialAction":[{"@type":"SearchAction","target":{"@type":"EntryPoint","urlTemplate":"https:\/\/www.aubergedecassagne.com\/de\/?s={search_term_string}"},"query-input":"required name=search_term_string"}],"inLanguage":"de-DE"}]}},"acf":[],"_links":{"self":[{"href":"https:\/\/www.aubergedecassagne.com\/de\/wp-json\/wp\/v2\/pages\/989"}],"collection":[{"href":"https:\/\/www.aubergedecassagne.com\/de\/wp-json\/wp\/v2\/pages"}],"about":[{"href":"https:\/\/www.aubergedecassagne.com\/de\/wp-json\/wp\/v2\/types\/page"}],"author":[{"embeddable":true,"href":"https:\/\/www.aubergedecassagne.com\/de\/wp-json\/wp\/v2\/users\/16"}],"replies":[{"embeddable":true,"href":"https:\/\/www.aubergedecassagne.com\/de\/wp-json\/wp\/v2\/comments?post=989"}],"version-history":[{"count":0,"href":"https:\/\/www.aubergedecassagne.com\/de\/wp-json\/wp\/v2\/pages\/989\/revisions"}],"up":[{"embeddable":true,"href":"https:\/\/www.aubergedecassagne.com\/de\/wp-json\/wp\/v2\/pages\/983"}],"wp:featuredmedia":[{"embeddable":true,"href":"https:\/\/www.aubergedecassagne.com\/de\/wp-json\/wp\/v2\/media\/174"}],"wp:attachment":[{"href":"https:\/\/www.aubergedecassagne.com\/de\/wp-json\/wp\/v2\/media?parent=989"}],"curies":[{"name":"wp","href":"https:\/\/api.w.org\/{rel}","templated":true}]}}