{"id":986,"date":"2023-10-27T15:55:04","date_gmt":"2023-10-27T13:55:04","guid":{"rendered":"https:\/\/www.aubergedecassagne.com\/organisation-veranstaltungen-avignon\/seminaire-evenements-professionnels\/"},"modified":"2025-12-24T12:49:48","modified_gmt":"2025-12-24T11:49:48","slug":"seminare-firmenevents","status":"publish","type":"page","link":"https:\/\/www.aubergedecassagne.com\/de\/organisation-veranstaltungen-avignon\/seminare-firmenevents\/","title":{"rendered":"Seminare &amp; Firmenevents"},"content":{"rendered":"<p style=\"text-align: center\"><span style=\"font-weight: 400\">Die Auberge de Cassagne &amp; Spa stellt Ihnen ihr gesamtes Know-how zur Verf\u00fcgung, um Sie bei der Organisation Ihrer Firmenevents, Gesch\u00e4ftstreffen oder Seminare in der Provence zu unterst\u00fctzen.<\/span><\/p>\n<p style=\"text-align: center\"><span style=\"font-weight: 400\">Unser Hotel verf\u00fcgt \u00fcber vier flexibel gestaltbare Veranstaltungsr\u00e4ume von 20 bis 85 m\u00b2, die beispielsweise f\u00fcr Empf\u00e4nge bis zu 80 Personen geeignet sind. Alle sind mit <\/span><span style=\"font-weight: 400\"> Flipchart, Leinwand, Beamer, Internet- und WLAN-Zugang, Klimaanlage, Notizbl\u00f6cken, Stiften und Erfrischungen ausgestattet.<\/span><\/p>\n<p style=\"text-align: center\"><span style=\"font-weight: 400\">Da es uns am Herzen liegt, Sie bei dieser Organisation zu unterst\u00fctzen, passen wir die Gestaltung unserer R\u00e4ume an die Art der Veranstaltung an, die Sie organisieren m\u00f6chten.<\/span><\/p>\n<p style=\"text-align: center\"><span style=\"font-weight: 400\">F\u00fcr Gesch\u00e4ftsessen, Firmenessen oder einfach als Abwechslung w\u00e4hrend Ihrer Seminartage in der Provence bieten wir Ihnen auch reservierte Bereiche in unserem Gourmetrestaurant unter der Leitung unseres gesamten Restaurantteams an.<\/span><\/p>\n<p style=\"text-align: center\"><span style=\"font-weight: 400\">Auf Voranmeldung und f\u00fcr kleine Gruppen k\u00f6nnen wir Ihnen auch alle Entspannungs- und Wellnesseinrichtungen des Hotels zur Verf\u00fcgung stellen, darunter das Spa und den Pool.<\/span><\/p>\n<blockquote>\n<p style=\"text-align: center\"><span style=\"font-weight: 400\">Unsere erfahrenes Teams stellen Ihr  Know-how zur Verf\u00fcgung, um  Ihre Gesch\u00e4ftsveranstaltung zu einem einzigartigen und ma\u00dfgeschneiderten Erlebnis machen. Wir bieten Ihnen ein vielf\u00e4ltiges Leistungsangebot zur Auswahl.<\/span><\/p>\n<p style=\"text-align: center\"><span style=\"font-weight: 400\">Kontaktieren Sie uns, damit wir gemeinsam mit Ihnen Ihren Bedarf einsch\u00e4tzen und Ihre Erwartungen bestm\u00f6glich erf\u00fcllen k\u00f6nnen.<\/span><\/p>\n<\/blockquote>\n","protected":false},"excerpt":{"rendered":"<p>Die Auberge de Cassagne &amp; Spa stellt Ihnen ihr gesamtes Know-how zur Verf\u00fcgung, um Sie bei der Organisation Ihrer Firmenevents, Gesch\u00e4ftstreffen oder Seminare in der Provence zu unterst\u00fctzen. Unser Hotel verf\u00fcgt \u00fcber vier flexibel gestaltbare Veranstaltungsr\u00e4ume von 20 bis 85 m\u00b2, die beispielsweise f\u00fcr Empf\u00e4nge bis zu 80 Personen geeignet sind. Alle sind mit Flipchart, [&hellip;]<\/p>\n","protected":false},"author":16,"featured_media":175,"parent":983,"menu_order":510,"comment_status":"closed","ping_status":"closed","template":"template-single-meeting-template.php","meta":{"footnotes":""},"yoast_head":"<!-- This site is optimized with the Yoast SEO plugin v22.3 - https:\/\/yoast.com\/wordpress\/plugins\/seo\/ -->\n<title>Meetings und Seminare in der Provence| Auberge de Cassagne &amp; Spa<\/title>\n<meta name=\"description\" content=\"Die Auberge de Cassagne ist die perfekte Wahl f\u00fcr Ihre n\u00e4chste gesch\u00e4ftliche Veranstaltung in Avignon. Seminare, Meetings und Schulungen in der Provence.\" \/>\n<meta name=\"robots\" content=\"index, follow, max-snippet:-1, max-image-preview:large, max-video-preview:-1\" \/>\n<link rel=\"canonical\" href=\"https:\/\/www.aubergedecassagne.com\/de\/organisation-veranstaltungen-avignon\/seminare-firmenevents\/\" \/>\n<meta property=\"og:locale\" content=\"de_DE\" \/>\n<meta property=\"og:type\" content=\"article\" \/>\n<meta property=\"og:title\" content=\"Meetings und Seminare in der Provence| Auberge de Cassagne &amp; Spa\" \/>\n<meta property=\"og:description\" content=\"Die Auberge de Cassagne ist die perfekte Wahl f\u00fcr Ihre n\u00e4chste gesch\u00e4ftliche Veranstaltung in Avignon. Seminare, Meetings und Schulungen in der Provence.\" \/>\n<meta property=\"og:url\" content=\"https:\/\/www.aubergedecassagne.com\/de\/organisation-veranstaltungen-avignon\/seminare-firmenevents\/\" \/>\n<meta property=\"og:site_name\" content=\"Auberge de Cassagne\" \/>\n<meta property=\"article:modified_time\" content=\"2025-12-24T11:49:48+00:00\" \/>\n<meta property=\"og:image\" content=\"https:\/\/www.aubergedecassagne.com\/wp-content\/uploads\/sites\/75\/2023\/11\/Aubergedecassagnespa-reunions_vue_jardin.jpg\" \/>\n\t<meta property=\"og:image:width\" content=\"2200\" \/>\n\t<meta property=\"og:image:height\" content=\"1100\" \/>\n\t<meta property=\"og:image:type\" content=\"image\/jpeg\" \/>\n<meta name=\"twitter:card\" content=\"summary_large_image\" \/>\n<meta name=\"twitter:label1\" content=\"Gesch\u00e4tzte Lesezeit\" \/>\n\t<meta name=\"twitter:data1\" content=\"1 Minute\" \/>\n<script type=\"application\/ld+json\" class=\"yoast-schema-graph\">{\"@context\":\"https:\/\/schema.org\",\"@graph\":[{\"@type\":\"WebPage\",\"@id\":\"https:\/\/www.aubergedecassagne.com\/de\/organisation-veranstaltungen-avignon\/seminare-firmenevents\/\",\"url\":\"https:\/\/www.aubergedecassagne.com\/de\/organisation-veranstaltungen-avignon\/seminare-firmenevents\/\",\"name\":\"Meetings und Seminare in der Provence| Auberge de Cassagne & Spa\",\"isPartOf\":{\"@id\":\"https:\/\/www.aubergedecassagne.com\/de\/#website\"},\"primaryImageOfPage\":{\"@id\":\"https:\/\/www.aubergedecassagne.com\/de\/organisation-veranstaltungen-avignon\/seminare-firmenevents\/#primaryimage\"},\"image\":{\"@id\":\"https:\/\/www.aubergedecassagne.com\/de\/organisation-veranstaltungen-avignon\/seminare-firmenevents\/#primaryimage\"},\"thumbnailUrl\":\"https:\/\/www.aubergedecassagne.com\/wp-content\/uploads\/sites\/75\/2023\/11\/Aubergedecassagnespa-reunions_vue_jardin.jpg\",\"datePublished\":\"2023-10-27T13:55:04+00:00\",\"dateModified\":\"2025-12-24T11:49:48+00:00\",\"description\":\"Die Auberge de Cassagne ist die perfekte Wahl f\u00fcr Ihre n\u00e4chste gesch\u00e4ftliche Veranstaltung in Avignon. Seminare, Meetings und Schulungen in der Provence.\",\"breadcrumb\":{\"@id\":\"https:\/\/www.aubergedecassagne.com\/de\/organisation-veranstaltungen-avignon\/seminare-firmenevents\/#breadcrumb\"},\"inLanguage\":\"de-DE\",\"potentialAction\":[{\"@type\":\"ReadAction\",\"target\":[\"https:\/\/www.aubergedecassagne.com\/de\/organisation-veranstaltungen-avignon\/seminare-firmenevents\/\"]}]},{\"@type\":\"ImageObject\",\"inLanguage\":\"de-DE\",\"@id\":\"https:\/\/www.aubergedecassagne.com\/de\/organisation-veranstaltungen-avignon\/seminare-firmenevents\/#primaryimage\",\"url\":\"https:\/\/www.aubergedecassagne.com\/wp-content\/uploads\/sites\/75\/2023\/11\/Aubergedecassagnespa-reunions_vue_jardin.jpg\",\"contentUrl\":\"https:\/\/www.aubergedecassagne.com\/wp-content\/uploads\/sites\/75\/2023\/11\/Aubergedecassagnespa-reunions_vue_jardin.jpg\",\"width\":2200,\"height\":1100},{\"@type\":\"BreadcrumbList\",\"@id\":\"https:\/\/www.aubergedecassagne.com\/de\/organisation-veranstaltungen-avignon\/seminare-firmenevents\/#breadcrumb\",\"itemListElement\":[{\"@type\":\"ListItem\",\"position\":1,\"name\":\"Accueil\",\"item\":\"https:\/\/www.aubergedecassagne.com\/de\/\"},{\"@type\":\"ListItem\",\"position\":2,\"name\":\"Organisation von Veranstaltungen in Avignon\",\"item\":\"https:\/\/www.aubergedecassagne.com\/de\/organisation-veranstaltungen-avignon\/\"},{\"@type\":\"ListItem\",\"position\":3,\"name\":\"Seminare &amp; Firmenevents\"}]},{\"@type\":\"WebSite\",\"@id\":\"https:\/\/www.aubergedecassagne.com\/de\/#website\",\"url\":\"https:\/\/www.aubergedecassagne.com\/de\/\",\"name\":\"Auberge de Cassagne\",\"description\":\"\",\"potentialAction\":[{\"@type\":\"SearchAction\",\"target\":{\"@type\":\"EntryPoint\",\"urlTemplate\":\"https:\/\/www.aubergedecassagne.com\/de\/?s={search_term_string}\"},\"query-input\":\"required name=search_term_string\"}],\"inLanguage\":\"de-DE\"}]}<\/script>\n<!-- \/ Yoast SEO plugin. -->","yoast_head_json":{"title":"Meetings und Seminare in der Provence| Auberge de Cassagne & Spa","description":"Die Auberge de Cassagne ist die perfekte Wahl f\u00fcr Ihre n\u00e4chste gesch\u00e4ftliche Veranstaltung in Avignon. Seminare, Meetings und Schulungen in der Provence.","robots":{"index":"index","follow":"follow","max-snippet":"max-snippet:-1","max-image-preview":"max-image-preview:large","max-video-preview":"max-video-preview:-1"},"canonical":"https:\/\/www.aubergedecassagne.com\/de\/organisation-veranstaltungen-avignon\/seminare-firmenevents\/","og_locale":"de_DE","og_type":"article","og_title":"Meetings und Seminare in der Provence| Auberge de Cassagne & Spa","og_description":"Die Auberge de Cassagne ist die perfekte Wahl f\u00fcr Ihre n\u00e4chste gesch\u00e4ftliche Veranstaltung in Avignon. Seminare, Meetings und Schulungen in der Provence.","og_url":"https:\/\/www.aubergedecassagne.com\/de\/organisation-veranstaltungen-avignon\/seminare-firmenevents\/","og_site_name":"Auberge de Cassagne","article_modified_time":"2025-12-24T11:49:48+00:00","og_image":[{"width":2200,"height":1100,"url":"https:\/\/www.aubergedecassagne.com\/wp-content\/uploads\/sites\/75\/2023\/11\/Aubergedecassagnespa-reunions_vue_jardin.jpg","type":"image\/jpeg"}],"twitter_card":"summary_large_image","twitter_misc":{"Gesch\u00e4tzte Lesezeit":"1 Minute"},"schema":{"@context":"https:\/\/schema.org","@graph":[{"@type":"WebPage","@id":"https:\/\/www.aubergedecassagne.com\/de\/organisation-veranstaltungen-avignon\/seminare-firmenevents\/","url":"https:\/\/www.aubergedecassagne.com\/de\/organisation-veranstaltungen-avignon\/seminare-firmenevents\/","name":"Meetings und Seminare in der Provence| Auberge de Cassagne & Spa","isPartOf":{"@id":"https:\/\/www.aubergedecassagne.com\/de\/#website"},"primaryImageOfPage":{"@id":"https:\/\/www.aubergedecassagne.com\/de\/organisation-veranstaltungen-avignon\/seminare-firmenevents\/#primaryimage"},"image":{"@id":"https:\/\/www.aubergedecassagne.com\/de\/organisation-veranstaltungen-avignon\/seminare-firmenevents\/#primaryimage"},"thumbnailUrl":"https:\/\/www.aubergedecassagne.com\/wp-content\/uploads\/sites\/75\/2023\/11\/Aubergedecassagnespa-reunions_vue_jardin.jpg","datePublished":"2023-10-27T13:55:04+00:00","dateModified":"2025-12-24T11:49:48+00:00","description":"Die Auberge de Cassagne ist die perfekte Wahl f\u00fcr Ihre n\u00e4chste gesch\u00e4ftliche Veranstaltung in Avignon. Seminare, Meetings und Schulungen in der Provence.","breadcrumb":{"@id":"https:\/\/www.aubergedecassagne.com\/de\/organisation-veranstaltungen-avignon\/seminare-firmenevents\/#breadcrumb"},"inLanguage":"de-DE","potentialAction":[{"@type":"ReadAction","target":["https:\/\/www.aubergedecassagne.com\/de\/organisation-veranstaltungen-avignon\/seminare-firmenevents\/"]}]},{"@type":"ImageObject","inLanguage":"de-DE","@id":"https:\/\/www.aubergedecassagne.com\/de\/organisation-veranstaltungen-avignon\/seminare-firmenevents\/#primaryimage","url":"https:\/\/www.aubergedecassagne.com\/wp-content\/uploads\/sites\/75\/2023\/11\/Aubergedecassagnespa-reunions_vue_jardin.jpg","contentUrl":"https:\/\/www.aubergedecassagne.com\/wp-content\/uploads\/sites\/75\/2023\/11\/Aubergedecassagnespa-reunions_vue_jardin.jpg","width":2200,"height":1100},{"@type":"BreadcrumbList","@id":"https:\/\/www.aubergedecassagne.com\/de\/organisation-veranstaltungen-avignon\/seminare-firmenevents\/#breadcrumb","itemListElement":[{"@type":"ListItem","position":1,"name":"Accueil","item":"https:\/\/www.aubergedecassagne.com\/de\/"},{"@type":"ListItem","position":2,"name":"Organisation von Veranstaltungen in Avignon","item":"https:\/\/www.aubergedecassagne.com\/de\/organisation-veranstaltungen-avignon\/"},{"@type":"ListItem","position":3,"name":"Seminare &amp; Firmenevents"}]},{"@type":"WebSite","@id":"https:\/\/www.aubergedecassagne.com\/de\/#website","url":"https:\/\/www.aubergedecassagne.com\/de\/","name":"Auberge de Cassagne","description":"","potentialAction":[{"@type":"SearchAction","target":{"@type":"EntryPoint","urlTemplate":"https:\/\/www.aubergedecassagne.com\/de\/?s={search_term_string}"},"query-input":"required name=search_term_string"}],"inLanguage":"de-DE"}]}},"acf":[],"_links":{"self":[{"href":"https:\/\/www.aubergedecassagne.com\/de\/wp-json\/wp\/v2\/pages\/986"}],"collection":[{"href":"https:\/\/www.aubergedecassagne.com\/de\/wp-json\/wp\/v2\/pages"}],"about":[{"href":"https:\/\/www.aubergedecassagne.com\/de\/wp-json\/wp\/v2\/types\/page"}],"author":[{"embeddable":true,"href":"https:\/\/www.aubergedecassagne.com\/de\/wp-json\/wp\/v2\/users\/16"}],"replies":[{"embeddable":true,"href":"https:\/\/www.aubergedecassagne.com\/de\/wp-json\/wp\/v2\/comments?post=986"}],"version-history":[{"count":0,"href":"https:\/\/www.aubergedecassagne.com\/de\/wp-json\/wp\/v2\/pages\/986\/revisions"}],"up":[{"embeddable":true,"href":"https:\/\/www.aubergedecassagne.com\/de\/wp-json\/wp\/v2\/pages\/983"}],"wp:featuredmedia":[{"embeddable":true,"href":"https:\/\/www.aubergedecassagne.com\/de\/wp-json\/wp\/v2\/media\/175"}],"wp:attachment":[{"href":"https:\/\/www.aubergedecassagne.com\/de\/wp-json\/wp\/v2\/media?parent=986"}],"curies":[{"name":"wp","href":"https:\/\/api.w.org\/{rel}","templated":true}]}}