{"id":978,"date":"2023-10-27T15:50:43","date_gmt":"2023-10-27T13:50:43","guid":{"rendered":"https:\/\/www.aubergedecassagne.com\/spa-wellness-aktivitaeten\/salle-de-fitness\/"},"modified":"2025-12-23T16:57:49","modified_gmt":"2025-12-23T15:57:49","slug":"fitnessraum","status":"publish","type":"page","link":"https:\/\/www.aubergedecassagne.com\/de\/spa-wellness-aktivitaeten\/fitnessraum\/","title":{"rendered":"Fitnessraum"},"content":{"rendered":"<p style=\"text-align: center\"><span style=\"font-weight: 400\">Das Spa der Auberge de Cassagne, ganz in der N\u00e4he von Avignon, ist bekannt f\u00fcr sein umfassendes Serviceangebot f\u00fcr die G\u00e4ste. So hat das Hotel mehr als 500 m\u00b2 dieser Welt des Wohlbefindens und der Entspannung gewidmet, in der man alle Aktivit\u00e4ten findet, die der Erholung in einer Atmosph\u00e4re von Luxus und Gelassenheit gewidmet sind. Spa, Massagen &amp; Pflegebehandlungen, Fitness, Innenpool \u2013 hier finden Sie ein umfassendes Angebot an Aktivit\u00e4ten, um sich zu entspannen, zu erholen und fit zu bleiben.<\/span><\/p>\n<p style=\"text-align: center\"><span style=\"font-weight: 400\">Einer dieser Bereiche besteht aus einem Fitnessraum, in dem Sie Ger\u00e4te, Krafttrainingsger\u00e4te, Laufb\u00e4nder und Crosstrainer finden, um Ihre k\u00f6rperliche Fitness zu verbessern oder einfach nur zu erhalten.<\/span><\/p>\n<p style=\"text-align: center\"><span style=\"font-weight: 400\">Nach dem Sport empfiehlt es sich, sich zu entspannen oder mit einer anderen Art von Fitness fortzufahren. Dazu bieten wir Ihnen einen beheizten Innenpool.<\/span><\/p>\n<p style=\"text-align: center\"><span style=\"font-weight: 400\">Das Spa der Auberge de Cassagne ist mehr als nur ein Ort, es ist ein echter Komplex, der ganz dem Wohlbefinden und der Fitness gewidmet ist.<\/span><\/p>\n","protected":false},"excerpt":{"rendered":"<p>Das Spa der Auberge de Cassagne, ganz in der N\u00e4he von Avignon, ist bekannt f\u00fcr sein umfassendes Serviceangebot f\u00fcr die G\u00e4ste. So hat das Hotel mehr als 500 m\u00b2 dieser Welt des Wohlbefindens und der Entspannung gewidmet, in der man alle Aktivit\u00e4ten findet, die der Erholung in einer Atmosph\u00e4re von Luxus und Gelassenheit gewidmet sind. [&hellip;]<\/p>\n","protected":false},"author":16,"featured_media":180,"parent":964,"menu_order":450,"comment_status":"closed","ping_status":"closed","template":"template-single-activites-template.php","meta":{"footnotes":""},"yoast_head":"<!-- This site is optimized with the Yoast SEO plugin v22.3 - https:\/\/yoast.com\/wordpress\/plugins\/seo\/ -->\n<title>Hotel mit Fitnessraum in Avignon | Auberge de Cassagne &amp; Spa<\/title>\n<meta name=\"description\" content=\"Fitnessraum und Sportkurse im Hotel Auberge de Cassagne &amp; Spa in Avignon. Krafttraining, Crosstrainer, Laufband: Hier bleiben Sie fit und in Form.\" \/>\n<meta name=\"robots\" content=\"index, follow, max-snippet:-1, max-image-preview:large, max-video-preview:-1\" \/>\n<link rel=\"canonical\" href=\"https:\/\/www.aubergedecassagne.com\/de\/spa-wellness-aktivitaeten\/fitnessraum\/\" \/>\n<meta property=\"og:locale\" content=\"de_DE\" \/>\n<meta property=\"og:type\" content=\"article\" \/>\n<meta property=\"og:title\" content=\"Hotel mit Fitnessraum in Avignon | Auberge de Cassagne &amp; Spa\" \/>\n<meta property=\"og:description\" content=\"Fitnessraum und Sportkurse im Hotel Auberge de Cassagne &amp; Spa in Avignon. Krafttraining, Crosstrainer, Laufband: Hier bleiben Sie fit und in Form.\" \/>\n<meta property=\"og:url\" content=\"https:\/\/www.aubergedecassagne.com\/de\/spa-wellness-aktivitaeten\/fitnessraum\/\" \/>\n<meta property=\"og:site_name\" content=\"Auberge de Cassagne\" \/>\n<meta property=\"article:modified_time\" content=\"2025-12-23T15:57:49+00:00\" \/>\n<meta property=\"og:image\" content=\"https:\/\/www.aubergedecassagne.com\/wp-content\/uploads\/sites\/75\/2023\/11\/Aubergedecassagnespa-spa_fitness.jpg\" \/>\n\t<meta property=\"og:image:width\" content=\"2200\" \/>\n\t<meta property=\"og:image:height\" content=\"1100\" \/>\n\t<meta property=\"og:image:type\" content=\"image\/jpeg\" \/>\n<meta name=\"twitter:card\" content=\"summary_large_image\" \/>\n<meta name=\"twitter:label1\" content=\"Gesch\u00e4tzte Lesezeit\" \/>\n\t<meta name=\"twitter:data1\" content=\"1 Minute\" \/>\n<script type=\"application\/ld+json\" class=\"yoast-schema-graph\">{\"@context\":\"https:\/\/schema.org\",\"@graph\":[{\"@type\":\"WebPage\",\"@id\":\"https:\/\/www.aubergedecassagne.com\/de\/spa-wellness-aktivitaeten\/fitnessraum\/\",\"url\":\"https:\/\/www.aubergedecassagne.com\/de\/spa-wellness-aktivitaeten\/fitnessraum\/\",\"name\":\"Hotel mit Fitnessraum in Avignon | Auberge de Cassagne & Spa\",\"isPartOf\":{\"@id\":\"https:\/\/www.aubergedecassagne.com\/de\/#website\"},\"primaryImageOfPage\":{\"@id\":\"https:\/\/www.aubergedecassagne.com\/de\/spa-wellness-aktivitaeten\/fitnessraum\/#primaryimage\"},\"image\":{\"@id\":\"https:\/\/www.aubergedecassagne.com\/de\/spa-wellness-aktivitaeten\/fitnessraum\/#primaryimage\"},\"thumbnailUrl\":\"https:\/\/www.aubergedecassagne.com\/wp-content\/uploads\/sites\/75\/2023\/11\/Aubergedecassagnespa-spa_fitness.jpg\",\"datePublished\":\"2023-10-27T13:50:43+00:00\",\"dateModified\":\"2025-12-23T15:57:49+00:00\",\"description\":\"Fitnessraum und Sportkurse im Hotel Auberge de Cassagne & Spa in Avignon. Krafttraining, Crosstrainer, Laufband: Hier bleiben Sie fit und in Form.\",\"breadcrumb\":{\"@id\":\"https:\/\/www.aubergedecassagne.com\/de\/spa-wellness-aktivitaeten\/fitnessraum\/#breadcrumb\"},\"inLanguage\":\"de-DE\",\"potentialAction\":[{\"@type\":\"ReadAction\",\"target\":[\"https:\/\/www.aubergedecassagne.com\/de\/spa-wellness-aktivitaeten\/fitnessraum\/\"]}]},{\"@type\":\"ImageObject\",\"inLanguage\":\"de-DE\",\"@id\":\"https:\/\/www.aubergedecassagne.com\/de\/spa-wellness-aktivitaeten\/fitnessraum\/#primaryimage\",\"url\":\"https:\/\/www.aubergedecassagne.com\/wp-content\/uploads\/sites\/75\/2023\/11\/Aubergedecassagnespa-spa_fitness.jpg\",\"contentUrl\":\"https:\/\/www.aubergedecassagne.com\/wp-content\/uploads\/sites\/75\/2023\/11\/Aubergedecassagnespa-spa_fitness.jpg\",\"width\":2200,\"height\":1100},{\"@type\":\"BreadcrumbList\",\"@id\":\"https:\/\/www.aubergedecassagne.com\/de\/spa-wellness-aktivitaeten\/fitnessraum\/#breadcrumb\",\"itemListElement\":[{\"@type\":\"ListItem\",\"position\":1,\"name\":\"Accueil\",\"item\":\"https:\/\/www.aubergedecassagne.com\/de\/\"},{\"@type\":\"ListItem\",\"position\":2,\"name\":\"Spa &amp; Wellness \u2013 Aktivit\u00e4ten\",\"item\":\"https:\/\/www.aubergedecassagne.com\/de\/spa-wellness-aktivitaeten\/\"},{\"@type\":\"ListItem\",\"position\":3,\"name\":\"Fitnessraum\"}]},{\"@type\":\"WebSite\",\"@id\":\"https:\/\/www.aubergedecassagne.com\/de\/#website\",\"url\":\"https:\/\/www.aubergedecassagne.com\/de\/\",\"name\":\"Auberge de Cassagne\",\"description\":\"\",\"potentialAction\":[{\"@type\":\"SearchAction\",\"target\":{\"@type\":\"EntryPoint\",\"urlTemplate\":\"https:\/\/www.aubergedecassagne.com\/de\/?s={search_term_string}\"},\"query-input\":\"required name=search_term_string\"}],\"inLanguage\":\"de-DE\"}]}<\/script>\n<!-- \/ Yoast SEO plugin. -->","yoast_head_json":{"title":"Hotel mit Fitnessraum in Avignon | Auberge de Cassagne & Spa","description":"Fitnessraum und Sportkurse im Hotel Auberge de Cassagne & Spa in Avignon. Krafttraining, Crosstrainer, Laufband: Hier bleiben Sie fit und in Form.","robots":{"index":"index","follow":"follow","max-snippet":"max-snippet:-1","max-image-preview":"max-image-preview:large","max-video-preview":"max-video-preview:-1"},"canonical":"https:\/\/www.aubergedecassagne.com\/de\/spa-wellness-aktivitaeten\/fitnessraum\/","og_locale":"de_DE","og_type":"article","og_title":"Hotel mit Fitnessraum in Avignon | Auberge de Cassagne & Spa","og_description":"Fitnessraum und Sportkurse im Hotel Auberge de Cassagne & Spa in Avignon. Krafttraining, Crosstrainer, Laufband: Hier bleiben Sie fit und in Form.","og_url":"https:\/\/www.aubergedecassagne.com\/de\/spa-wellness-aktivitaeten\/fitnessraum\/","og_site_name":"Auberge de Cassagne","article_modified_time":"2025-12-23T15:57:49+00:00","og_image":[{"width":2200,"height":1100,"url":"https:\/\/www.aubergedecassagne.com\/wp-content\/uploads\/sites\/75\/2023\/11\/Aubergedecassagnespa-spa_fitness.jpg","type":"image\/jpeg"}],"twitter_card":"summary_large_image","twitter_misc":{"Gesch\u00e4tzte Lesezeit":"1 Minute"},"schema":{"@context":"https:\/\/schema.org","@graph":[{"@type":"WebPage","@id":"https:\/\/www.aubergedecassagne.com\/de\/spa-wellness-aktivitaeten\/fitnessraum\/","url":"https:\/\/www.aubergedecassagne.com\/de\/spa-wellness-aktivitaeten\/fitnessraum\/","name":"Hotel mit Fitnessraum in Avignon | Auberge de Cassagne & Spa","isPartOf":{"@id":"https:\/\/www.aubergedecassagne.com\/de\/#website"},"primaryImageOfPage":{"@id":"https:\/\/www.aubergedecassagne.com\/de\/spa-wellness-aktivitaeten\/fitnessraum\/#primaryimage"},"image":{"@id":"https:\/\/www.aubergedecassagne.com\/de\/spa-wellness-aktivitaeten\/fitnessraum\/#primaryimage"},"thumbnailUrl":"https:\/\/www.aubergedecassagne.com\/wp-content\/uploads\/sites\/75\/2023\/11\/Aubergedecassagnespa-spa_fitness.jpg","datePublished":"2023-10-27T13:50:43+00:00","dateModified":"2025-12-23T15:57:49+00:00","description":"Fitnessraum und Sportkurse im Hotel Auberge de Cassagne & Spa in Avignon. Krafttraining, Crosstrainer, Laufband: Hier bleiben Sie fit und in Form.","breadcrumb":{"@id":"https:\/\/www.aubergedecassagne.com\/de\/spa-wellness-aktivitaeten\/fitnessraum\/#breadcrumb"},"inLanguage":"de-DE","potentialAction":[{"@type":"ReadAction","target":["https:\/\/www.aubergedecassagne.com\/de\/spa-wellness-aktivitaeten\/fitnessraum\/"]}]},{"@type":"ImageObject","inLanguage":"de-DE","@id":"https:\/\/www.aubergedecassagne.com\/de\/spa-wellness-aktivitaeten\/fitnessraum\/#primaryimage","url":"https:\/\/www.aubergedecassagne.com\/wp-content\/uploads\/sites\/75\/2023\/11\/Aubergedecassagnespa-spa_fitness.jpg","contentUrl":"https:\/\/www.aubergedecassagne.com\/wp-content\/uploads\/sites\/75\/2023\/11\/Aubergedecassagnespa-spa_fitness.jpg","width":2200,"height":1100},{"@type":"BreadcrumbList","@id":"https:\/\/www.aubergedecassagne.com\/de\/spa-wellness-aktivitaeten\/fitnessraum\/#breadcrumb","itemListElement":[{"@type":"ListItem","position":1,"name":"Accueil","item":"https:\/\/www.aubergedecassagne.com\/de\/"},{"@type":"ListItem","position":2,"name":"Spa &amp; Wellness \u2013 Aktivit\u00e4ten","item":"https:\/\/www.aubergedecassagne.com\/de\/spa-wellness-aktivitaeten\/"},{"@type":"ListItem","position":3,"name":"Fitnessraum"}]},{"@type":"WebSite","@id":"https:\/\/www.aubergedecassagne.com\/de\/#website","url":"https:\/\/www.aubergedecassagne.com\/de\/","name":"Auberge de Cassagne","description":"","potentialAction":[{"@type":"SearchAction","target":{"@type":"EntryPoint","urlTemplate":"https:\/\/www.aubergedecassagne.com\/de\/?s={search_term_string}"},"query-input":"required name=search_term_string"}],"inLanguage":"de-DE"}]}},"acf":[],"_links":{"self":[{"href":"https:\/\/www.aubergedecassagne.com\/de\/wp-json\/wp\/v2\/pages\/978"}],"collection":[{"href":"https:\/\/www.aubergedecassagne.com\/de\/wp-json\/wp\/v2\/pages"}],"about":[{"href":"https:\/\/www.aubergedecassagne.com\/de\/wp-json\/wp\/v2\/types\/page"}],"author":[{"embeddable":true,"href":"https:\/\/www.aubergedecassagne.com\/de\/wp-json\/wp\/v2\/users\/16"}],"replies":[{"embeddable":true,"href":"https:\/\/www.aubergedecassagne.com\/de\/wp-json\/wp\/v2\/comments?post=978"}],"version-history":[{"count":0,"href":"https:\/\/www.aubergedecassagne.com\/de\/wp-json\/wp\/v2\/pages\/978\/revisions"}],"up":[{"embeddable":true,"href":"https:\/\/www.aubergedecassagne.com\/de\/wp-json\/wp\/v2\/pages\/964"}],"wp:featuredmedia":[{"embeddable":true,"href":"https:\/\/www.aubergedecassagne.com\/de\/wp-json\/wp\/v2\/media\/180"}],"wp:attachment":[{"href":"https:\/\/www.aubergedecassagne.com\/de\/wp-json\/wp\/v2\/media?parent=978"}],"curies":[{"name":"wp","href":"https:\/\/api.w.org\/{rel}","templated":true}]}}