{"id":973,"date":"2023-10-27T15:53:06","date_gmt":"2023-10-27T13:53:06","guid":{"rendered":"https:\/\/www.aubergedecassagne.com\/spa-wellness-aktivitaeten\/tarifs-forfaits-spa\/"},"modified":"2026-04-06T10:39:23","modified_gmt":"2026-04-06T08:39:23","slug":"preise-spa-pakete","status":"publish","type":"page","link":"https:\/\/www.aubergedecassagne.com\/de\/spa-wellness-aktivitaeten\/preise-spa-pakete\/","title":{"rendered":"Preise &amp; Spa-Pakete"},"content":{"rendered":"<p style=\"text-align: center\"><span style=\"font-weight: 400\">Die Auberge de Cassagne liegt nur wenige Minuten von Avignon entfernt, in der Gemeinde Le Pontet. Dadurch k\u00f6nnen auch Besucher ganz unkompliziert das genie\u00dfen, was einen wesentlichen Teil des Ruhms unseres Hauses ausmacht. Spa und Gourmetrestaurant ziehen sowohl vorbeikommende G\u00e4ste als auch Stammkunden an, die auf der Suche nach exzellentem Service und luxuri\u00f6sen Leistungen sind. <\/span><\/p>\n<p style=\"text-align: center\"><span style=\"font-weight: 400\">Aus diesem Grund haben wir Pakete und Angebote entwickelt, die es allen Interessierten erm\u00f6glichen, sich f\u00fcr einige Stunden im Spa zu entspannen und im Rahmen eines Essens einen au\u00dfergew\u00f6hnlichen Moment zu erleben<\/span><\/p>\n<p style=\"text-align: center\"><span style=\"font-weight: 400\">Wir haben daher verschiedene Angebote ausgew\u00e4hlt, die \u2013 so hoffen wir \u2013 dieser Erwartung nach einem Erlebnis im Zeichen der Sinnesfreude gerecht werden.<\/span><\/p>\n<p style=\"text-align: center\"><span style=\"font-weight: 400\">Reservierung per Telefon unter <a href=\"tel:+33 4 90 31 04 18\">+33 4 90 31 04 18<\/a>, per E-Mail an <a href=\"mailto:resa@aubergedecassagne.com\">resa@aubergedecassagne.com<\/a>, oder \u00fcber das <a>Kontaktformular<\/a><\/span><\/p>\n<blockquote>\n<p style=\"text-align: center\"><span style=\"font-weight: 400\">Jedes dieser Pakete ist vorrangig dem Spa gewidmet und l\u00e4sst sich problemlos mit einer Mahlzeit in unserem Gourmetrestaurant verbinden \u2013 sei es Fr\u00fchst\u00fcck, Mittag- oder Abendessen.\u00a0\u00a0<\/span><\/p>\n<p style=\"text-align: center\"><span style=\"font-weight: 400\">F\u00fcr weitere Informationen steht Ihnen unser Team jederzeit zur Verf\u00fcgung und hilft Ihnen gerne dabei, die Formel auszuw\u00e4hlen, die am besten zu Ihnen passt.<\/span><\/p>\n<\/blockquote>\n","protected":false},"excerpt":{"rendered":"<p>Die Auberge de Cassagne liegt nur wenige Minuten von Avignon entfernt, in der Gemeinde Le Pontet. Dadurch k\u00f6nnen auch Besucher ganz unkompliziert das genie\u00dfen, was einen wesentlichen Teil des Ruhms unseres Hauses ausmacht. Spa und Gourmetrestaurant ziehen sowohl vorbeikommende G\u00e4ste als auch Stammkunden an, die auf der Suche nach exzellentem Service und luxuri\u00f6sen Leistungen sind. [&hellip;]<\/p>\n","protected":false},"author":16,"featured_media":178,"parent":964,"menu_order":430,"comment_status":"closed","ping_status":"closed","template":"template-single-activites-template.php","meta":{"footnotes":""},"yoast_head":"<!-- This site is optimized with the Yoast SEO plugin v22.3 - https:\/\/yoast.com\/wordpress\/plugins\/seo\/ -->\n<title>Preise &amp; Spa-Pakete | Auberge de Cassagne &amp; Spa<\/title>\n<meta name=\"description\" content=\"Erfahren Sie die Wellness- und Spa-Angebote der Auberge de Cassagne. Tages- und Abend-Spa, Jacuzzi, Massagen und Behandlungen, g\u00f6nnen Sie sich eine 5-Sterne-Auszeit.\" \/>\n<meta name=\"robots\" content=\"index, follow, max-snippet:-1, max-image-preview:large, max-video-preview:-1\" \/>\n<link rel=\"canonical\" href=\"https:\/\/www.aubergedecassagne.com\/de\/spa-wellness-aktivitaeten\/preise-spa-pakete\/\" \/>\n<meta property=\"og:locale\" content=\"de_DE\" \/>\n<meta property=\"og:type\" content=\"article\" \/>\n<meta property=\"og:title\" content=\"Preise &amp; Spa-Pakete | Auberge de Cassagne &amp; Spa\" \/>\n<meta property=\"og:description\" content=\"Erfahren Sie die Wellness- und Spa-Angebote der Auberge de Cassagne. Tages- und Abend-Spa, Jacuzzi, Massagen und Behandlungen, g\u00f6nnen Sie sich eine 5-Sterne-Auszeit.\" \/>\n<meta property=\"og:url\" content=\"https:\/\/www.aubergedecassagne.com\/de\/spa-wellness-aktivitaeten\/preise-spa-pakete\/\" \/>\n<meta property=\"og:site_name\" content=\"Auberge de Cassagne\" \/>\n<meta property=\"article:modified_time\" content=\"2026-04-06T08:39:23+00:00\" \/>\n<meta property=\"og:image\" content=\"https:\/\/www.aubergedecassagne.com\/wp-content\/uploads\/sites\/75\/2023\/11\/Aubergedecassagnespa-spa_bainjacuzzi_cabineduo_.jpg\" \/>\n\t<meta property=\"og:image:width\" content=\"2200\" \/>\n\t<meta property=\"og:image:height\" content=\"1100\" \/>\n\t<meta property=\"og:image:type\" content=\"image\/jpeg\" \/>\n<meta name=\"twitter:card\" content=\"summary_large_image\" \/>\n<meta name=\"twitter:label1\" content=\"Gesch\u00e4tzte Lesezeit\" \/>\n\t<meta name=\"twitter:data1\" content=\"1 Minute\" \/>\n<script type=\"application\/ld+json\" class=\"yoast-schema-graph\">{\"@context\":\"https:\/\/schema.org\",\"@graph\":[{\"@type\":\"WebPage\",\"@id\":\"https:\/\/www.aubergedecassagne.com\/de\/spa-wellness-aktivitaeten\/preise-spa-pakete\/\",\"url\":\"https:\/\/www.aubergedecassagne.com\/de\/spa-wellness-aktivitaeten\/preise-spa-pakete\/\",\"name\":\"Preise & Spa-Pakete | Auberge de Cassagne & Spa\",\"isPartOf\":{\"@id\":\"https:\/\/www.aubergedecassagne.com\/de\/#website\"},\"primaryImageOfPage\":{\"@id\":\"https:\/\/www.aubergedecassagne.com\/de\/spa-wellness-aktivitaeten\/preise-spa-pakete\/#primaryimage\"},\"image\":{\"@id\":\"https:\/\/www.aubergedecassagne.com\/de\/spa-wellness-aktivitaeten\/preise-spa-pakete\/#primaryimage\"},\"thumbnailUrl\":\"https:\/\/www.aubergedecassagne.com\/wp-content\/uploads\/sites\/75\/2023\/11\/Aubergedecassagnespa-spa_bainjacuzzi_cabineduo_.jpg\",\"datePublished\":\"2023-10-27T13:53:06+00:00\",\"dateModified\":\"2026-04-06T08:39:23+00:00\",\"description\":\"Erfahren Sie die Wellness- und Spa-Angebote der Auberge de Cassagne. Tages- und Abend-Spa, Jacuzzi, Massagen und Behandlungen, g\u00f6nnen Sie sich eine 5-Sterne-Auszeit.\",\"breadcrumb\":{\"@id\":\"https:\/\/www.aubergedecassagne.com\/de\/spa-wellness-aktivitaeten\/preise-spa-pakete\/#breadcrumb\"},\"inLanguage\":\"de-DE\",\"potentialAction\":[{\"@type\":\"ReadAction\",\"target\":[\"https:\/\/www.aubergedecassagne.com\/de\/spa-wellness-aktivitaeten\/preise-spa-pakete\/\"]}]},{\"@type\":\"ImageObject\",\"inLanguage\":\"de-DE\",\"@id\":\"https:\/\/www.aubergedecassagne.com\/de\/spa-wellness-aktivitaeten\/preise-spa-pakete\/#primaryimage\",\"url\":\"https:\/\/www.aubergedecassagne.com\/wp-content\/uploads\/sites\/75\/2023\/11\/Aubergedecassagnespa-spa_bainjacuzzi_cabineduo_.jpg\",\"contentUrl\":\"https:\/\/www.aubergedecassagne.com\/wp-content\/uploads\/sites\/75\/2023\/11\/Aubergedecassagnespa-spa_bainjacuzzi_cabineduo_.jpg\",\"width\":2200,\"height\":1100},{\"@type\":\"BreadcrumbList\",\"@id\":\"https:\/\/www.aubergedecassagne.com\/de\/spa-wellness-aktivitaeten\/preise-spa-pakete\/#breadcrumb\",\"itemListElement\":[{\"@type\":\"ListItem\",\"position\":1,\"name\":\"Accueil\",\"item\":\"https:\/\/www.aubergedecassagne.com\/de\/\"},{\"@type\":\"ListItem\",\"position\":2,\"name\":\"Spa &amp; Wellness \u2013 Aktivit\u00e4ten\",\"item\":\"https:\/\/www.aubergedecassagne.com\/de\/spa-wellness-aktivitaeten\/\"},{\"@type\":\"ListItem\",\"position\":3,\"name\":\"Preise &amp; Spa-Pakete\"}]},{\"@type\":\"WebSite\",\"@id\":\"https:\/\/www.aubergedecassagne.com\/de\/#website\",\"url\":\"https:\/\/www.aubergedecassagne.com\/de\/\",\"name\":\"Auberge de Cassagne\",\"description\":\"\",\"potentialAction\":[{\"@type\":\"SearchAction\",\"target\":{\"@type\":\"EntryPoint\",\"urlTemplate\":\"https:\/\/www.aubergedecassagne.com\/de\/?s={search_term_string}\"},\"query-input\":\"required name=search_term_string\"}],\"inLanguage\":\"de-DE\"}]}<\/script>\n<!-- \/ Yoast SEO plugin. -->","yoast_head_json":{"title":"Preise & Spa-Pakete | Auberge de Cassagne & Spa","description":"Erfahren Sie die Wellness- und Spa-Angebote der Auberge de Cassagne. Tages- und Abend-Spa, Jacuzzi, Massagen und Behandlungen, g\u00f6nnen Sie sich eine 5-Sterne-Auszeit.","robots":{"index":"index","follow":"follow","max-snippet":"max-snippet:-1","max-image-preview":"max-image-preview:large","max-video-preview":"max-video-preview:-1"},"canonical":"https:\/\/www.aubergedecassagne.com\/de\/spa-wellness-aktivitaeten\/preise-spa-pakete\/","og_locale":"de_DE","og_type":"article","og_title":"Preise & Spa-Pakete | Auberge de Cassagne & Spa","og_description":"Erfahren Sie die Wellness- und Spa-Angebote der Auberge de Cassagne. Tages- und Abend-Spa, Jacuzzi, Massagen und Behandlungen, g\u00f6nnen Sie sich eine 5-Sterne-Auszeit.","og_url":"https:\/\/www.aubergedecassagne.com\/de\/spa-wellness-aktivitaeten\/preise-spa-pakete\/","og_site_name":"Auberge de Cassagne","article_modified_time":"2026-04-06T08:39:23+00:00","og_image":[{"width":2200,"height":1100,"url":"https:\/\/www.aubergedecassagne.com\/wp-content\/uploads\/sites\/75\/2023\/11\/Aubergedecassagnespa-spa_bainjacuzzi_cabineduo_.jpg","type":"image\/jpeg"}],"twitter_card":"summary_large_image","twitter_misc":{"Gesch\u00e4tzte Lesezeit":"1 Minute"},"schema":{"@context":"https:\/\/schema.org","@graph":[{"@type":"WebPage","@id":"https:\/\/www.aubergedecassagne.com\/de\/spa-wellness-aktivitaeten\/preise-spa-pakete\/","url":"https:\/\/www.aubergedecassagne.com\/de\/spa-wellness-aktivitaeten\/preise-spa-pakete\/","name":"Preise & Spa-Pakete | Auberge de Cassagne & Spa","isPartOf":{"@id":"https:\/\/www.aubergedecassagne.com\/de\/#website"},"primaryImageOfPage":{"@id":"https:\/\/www.aubergedecassagne.com\/de\/spa-wellness-aktivitaeten\/preise-spa-pakete\/#primaryimage"},"image":{"@id":"https:\/\/www.aubergedecassagne.com\/de\/spa-wellness-aktivitaeten\/preise-spa-pakete\/#primaryimage"},"thumbnailUrl":"https:\/\/www.aubergedecassagne.com\/wp-content\/uploads\/sites\/75\/2023\/11\/Aubergedecassagnespa-spa_bainjacuzzi_cabineduo_.jpg","datePublished":"2023-10-27T13:53:06+00:00","dateModified":"2026-04-06T08:39:23+00:00","description":"Erfahren Sie die Wellness- und Spa-Angebote der Auberge de Cassagne. Tages- und Abend-Spa, Jacuzzi, Massagen und Behandlungen, g\u00f6nnen Sie sich eine 5-Sterne-Auszeit.","breadcrumb":{"@id":"https:\/\/www.aubergedecassagne.com\/de\/spa-wellness-aktivitaeten\/preise-spa-pakete\/#breadcrumb"},"inLanguage":"de-DE","potentialAction":[{"@type":"ReadAction","target":["https:\/\/www.aubergedecassagne.com\/de\/spa-wellness-aktivitaeten\/preise-spa-pakete\/"]}]},{"@type":"ImageObject","inLanguage":"de-DE","@id":"https:\/\/www.aubergedecassagne.com\/de\/spa-wellness-aktivitaeten\/preise-spa-pakete\/#primaryimage","url":"https:\/\/www.aubergedecassagne.com\/wp-content\/uploads\/sites\/75\/2023\/11\/Aubergedecassagnespa-spa_bainjacuzzi_cabineduo_.jpg","contentUrl":"https:\/\/www.aubergedecassagne.com\/wp-content\/uploads\/sites\/75\/2023\/11\/Aubergedecassagnespa-spa_bainjacuzzi_cabineduo_.jpg","width":2200,"height":1100},{"@type":"BreadcrumbList","@id":"https:\/\/www.aubergedecassagne.com\/de\/spa-wellness-aktivitaeten\/preise-spa-pakete\/#breadcrumb","itemListElement":[{"@type":"ListItem","position":1,"name":"Accueil","item":"https:\/\/www.aubergedecassagne.com\/de\/"},{"@type":"ListItem","position":2,"name":"Spa &amp; Wellness \u2013 Aktivit\u00e4ten","item":"https:\/\/www.aubergedecassagne.com\/de\/spa-wellness-aktivitaeten\/"},{"@type":"ListItem","position":3,"name":"Preise &amp; Spa-Pakete"}]},{"@type":"WebSite","@id":"https:\/\/www.aubergedecassagne.com\/de\/#website","url":"https:\/\/www.aubergedecassagne.com\/de\/","name":"Auberge de Cassagne","description":"","potentialAction":[{"@type":"SearchAction","target":{"@type":"EntryPoint","urlTemplate":"https:\/\/www.aubergedecassagne.com\/de\/?s={search_term_string}"},"query-input":"required name=search_term_string"}],"inLanguage":"de-DE"}]}},"acf":[],"_links":{"self":[{"href":"https:\/\/www.aubergedecassagne.com\/de\/wp-json\/wp\/v2\/pages\/973"}],"collection":[{"href":"https:\/\/www.aubergedecassagne.com\/de\/wp-json\/wp\/v2\/pages"}],"about":[{"href":"https:\/\/www.aubergedecassagne.com\/de\/wp-json\/wp\/v2\/types\/page"}],"author":[{"embeddable":true,"href":"https:\/\/www.aubergedecassagne.com\/de\/wp-json\/wp\/v2\/users\/16"}],"replies":[{"embeddable":true,"href":"https:\/\/www.aubergedecassagne.com\/de\/wp-json\/wp\/v2\/comments?post=973"}],"version-history":[{"count":0,"href":"https:\/\/www.aubergedecassagne.com\/de\/wp-json\/wp\/v2\/pages\/973\/revisions"}],"up":[{"embeddable":true,"href":"https:\/\/www.aubergedecassagne.com\/de\/wp-json\/wp\/v2\/pages\/964"}],"wp:featuredmedia":[{"embeddable":true,"href":"https:\/\/www.aubergedecassagne.com\/de\/wp-json\/wp\/v2\/media\/178"}],"wp:attachment":[{"href":"https:\/\/www.aubergedecassagne.com\/de\/wp-json\/wp\/v2\/media?parent=973"}],"curies":[{"name":"wp","href":"https:\/\/api.w.org\/{rel}","templated":true}]}}