{"id":970,"date":"2023-10-27T15:50:19","date_gmt":"2023-10-27T13:50:19","guid":{"rendered":"https:\/\/www.aubergedecassagne.com\/spa-wellness-aktivitaeten\/spa-massage-soins\/"},"modified":"2026-01-30T12:01:30","modified_gmt":"2026-01-30T11:01:30","slug":"spa-massagen-behandlungen","status":"publish","type":"page","link":"https:\/\/www.aubergedecassagne.com\/de\/spa-wellness-aktivitaeten\/spa-massagen-behandlungen\/","title":{"rendered":"Spa Massagen &amp; Behandlungen"},"content":{"rendered":"<p style=\"text-align: center\"><span style=\"font-weight: 400\">Das Spa der Auberge de Cassagne ist ein Ort, der ganz der Entspannung und dem Wohlbefinden in all seinen Facetten gewidmet ist. F\u00fcr seine Qualit\u00e4t und sein Serviceangebot bekannt, empf\u00e4ngt es nur 15 Minuten von Avignon entfernt sowohl Hotelg\u00e4ste als auch Besucher und bietet ihnen eine wohltuende, regenerierende Auszeit. Zus\u00e4tzlich zu den 500 m\u00b2, die ihm bereits gewidmet sind, wurde das Spa des Hotels um einen 120 m\u00b2 gro\u00dfen Bereich erweitert. Dort erwartet Sie eine gem\u00fctliche und ruhige Atmosph\u00e4re mit einem Behandlungs- und Massagebereich sowie Zugang zur Kr\u00e4utertee Lounge und zum Ruheraum.<\/span><\/p>\n<p style=\"text-align: center\"><span style=\"font-weight: 400\">Um sein 5-Sterne-Angebot zu vervollst\u00e4ndigen, hat sich das Hotel mit einem renommierten Kosmetikhersteller zusammengeschlossen und bietet nun eine umfassende Auswahl an Behandlungen der Schweizer Marke HORMETA an.<\/span><\/p>\n<p style=\"text-align: center\"><span style=\"font-weight: 400\">Nach vorheriger Reservierung k\u00f6nnen Sie Massagen in Einzel- oder Duo-Kabinen genie\u00dfen \u2013 darunter eine mit privatem Jacuzzi \u2013, ebenso wie Gesichts- und K\u00f6rperbehandlungen, abgerundet von einer wohltuenden Entspannungspause. Das Spa bietet Ihnen somit einen Ort, der ganz der Sanftheit und dem Wohlgef\u00fchl gewidmet ist \u2013 f\u00fcr einen Moment vollkommener Entspannung.<\/span><\/p>\n","protected":false},"excerpt":{"rendered":"<p>Das Spa der Auberge de Cassagne ist ein Ort, der ganz der Entspannung und dem Wohlbefinden in all seinen Facetten gewidmet ist. F\u00fcr seine Qualit\u00e4t und sein Serviceangebot bekannt, empf\u00e4ngt es nur 15 Minuten von Avignon entfernt sowohl Hotelg\u00e4ste als auch Besucher und bietet ihnen eine wohltuende, regenerierende Auszeit. Zus\u00e4tzlich zu den 500 m\u00b2, die [&hellip;]<\/p>\n","protected":false},"author":16,"featured_media":184,"parent":964,"menu_order":420,"comment_status":"closed","ping_status":"closed","template":"template-single-activites-template.php","meta":{"footnotes":""},"yoast_head":"<!-- This site is optimized with the Yoast SEO plugin v22.3 - https:\/\/yoast.com\/wordpress\/plugins\/seo\/ -->\n<title>Hotel Spa Massage Avignon | Auberge de Cassagne &amp; Spa<\/title>\n<meta name=\"description\" content=\"Genie\u00dfen Sie eine Auszeit vom Alltag in unserem 120 m\u00b2 gro\u00dfen Massage- und Wellnessbereich im Hotel Auberge de Cassagne &amp; Spa in Avignon mit hochwertigen Produkten.\" \/>\n<meta name=\"robots\" content=\"index, follow, max-snippet:-1, max-image-preview:large, max-video-preview:-1\" \/>\n<link rel=\"canonical\" href=\"https:\/\/www.aubergedecassagne.com\/de\/spa-wellness-aktivitaeten\/spa-massagen-behandlungen\/\" \/>\n<meta property=\"og:locale\" content=\"de_DE\" \/>\n<meta property=\"og:type\" content=\"article\" \/>\n<meta property=\"og:title\" content=\"Hotel Spa Massage Avignon | Auberge de Cassagne &amp; Spa\" \/>\n<meta property=\"og:description\" content=\"Genie\u00dfen Sie eine Auszeit vom Alltag in unserem 120 m\u00b2 gro\u00dfen Massage- und Wellnessbereich im Hotel Auberge de Cassagne &amp; Spa in Avignon mit hochwertigen Produkten.\" \/>\n<meta property=\"og:url\" content=\"https:\/\/www.aubergedecassagne.com\/de\/spa-wellness-aktivitaeten\/spa-massagen-behandlungen\/\" \/>\n<meta property=\"og:site_name\" content=\"Auberge de Cassagne\" \/>\n<meta property=\"article:modified_time\" content=\"2026-01-30T11:01:30+00:00\" \/>\n<meta property=\"og:image\" content=\"https:\/\/www.aubergedecassagne.com\/wp-content\/uploads\/sites\/75\/2023\/11\/Aubergedecassagnespa-spa_massages_cabineduo_solo.jpg\" \/>\n\t<meta property=\"og:image:width\" content=\"2200\" \/>\n\t<meta property=\"og:image:height\" content=\"1100\" \/>\n\t<meta property=\"og:image:type\" content=\"image\/jpeg\" \/>\n<meta name=\"twitter:card\" content=\"summary_large_image\" \/>\n<meta name=\"twitter:label1\" content=\"Gesch\u00e4tzte Lesezeit\" \/>\n\t<meta name=\"twitter:data1\" content=\"2 Minuten\" \/>\n<script type=\"application\/ld+json\" class=\"yoast-schema-graph\">{\"@context\":\"https:\/\/schema.org\",\"@graph\":[{\"@type\":\"WebPage\",\"@id\":\"https:\/\/www.aubergedecassagne.com\/de\/spa-wellness-aktivitaeten\/spa-massagen-behandlungen\/\",\"url\":\"https:\/\/www.aubergedecassagne.com\/de\/spa-wellness-aktivitaeten\/spa-massagen-behandlungen\/\",\"name\":\"Hotel Spa Massage Avignon | Auberge de Cassagne & Spa\",\"isPartOf\":{\"@id\":\"https:\/\/www.aubergedecassagne.com\/de\/#website\"},\"primaryImageOfPage\":{\"@id\":\"https:\/\/www.aubergedecassagne.com\/de\/spa-wellness-aktivitaeten\/spa-massagen-behandlungen\/#primaryimage\"},\"image\":{\"@id\":\"https:\/\/www.aubergedecassagne.com\/de\/spa-wellness-aktivitaeten\/spa-massagen-behandlungen\/#primaryimage\"},\"thumbnailUrl\":\"https:\/\/www.aubergedecassagne.com\/wp-content\/uploads\/sites\/75\/2023\/11\/Aubergedecassagnespa-spa_massages_cabineduo_solo.jpg\",\"datePublished\":\"2023-10-27T13:50:19+00:00\",\"dateModified\":\"2026-01-30T11:01:30+00:00\",\"description\":\"Genie\u00dfen Sie eine Auszeit vom Alltag in unserem 120 m\u00b2 gro\u00dfen Massage- und Wellnessbereich im Hotel Auberge de Cassagne & Spa in Avignon mit hochwertigen Produkten.\",\"breadcrumb\":{\"@id\":\"https:\/\/www.aubergedecassagne.com\/de\/spa-wellness-aktivitaeten\/spa-massagen-behandlungen\/#breadcrumb\"},\"inLanguage\":\"de-DE\",\"potentialAction\":[{\"@type\":\"ReadAction\",\"target\":[\"https:\/\/www.aubergedecassagne.com\/de\/spa-wellness-aktivitaeten\/spa-massagen-behandlungen\/\"]}]},{\"@type\":\"ImageObject\",\"inLanguage\":\"de-DE\",\"@id\":\"https:\/\/www.aubergedecassagne.com\/de\/spa-wellness-aktivitaeten\/spa-massagen-behandlungen\/#primaryimage\",\"url\":\"https:\/\/www.aubergedecassagne.com\/wp-content\/uploads\/sites\/75\/2023\/11\/Aubergedecassagnespa-spa_massages_cabineduo_solo.jpg\",\"contentUrl\":\"https:\/\/www.aubergedecassagne.com\/wp-content\/uploads\/sites\/75\/2023\/11\/Aubergedecassagnespa-spa_massages_cabineduo_solo.jpg\",\"width\":2200,\"height\":1100},{\"@type\":\"BreadcrumbList\",\"@id\":\"https:\/\/www.aubergedecassagne.com\/de\/spa-wellness-aktivitaeten\/spa-massagen-behandlungen\/#breadcrumb\",\"itemListElement\":[{\"@type\":\"ListItem\",\"position\":1,\"name\":\"Accueil\",\"item\":\"https:\/\/www.aubergedecassagne.com\/de\/\"},{\"@type\":\"ListItem\",\"position\":2,\"name\":\"Spa &amp; Wellness \u2013 Aktivit\u00e4ten\",\"item\":\"https:\/\/www.aubergedecassagne.com\/de\/spa-wellness-aktivitaeten\/\"},{\"@type\":\"ListItem\",\"position\":3,\"name\":\"Spa Massagen &amp; Behandlungen\"}]},{\"@type\":\"WebSite\",\"@id\":\"https:\/\/www.aubergedecassagne.com\/de\/#website\",\"url\":\"https:\/\/www.aubergedecassagne.com\/de\/\",\"name\":\"Auberge de Cassagne\",\"description\":\"\",\"potentialAction\":[{\"@type\":\"SearchAction\",\"target\":{\"@type\":\"EntryPoint\",\"urlTemplate\":\"https:\/\/www.aubergedecassagne.com\/de\/?s={search_term_string}\"},\"query-input\":\"required name=search_term_string\"}],\"inLanguage\":\"de-DE\"}]}<\/script>\n<!-- \/ Yoast SEO plugin. -->","yoast_head_json":{"title":"Hotel Spa Massage Avignon | Auberge de Cassagne & Spa","description":"Genie\u00dfen Sie eine Auszeit vom Alltag in unserem 120 m\u00b2 gro\u00dfen Massage- und Wellnessbereich im Hotel Auberge de Cassagne & Spa in Avignon mit hochwertigen Produkten.","robots":{"index":"index","follow":"follow","max-snippet":"max-snippet:-1","max-image-preview":"max-image-preview:large","max-video-preview":"max-video-preview:-1"},"canonical":"https:\/\/www.aubergedecassagne.com\/de\/spa-wellness-aktivitaeten\/spa-massagen-behandlungen\/","og_locale":"de_DE","og_type":"article","og_title":"Hotel Spa Massage Avignon | Auberge de Cassagne & Spa","og_description":"Genie\u00dfen Sie eine Auszeit vom Alltag in unserem 120 m\u00b2 gro\u00dfen Massage- und Wellnessbereich im Hotel Auberge de Cassagne & Spa in Avignon mit hochwertigen Produkten.","og_url":"https:\/\/www.aubergedecassagne.com\/de\/spa-wellness-aktivitaeten\/spa-massagen-behandlungen\/","og_site_name":"Auberge de Cassagne","article_modified_time":"2026-01-30T11:01:30+00:00","og_image":[{"width":2200,"height":1100,"url":"https:\/\/www.aubergedecassagne.com\/wp-content\/uploads\/sites\/75\/2023\/11\/Aubergedecassagnespa-spa_massages_cabineduo_solo.jpg","type":"image\/jpeg"}],"twitter_card":"summary_large_image","twitter_misc":{"Gesch\u00e4tzte Lesezeit":"2 Minuten"},"schema":{"@context":"https:\/\/schema.org","@graph":[{"@type":"WebPage","@id":"https:\/\/www.aubergedecassagne.com\/de\/spa-wellness-aktivitaeten\/spa-massagen-behandlungen\/","url":"https:\/\/www.aubergedecassagne.com\/de\/spa-wellness-aktivitaeten\/spa-massagen-behandlungen\/","name":"Hotel Spa Massage Avignon | Auberge de Cassagne & Spa","isPartOf":{"@id":"https:\/\/www.aubergedecassagne.com\/de\/#website"},"primaryImageOfPage":{"@id":"https:\/\/www.aubergedecassagne.com\/de\/spa-wellness-aktivitaeten\/spa-massagen-behandlungen\/#primaryimage"},"image":{"@id":"https:\/\/www.aubergedecassagne.com\/de\/spa-wellness-aktivitaeten\/spa-massagen-behandlungen\/#primaryimage"},"thumbnailUrl":"https:\/\/www.aubergedecassagne.com\/wp-content\/uploads\/sites\/75\/2023\/11\/Aubergedecassagnespa-spa_massages_cabineduo_solo.jpg","datePublished":"2023-10-27T13:50:19+00:00","dateModified":"2026-01-30T11:01:30+00:00","description":"Genie\u00dfen Sie eine Auszeit vom Alltag in unserem 120 m\u00b2 gro\u00dfen Massage- und Wellnessbereich im Hotel Auberge de Cassagne & Spa in Avignon mit hochwertigen Produkten.","breadcrumb":{"@id":"https:\/\/www.aubergedecassagne.com\/de\/spa-wellness-aktivitaeten\/spa-massagen-behandlungen\/#breadcrumb"},"inLanguage":"de-DE","potentialAction":[{"@type":"ReadAction","target":["https:\/\/www.aubergedecassagne.com\/de\/spa-wellness-aktivitaeten\/spa-massagen-behandlungen\/"]}]},{"@type":"ImageObject","inLanguage":"de-DE","@id":"https:\/\/www.aubergedecassagne.com\/de\/spa-wellness-aktivitaeten\/spa-massagen-behandlungen\/#primaryimage","url":"https:\/\/www.aubergedecassagne.com\/wp-content\/uploads\/sites\/75\/2023\/11\/Aubergedecassagnespa-spa_massages_cabineduo_solo.jpg","contentUrl":"https:\/\/www.aubergedecassagne.com\/wp-content\/uploads\/sites\/75\/2023\/11\/Aubergedecassagnespa-spa_massages_cabineduo_solo.jpg","width":2200,"height":1100},{"@type":"BreadcrumbList","@id":"https:\/\/www.aubergedecassagne.com\/de\/spa-wellness-aktivitaeten\/spa-massagen-behandlungen\/#breadcrumb","itemListElement":[{"@type":"ListItem","position":1,"name":"Accueil","item":"https:\/\/www.aubergedecassagne.com\/de\/"},{"@type":"ListItem","position":2,"name":"Spa &amp; Wellness \u2013 Aktivit\u00e4ten","item":"https:\/\/www.aubergedecassagne.com\/de\/spa-wellness-aktivitaeten\/"},{"@type":"ListItem","position":3,"name":"Spa Massagen &amp; Behandlungen"}]},{"@type":"WebSite","@id":"https:\/\/www.aubergedecassagne.com\/de\/#website","url":"https:\/\/www.aubergedecassagne.com\/de\/","name":"Auberge de Cassagne","description":"","potentialAction":[{"@type":"SearchAction","target":{"@type":"EntryPoint","urlTemplate":"https:\/\/www.aubergedecassagne.com\/de\/?s={search_term_string}"},"query-input":"required name=search_term_string"}],"inLanguage":"de-DE"}]}},"acf":[],"_links":{"self":[{"href":"https:\/\/www.aubergedecassagne.com\/de\/wp-json\/wp\/v2\/pages\/970"}],"collection":[{"href":"https:\/\/www.aubergedecassagne.com\/de\/wp-json\/wp\/v2\/pages"}],"about":[{"href":"https:\/\/www.aubergedecassagne.com\/de\/wp-json\/wp\/v2\/types\/page"}],"author":[{"embeddable":true,"href":"https:\/\/www.aubergedecassagne.com\/de\/wp-json\/wp\/v2\/users\/16"}],"replies":[{"embeddable":true,"href":"https:\/\/www.aubergedecassagne.com\/de\/wp-json\/wp\/v2\/comments?post=970"}],"version-history":[{"count":0,"href":"https:\/\/www.aubergedecassagne.com\/de\/wp-json\/wp\/v2\/pages\/970\/revisions"}],"up":[{"embeddable":true,"href":"https:\/\/www.aubergedecassagne.com\/de\/wp-json\/wp\/v2\/pages\/964"}],"wp:featuredmedia":[{"embeddable":true,"href":"https:\/\/www.aubergedecassagne.com\/de\/wp-json\/wp\/v2\/media\/184"}],"wp:attachment":[{"href":"https:\/\/www.aubergedecassagne.com\/de\/wp-json\/wp\/v2\/media?parent=970"}],"curies":[{"name":"wp","href":"https:\/\/api.w.org\/{rel}","templated":true}]}}