{"id":967,"date":"2023-10-27T15:47:13","date_gmt":"2023-10-27T13:47:13","guid":{"rendered":"https:\/\/www.aubergedecassagne.com\/spa-wellness-aktivitaeten\/espace-spa-jacuzzi-hammam-sauna\/"},"modified":"2025-12-23T14:03:08","modified_gmt":"2025-12-23T13:03:08","slug":"spa-bereich-jacuzzi-hammam-sauna","status":"publish","type":"page","link":"https:\/\/www.aubergedecassagne.com\/de\/spa-wellness-aktivitaeten\/spa-bereich-jacuzzi-hammam-sauna\/","title":{"rendered":"Spa-Bereich \u2013 Jacuzzi \u2013 Hammam \u2013 Sauna"},"content":{"rendered":"<p style=\"text-align: center\"><span style=\"font-weight: 400\">Das Spa der Auberge de Cassagne in Avignon ist zweifellos einer der beliebtesten Wellnessbereiche in Avignon und Umgebung. Auf \u00fcber 500 m\u00b2 k\u00f6nnen Sie zahlreiche Pflege- und Entspannungsangebote genie\u00dfen, sei es f\u00fcr einen ganzen Tag oder f\u00fcr einen einzelnen Termin. Neben den Spa-Angeboten stehen Ihnen auch ein Kr\u00e4utertee Lounge und ein Ruheraum zur Verf\u00fcgung, in denen Sie sich entspannen k\u00f6nnen, bevor Sie Ihren Tag fortsetzen.<\/span><\/p>\n<p style=\"text-align: center\"><span style=\"font-weight: 400\">Der Spa des Hotels in der Provence wird besonders f\u00fcr seine intime Atmosph\u00e4re gesch\u00e4tzt. Wir haben ihn zu einem Ort echten Wohlbefindens und tiefer Entspannung gestaltet, an dem sich Luxus und Ruhe harmonisch vereinen. Jeder Moment ist darauf ausgerichtet, eine vollkommen individuelle Erfahrung zu bieten \u2013 wodurch sich ein angenehmes Gef\u00fchl entsteht, den Ort ganz f\u00fcr sich allein zu haben, in absoluter Privatsph\u00e4re. Alle von uns angebotenen Behandlungen werden von erfahrenen Wellness-Expertinnen durchgef\u00fchrt, die w\u00e4hrend Ihres gesamten Aufenthalts aufmerksam auf Ihre W\u00fcnsche eingehen.<\/span><\/p>\n","protected":false},"excerpt":{"rendered":"<p>Das Spa der Auberge de Cassagne in Avignon ist zweifellos einer der beliebtesten Wellnessbereiche in Avignon und Umgebung. Auf \u00fcber 500 m\u00b2 k\u00f6nnen Sie zahlreiche Pflege- und Entspannungsangebote genie\u00dfen, sei es f\u00fcr einen ganzen Tag oder f\u00fcr einen einzelnen Termin. Neben den Spa-Angeboten stehen Ihnen auch ein Kr\u00e4utertee Lounge und ein Ruheraum zur Verf\u00fcgung, in [&hellip;]<\/p>\n","protected":false},"author":16,"featured_media":187,"parent":964,"menu_order":410,"comment_status":"closed","ping_status":"closed","template":"template-single-activites-template.php","meta":{"footnotes":""},"yoast_head":"<!-- This site is optimized with the Yoast SEO plugin v22.3 - https:\/\/yoast.com\/wordpress\/plugins\/seo\/ -->\n<title>Hotel Spa Avignon: Jacuzzi, Pool &amp; Spa | Auberge de Cassagne &amp; Spa<\/title>\n<meta name=\"description\" content=\"Erfahren Sie mehr \u00fcber das Spa und den Wellnessbereich im Hotel Auberge de Cassagne in Avignon. Jacuzzi, Hammam, Pool, Sauna, Fitnessraum sowie Massagen und Anwendungen.\" \/>\n<meta name=\"robots\" content=\"index, follow, max-snippet:-1, max-image-preview:large, max-video-preview:-1\" \/>\n<link rel=\"canonical\" href=\"https:\/\/www.aubergedecassagne.com\/de\/spa-wellness-aktivitaeten\/spa-bereich-jacuzzi-hammam-sauna\/\" \/>\n<meta property=\"og:locale\" content=\"de_DE\" \/>\n<meta property=\"og:type\" content=\"article\" \/>\n<meta property=\"og:title\" content=\"Hotel Spa Avignon: Jacuzzi, Pool &amp; Spa | Auberge de Cassagne &amp; Spa\" \/>\n<meta property=\"og:description\" content=\"Erfahren Sie mehr \u00fcber das Spa und den Wellnessbereich im Hotel Auberge de Cassagne in Avignon. Jacuzzi, Hammam, Pool, Sauna, Fitnessraum sowie Massagen und Anwendungen.\" \/>\n<meta property=\"og:url\" content=\"https:\/\/www.aubergedecassagne.com\/de\/spa-wellness-aktivitaeten\/spa-bereich-jacuzzi-hammam-sauna\/\" \/>\n<meta property=\"og:site_name\" content=\"Auberge de Cassagne\" \/>\n<meta property=\"article:modified_time\" content=\"2025-12-23T13:03:08+00:00\" \/>\n<meta property=\"og:image\" content=\"https:\/\/www.aubergedecassagne.com\/wp-content\/uploads\/sites\/75\/2023\/11\/Aubergedecassagnespa-spa_piscine_transats.jpg\" \/>\n\t<meta property=\"og:image:width\" content=\"2200\" \/>\n\t<meta property=\"og:image:height\" content=\"1100\" \/>\n\t<meta property=\"og:image:type\" content=\"image\/jpeg\" \/>\n<meta name=\"twitter:card\" content=\"summary_large_image\" \/>\n<meta name=\"twitter:label1\" content=\"Gesch\u00e4tzte Lesezeit\" \/>\n\t<meta name=\"twitter:data1\" content=\"1 Minute\" \/>\n<script type=\"application\/ld+json\" class=\"yoast-schema-graph\">{\"@context\":\"https:\/\/schema.org\",\"@graph\":[{\"@type\":\"WebPage\",\"@id\":\"https:\/\/www.aubergedecassagne.com\/de\/spa-wellness-aktivitaeten\/spa-bereich-jacuzzi-hammam-sauna\/\",\"url\":\"https:\/\/www.aubergedecassagne.com\/de\/spa-wellness-aktivitaeten\/spa-bereich-jacuzzi-hammam-sauna\/\",\"name\":\"Hotel Spa Avignon: Jacuzzi, Pool & Spa | Auberge de Cassagne & Spa\",\"isPartOf\":{\"@id\":\"https:\/\/www.aubergedecassagne.com\/de\/#website\"},\"primaryImageOfPage\":{\"@id\":\"https:\/\/www.aubergedecassagne.com\/de\/spa-wellness-aktivitaeten\/spa-bereich-jacuzzi-hammam-sauna\/#primaryimage\"},\"image\":{\"@id\":\"https:\/\/www.aubergedecassagne.com\/de\/spa-wellness-aktivitaeten\/spa-bereich-jacuzzi-hammam-sauna\/#primaryimage\"},\"thumbnailUrl\":\"https:\/\/www.aubergedecassagne.com\/wp-content\/uploads\/sites\/75\/2023\/11\/Aubergedecassagnespa-spa_piscine_transats.jpg\",\"datePublished\":\"2023-10-27T13:47:13+00:00\",\"dateModified\":\"2025-12-23T13:03:08+00:00\",\"description\":\"Erfahren Sie mehr \u00fcber das Spa und den Wellnessbereich im Hotel Auberge de Cassagne in Avignon. Jacuzzi, Hammam, Pool, Sauna, Fitnessraum sowie Massagen und Anwendungen.\",\"breadcrumb\":{\"@id\":\"https:\/\/www.aubergedecassagne.com\/de\/spa-wellness-aktivitaeten\/spa-bereich-jacuzzi-hammam-sauna\/#breadcrumb\"},\"inLanguage\":\"de-DE\",\"potentialAction\":[{\"@type\":\"ReadAction\",\"target\":[\"https:\/\/www.aubergedecassagne.com\/de\/spa-wellness-aktivitaeten\/spa-bereich-jacuzzi-hammam-sauna\/\"]}]},{\"@type\":\"ImageObject\",\"inLanguage\":\"de-DE\",\"@id\":\"https:\/\/www.aubergedecassagne.com\/de\/spa-wellness-aktivitaeten\/spa-bereich-jacuzzi-hammam-sauna\/#primaryimage\",\"url\":\"https:\/\/www.aubergedecassagne.com\/wp-content\/uploads\/sites\/75\/2023\/11\/Aubergedecassagnespa-spa_piscine_transats.jpg\",\"contentUrl\":\"https:\/\/www.aubergedecassagne.com\/wp-content\/uploads\/sites\/75\/2023\/11\/Aubergedecassagnespa-spa_piscine_transats.jpg\",\"width\":2200,\"height\":1100},{\"@type\":\"BreadcrumbList\",\"@id\":\"https:\/\/www.aubergedecassagne.com\/de\/spa-wellness-aktivitaeten\/spa-bereich-jacuzzi-hammam-sauna\/#breadcrumb\",\"itemListElement\":[{\"@type\":\"ListItem\",\"position\":1,\"name\":\"Accueil\",\"item\":\"https:\/\/www.aubergedecassagne.com\/de\/\"},{\"@type\":\"ListItem\",\"position\":2,\"name\":\"Spa &amp; Wellness \u2013 Aktivit\u00e4ten\",\"item\":\"https:\/\/www.aubergedecassagne.com\/de\/spa-wellness-aktivitaeten\/\"},{\"@type\":\"ListItem\",\"position\":3,\"name\":\"Spa-Bereich \u2013 Jacuzzi \u2013 Hammam \u2013 Sauna\"}]},{\"@type\":\"WebSite\",\"@id\":\"https:\/\/www.aubergedecassagne.com\/de\/#website\",\"url\":\"https:\/\/www.aubergedecassagne.com\/de\/\",\"name\":\"Auberge de Cassagne\",\"description\":\"\",\"potentialAction\":[{\"@type\":\"SearchAction\",\"target\":{\"@type\":\"EntryPoint\",\"urlTemplate\":\"https:\/\/www.aubergedecassagne.com\/de\/?s={search_term_string}\"},\"query-input\":\"required name=search_term_string\"}],\"inLanguage\":\"de-DE\"}]}<\/script>\n<!-- \/ Yoast SEO plugin. -->","yoast_head_json":{"title":"Hotel Spa Avignon: Jacuzzi, Pool & Spa | Auberge de Cassagne & Spa","description":"Erfahren Sie mehr \u00fcber das Spa und den Wellnessbereich im Hotel Auberge de Cassagne in Avignon. Jacuzzi, Hammam, Pool, Sauna, Fitnessraum sowie Massagen und Anwendungen.","robots":{"index":"index","follow":"follow","max-snippet":"max-snippet:-1","max-image-preview":"max-image-preview:large","max-video-preview":"max-video-preview:-1"},"canonical":"https:\/\/www.aubergedecassagne.com\/de\/spa-wellness-aktivitaeten\/spa-bereich-jacuzzi-hammam-sauna\/","og_locale":"de_DE","og_type":"article","og_title":"Hotel Spa Avignon: Jacuzzi, Pool & Spa | Auberge de Cassagne & Spa","og_description":"Erfahren Sie mehr \u00fcber das Spa und den Wellnessbereich im Hotel Auberge de Cassagne in Avignon. Jacuzzi, Hammam, Pool, Sauna, Fitnessraum sowie Massagen und Anwendungen.","og_url":"https:\/\/www.aubergedecassagne.com\/de\/spa-wellness-aktivitaeten\/spa-bereich-jacuzzi-hammam-sauna\/","og_site_name":"Auberge de Cassagne","article_modified_time":"2025-12-23T13:03:08+00:00","og_image":[{"width":2200,"height":1100,"url":"https:\/\/www.aubergedecassagne.com\/wp-content\/uploads\/sites\/75\/2023\/11\/Aubergedecassagnespa-spa_piscine_transats.jpg","type":"image\/jpeg"}],"twitter_card":"summary_large_image","twitter_misc":{"Gesch\u00e4tzte Lesezeit":"1 Minute"},"schema":{"@context":"https:\/\/schema.org","@graph":[{"@type":"WebPage","@id":"https:\/\/www.aubergedecassagne.com\/de\/spa-wellness-aktivitaeten\/spa-bereich-jacuzzi-hammam-sauna\/","url":"https:\/\/www.aubergedecassagne.com\/de\/spa-wellness-aktivitaeten\/spa-bereich-jacuzzi-hammam-sauna\/","name":"Hotel Spa Avignon: Jacuzzi, Pool & Spa | Auberge de Cassagne & Spa","isPartOf":{"@id":"https:\/\/www.aubergedecassagne.com\/de\/#website"},"primaryImageOfPage":{"@id":"https:\/\/www.aubergedecassagne.com\/de\/spa-wellness-aktivitaeten\/spa-bereich-jacuzzi-hammam-sauna\/#primaryimage"},"image":{"@id":"https:\/\/www.aubergedecassagne.com\/de\/spa-wellness-aktivitaeten\/spa-bereich-jacuzzi-hammam-sauna\/#primaryimage"},"thumbnailUrl":"https:\/\/www.aubergedecassagne.com\/wp-content\/uploads\/sites\/75\/2023\/11\/Aubergedecassagnespa-spa_piscine_transats.jpg","datePublished":"2023-10-27T13:47:13+00:00","dateModified":"2025-12-23T13:03:08+00:00","description":"Erfahren Sie mehr \u00fcber das Spa und den Wellnessbereich im Hotel Auberge de Cassagne in Avignon. Jacuzzi, Hammam, Pool, Sauna, Fitnessraum sowie Massagen und Anwendungen.","breadcrumb":{"@id":"https:\/\/www.aubergedecassagne.com\/de\/spa-wellness-aktivitaeten\/spa-bereich-jacuzzi-hammam-sauna\/#breadcrumb"},"inLanguage":"de-DE","potentialAction":[{"@type":"ReadAction","target":["https:\/\/www.aubergedecassagne.com\/de\/spa-wellness-aktivitaeten\/spa-bereich-jacuzzi-hammam-sauna\/"]}]},{"@type":"ImageObject","inLanguage":"de-DE","@id":"https:\/\/www.aubergedecassagne.com\/de\/spa-wellness-aktivitaeten\/spa-bereich-jacuzzi-hammam-sauna\/#primaryimage","url":"https:\/\/www.aubergedecassagne.com\/wp-content\/uploads\/sites\/75\/2023\/11\/Aubergedecassagnespa-spa_piscine_transats.jpg","contentUrl":"https:\/\/www.aubergedecassagne.com\/wp-content\/uploads\/sites\/75\/2023\/11\/Aubergedecassagnespa-spa_piscine_transats.jpg","width":2200,"height":1100},{"@type":"BreadcrumbList","@id":"https:\/\/www.aubergedecassagne.com\/de\/spa-wellness-aktivitaeten\/spa-bereich-jacuzzi-hammam-sauna\/#breadcrumb","itemListElement":[{"@type":"ListItem","position":1,"name":"Accueil","item":"https:\/\/www.aubergedecassagne.com\/de\/"},{"@type":"ListItem","position":2,"name":"Spa &amp; Wellness \u2013 Aktivit\u00e4ten","item":"https:\/\/www.aubergedecassagne.com\/de\/spa-wellness-aktivitaeten\/"},{"@type":"ListItem","position":3,"name":"Spa-Bereich \u2013 Jacuzzi \u2013 Hammam \u2013 Sauna"}]},{"@type":"WebSite","@id":"https:\/\/www.aubergedecassagne.com\/de\/#website","url":"https:\/\/www.aubergedecassagne.com\/de\/","name":"Auberge de Cassagne","description":"","potentialAction":[{"@type":"SearchAction","target":{"@type":"EntryPoint","urlTemplate":"https:\/\/www.aubergedecassagne.com\/de\/?s={search_term_string}"},"query-input":"required name=search_term_string"}],"inLanguage":"de-DE"}]}},"acf":[],"_links":{"self":[{"href":"https:\/\/www.aubergedecassagne.com\/de\/wp-json\/wp\/v2\/pages\/967"}],"collection":[{"href":"https:\/\/www.aubergedecassagne.com\/de\/wp-json\/wp\/v2\/pages"}],"about":[{"href":"https:\/\/www.aubergedecassagne.com\/de\/wp-json\/wp\/v2\/types\/page"}],"author":[{"embeddable":true,"href":"https:\/\/www.aubergedecassagne.com\/de\/wp-json\/wp\/v2\/users\/16"}],"replies":[{"embeddable":true,"href":"https:\/\/www.aubergedecassagne.com\/de\/wp-json\/wp\/v2\/comments?post=967"}],"version-history":[{"count":0,"href":"https:\/\/www.aubergedecassagne.com\/de\/wp-json\/wp\/v2\/pages\/967\/revisions"}],"up":[{"embeddable":true,"href":"https:\/\/www.aubergedecassagne.com\/de\/wp-json\/wp\/v2\/pages\/964"}],"wp:featuredmedia":[{"embeddable":true,"href":"https:\/\/www.aubergedecassagne.com\/de\/wp-json\/wp\/v2\/media\/187"}],"wp:attachment":[{"href":"https:\/\/www.aubergedecassagne.com\/de\/wp-json\/wp\/v2\/media?parent=967"}],"curies":[{"name":"wp","href":"https:\/\/api.w.org\/{rel}","templated":true}]}}