{"id":956,"date":"2023-12-04T10:07:05","date_gmt":"2023-12-04T09:07:05","guid":{"rendered":"https:\/\/www.aubergedecassagne.com\/zimmer-suiten\/suite-piscine\/"},"modified":"2026-04-06T11:06:06","modified_gmt":"2026-04-06T09:06:06","slug":"pool-suite","status":"publish","type":"page","link":"https:\/\/www.aubergedecassagne.com\/de\/zimmer-suiten\/pool-suite\/","title":{"rendered":"Pool Suite"},"content":{"rendered":"<p style=\"text-align: center\">Die Suite Piscine, eine luxuri\u00f6se Suite der Auberge de Cassagne &amp; Spa, ist ganz der Eleganz und dem Komfort im Zeichen zeitgen\u00f6ssischen Designs gewidmet.<\/p>\n<p style=\"text-align: center\">In den Farben Grau, Wei\u00df und Schwarz spielen die R\u00e4ume mit Licht und Reflexen. Man genie\u00dft es, sich in dieser wundersch\u00f6nen 5-Sterne-Suite zu entspannen und neue Energie zu tanken, bevor man sich aufmacht, die Provence zu entdecken. Sie werden die sch\u00f6ne Terrasse in der N\u00e4he des Hotelpools, einen separaten Wohnbereich mit einem Schlafsofa<br \/>\nsowie das Badezimmer mit separater Dusche und Whirlpool-Badewanne zu sch\u00e4tzen wissen, um sich in einem Moment purer Entspannung zu erholen.<\/p>\n","protected":false},"excerpt":{"rendered":"<p>Die Suite Piscine, eine luxuri\u00f6se Suite der Auberge de Cassagne &amp; Spa, ist ganz der Eleganz und dem Komfort im Zeichen zeitgen\u00f6ssischen Designs gewidmet. In den Farben Grau, Wei\u00df und Schwarz spielen die R\u00e4ume mit Licht und Reflexen. Man genie\u00dft es, sich in dieser wundersch\u00f6nen 5-Sterne-Suite zu entspannen und neue Energie zu tanken, bevor man [&hellip;]<\/p>\n","protected":false},"author":16,"featured_media":133,"parent":928,"menu_order":290,"comment_status":"closed","ping_status":"closed","template":"template-single-room.php","meta":{"footnotes":""},"yoast_head":"<!-- This site is optimized with the Yoast SEO plugin v22.3 - https:\/\/yoast.com\/wordpress\/plugins\/seo\/ -->\n<title>Pool Suite mit privatem Jacuzzi Avignon | Auberge de Cassagne &amp; Spa<\/title>\n<meta name=\"description\" content=\"\u00dcbernachtung in Avignon: Pool Suite im Luxushotel Auberge de Cassagne, einem sch\u00f6nen Hotel in der Provence. Privater Jacuzzi, mit Terrasse, ideal f\u00fcr bis zu 4 Personen.\" \/>\n<meta name=\"robots\" content=\"index, follow, max-snippet:-1, max-image-preview:large, max-video-preview:-1\" \/>\n<link rel=\"canonical\" href=\"https:\/\/www.aubergedecassagne.com\/de\/zimmer-suiten\/pool-suite\/\" \/>\n<meta property=\"og:locale\" content=\"de_DE\" \/>\n<meta property=\"og:type\" content=\"article\" \/>\n<meta property=\"og:title\" content=\"Pool Suite mit privatem Jacuzzi Avignon | Auberge de Cassagne &amp; Spa\" \/>\n<meta property=\"og:description\" content=\"\u00dcbernachtung in Avignon: Pool Suite im Luxushotel Auberge de Cassagne, einem sch\u00f6nen Hotel in der Provence. Privater Jacuzzi, mit Terrasse, ideal f\u00fcr bis zu 4 Personen.\" \/>\n<meta property=\"og:url\" content=\"https:\/\/www.aubergedecassagne.com\/de\/zimmer-suiten\/pool-suite\/\" \/>\n<meta property=\"og:site_name\" content=\"Auberge de Cassagne\" \/>\n<meta property=\"article:modified_time\" content=\"2026-04-06T09:06:06+00:00\" \/>\n<meta property=\"og:image\" content=\"https:\/\/www.aubergedecassagne.com\/wp-content\/uploads\/sites\/75\/2023\/11\/Aubergedecassagnespa-hotel_suite_piscine_entree_salon.jpg\" \/>\n\t<meta property=\"og:image:width\" content=\"2200\" \/>\n\t<meta property=\"og:image:height\" content=\"1100\" \/>\n\t<meta property=\"og:image:type\" content=\"image\/jpeg\" \/>\n<meta name=\"twitter:card\" content=\"summary_large_image\" \/>\n<meta name=\"twitter:label1\" content=\"Gesch\u00e4tzte Lesezeit\" \/>\n\t<meta name=\"twitter:data1\" content=\"1 Minute\" \/>\n<script type=\"application\/ld+json\" class=\"yoast-schema-graph\">{\"@context\":\"https:\/\/schema.org\",\"@graph\":[{\"@type\":\"WebPage\",\"@id\":\"https:\/\/www.aubergedecassagne.com\/de\/zimmer-suiten\/pool-suite\/\",\"url\":\"https:\/\/www.aubergedecassagne.com\/de\/zimmer-suiten\/pool-suite\/\",\"name\":\"Pool Suite mit privatem Jacuzzi Avignon | Auberge de Cassagne & Spa\",\"isPartOf\":{\"@id\":\"https:\/\/www.aubergedecassagne.com\/de\/#website\"},\"primaryImageOfPage\":{\"@id\":\"https:\/\/www.aubergedecassagne.com\/de\/zimmer-suiten\/pool-suite\/#primaryimage\"},\"image\":{\"@id\":\"https:\/\/www.aubergedecassagne.com\/de\/zimmer-suiten\/pool-suite\/#primaryimage\"},\"thumbnailUrl\":\"https:\/\/www.aubergedecassagne.com\/wp-content\/uploads\/sites\/75\/2023\/11\/Aubergedecassagnespa-hotel_suite_piscine_entree_salon.jpg\",\"datePublished\":\"2023-12-04T09:07:05+00:00\",\"dateModified\":\"2026-04-06T09:06:06+00:00\",\"description\":\"\u00dcbernachtung in Avignon: Pool Suite im Luxushotel Auberge de Cassagne, einem sch\u00f6nen Hotel in der Provence. Privater Jacuzzi, mit Terrasse, ideal f\u00fcr bis zu 4 Personen.\",\"breadcrumb\":{\"@id\":\"https:\/\/www.aubergedecassagne.com\/de\/zimmer-suiten\/pool-suite\/#breadcrumb\"},\"inLanguage\":\"de-DE\",\"potentialAction\":[{\"@type\":\"ReadAction\",\"target\":[\"https:\/\/www.aubergedecassagne.com\/de\/zimmer-suiten\/pool-suite\/\"]}]},{\"@type\":\"ImageObject\",\"inLanguage\":\"de-DE\",\"@id\":\"https:\/\/www.aubergedecassagne.com\/de\/zimmer-suiten\/pool-suite\/#primaryimage\",\"url\":\"https:\/\/www.aubergedecassagne.com\/wp-content\/uploads\/sites\/75\/2023\/11\/Aubergedecassagnespa-hotel_suite_piscine_entree_salon.jpg\",\"contentUrl\":\"https:\/\/www.aubergedecassagne.com\/wp-content\/uploads\/sites\/75\/2023\/11\/Aubergedecassagnespa-hotel_suite_piscine_entree_salon.jpg\",\"width\":2200,\"height\":1100},{\"@type\":\"BreadcrumbList\",\"@id\":\"https:\/\/www.aubergedecassagne.com\/de\/zimmer-suiten\/pool-suite\/#breadcrumb\",\"itemListElement\":[{\"@type\":\"ListItem\",\"position\":1,\"name\":\"Accueil\",\"item\":\"https:\/\/www.aubergedecassagne.com\/de\/\"},{\"@type\":\"ListItem\",\"position\":2,\"name\":\"Zimmer &amp; Suiten\",\"item\":\"https:\/\/www.aubergedecassagne.com\/de\/zimmer-suiten\/\"},{\"@type\":\"ListItem\",\"position\":3,\"name\":\"Pool Suite\"}]},{\"@type\":\"WebSite\",\"@id\":\"https:\/\/www.aubergedecassagne.com\/de\/#website\",\"url\":\"https:\/\/www.aubergedecassagne.com\/de\/\",\"name\":\"Auberge de Cassagne\",\"description\":\"\",\"potentialAction\":[{\"@type\":\"SearchAction\",\"target\":{\"@type\":\"EntryPoint\",\"urlTemplate\":\"https:\/\/www.aubergedecassagne.com\/de\/?s={search_term_string}\"},\"query-input\":\"required name=search_term_string\"}],\"inLanguage\":\"de-DE\"}]}<\/script>\n<!-- \/ Yoast SEO plugin. -->","yoast_head_json":{"title":"Pool Suite mit privatem Jacuzzi Avignon | Auberge de Cassagne & Spa","description":"\u00dcbernachtung in Avignon: Pool Suite im Luxushotel Auberge de Cassagne, einem sch\u00f6nen Hotel in der Provence. Privater Jacuzzi, mit Terrasse, ideal f\u00fcr bis zu 4 Personen.","robots":{"index":"index","follow":"follow","max-snippet":"max-snippet:-1","max-image-preview":"max-image-preview:large","max-video-preview":"max-video-preview:-1"},"canonical":"https:\/\/www.aubergedecassagne.com\/de\/zimmer-suiten\/pool-suite\/","og_locale":"de_DE","og_type":"article","og_title":"Pool Suite mit privatem Jacuzzi Avignon | Auberge de Cassagne & Spa","og_description":"\u00dcbernachtung in Avignon: Pool Suite im Luxushotel Auberge de Cassagne, einem sch\u00f6nen Hotel in der Provence. Privater Jacuzzi, mit Terrasse, ideal f\u00fcr bis zu 4 Personen.","og_url":"https:\/\/www.aubergedecassagne.com\/de\/zimmer-suiten\/pool-suite\/","og_site_name":"Auberge de Cassagne","article_modified_time":"2026-04-06T09:06:06+00:00","og_image":[{"width":2200,"height":1100,"url":"https:\/\/www.aubergedecassagne.com\/wp-content\/uploads\/sites\/75\/2023\/11\/Aubergedecassagnespa-hotel_suite_piscine_entree_salon.jpg","type":"image\/jpeg"}],"twitter_card":"summary_large_image","twitter_misc":{"Gesch\u00e4tzte Lesezeit":"1 Minute"},"schema":{"@context":"https:\/\/schema.org","@graph":[{"@type":"WebPage","@id":"https:\/\/www.aubergedecassagne.com\/de\/zimmer-suiten\/pool-suite\/","url":"https:\/\/www.aubergedecassagne.com\/de\/zimmer-suiten\/pool-suite\/","name":"Pool Suite mit privatem Jacuzzi Avignon | Auberge de Cassagne & Spa","isPartOf":{"@id":"https:\/\/www.aubergedecassagne.com\/de\/#website"},"primaryImageOfPage":{"@id":"https:\/\/www.aubergedecassagne.com\/de\/zimmer-suiten\/pool-suite\/#primaryimage"},"image":{"@id":"https:\/\/www.aubergedecassagne.com\/de\/zimmer-suiten\/pool-suite\/#primaryimage"},"thumbnailUrl":"https:\/\/www.aubergedecassagne.com\/wp-content\/uploads\/sites\/75\/2023\/11\/Aubergedecassagnespa-hotel_suite_piscine_entree_salon.jpg","datePublished":"2023-12-04T09:07:05+00:00","dateModified":"2026-04-06T09:06:06+00:00","description":"\u00dcbernachtung in Avignon: Pool Suite im Luxushotel Auberge de Cassagne, einem sch\u00f6nen Hotel in der Provence. Privater Jacuzzi, mit Terrasse, ideal f\u00fcr bis zu 4 Personen.","breadcrumb":{"@id":"https:\/\/www.aubergedecassagne.com\/de\/zimmer-suiten\/pool-suite\/#breadcrumb"},"inLanguage":"de-DE","potentialAction":[{"@type":"ReadAction","target":["https:\/\/www.aubergedecassagne.com\/de\/zimmer-suiten\/pool-suite\/"]}]},{"@type":"ImageObject","inLanguage":"de-DE","@id":"https:\/\/www.aubergedecassagne.com\/de\/zimmer-suiten\/pool-suite\/#primaryimage","url":"https:\/\/www.aubergedecassagne.com\/wp-content\/uploads\/sites\/75\/2023\/11\/Aubergedecassagnespa-hotel_suite_piscine_entree_salon.jpg","contentUrl":"https:\/\/www.aubergedecassagne.com\/wp-content\/uploads\/sites\/75\/2023\/11\/Aubergedecassagnespa-hotel_suite_piscine_entree_salon.jpg","width":2200,"height":1100},{"@type":"BreadcrumbList","@id":"https:\/\/www.aubergedecassagne.com\/de\/zimmer-suiten\/pool-suite\/#breadcrumb","itemListElement":[{"@type":"ListItem","position":1,"name":"Accueil","item":"https:\/\/www.aubergedecassagne.com\/de\/"},{"@type":"ListItem","position":2,"name":"Zimmer &amp; Suiten","item":"https:\/\/www.aubergedecassagne.com\/de\/zimmer-suiten\/"},{"@type":"ListItem","position":3,"name":"Pool Suite"}]},{"@type":"WebSite","@id":"https:\/\/www.aubergedecassagne.com\/de\/#website","url":"https:\/\/www.aubergedecassagne.com\/de\/","name":"Auberge de Cassagne","description":"","potentialAction":[{"@type":"SearchAction","target":{"@type":"EntryPoint","urlTemplate":"https:\/\/www.aubergedecassagne.com\/de\/?s={search_term_string}"},"query-input":"required name=search_term_string"}],"inLanguage":"de-DE"}]}},"acf":[],"_links":{"self":[{"href":"https:\/\/www.aubergedecassagne.com\/de\/wp-json\/wp\/v2\/pages\/956"}],"collection":[{"href":"https:\/\/www.aubergedecassagne.com\/de\/wp-json\/wp\/v2\/pages"}],"about":[{"href":"https:\/\/www.aubergedecassagne.com\/de\/wp-json\/wp\/v2\/types\/page"}],"author":[{"embeddable":true,"href":"https:\/\/www.aubergedecassagne.com\/de\/wp-json\/wp\/v2\/users\/16"}],"replies":[{"embeddable":true,"href":"https:\/\/www.aubergedecassagne.com\/de\/wp-json\/wp\/v2\/comments?post=956"}],"version-history":[{"count":0,"href":"https:\/\/www.aubergedecassagne.com\/de\/wp-json\/wp\/v2\/pages\/956\/revisions"}],"up":[{"embeddable":true,"href":"https:\/\/www.aubergedecassagne.com\/de\/wp-json\/wp\/v2\/pages\/928"}],"wp:featuredmedia":[{"embeddable":true,"href":"https:\/\/www.aubergedecassagne.com\/de\/wp-json\/wp\/v2\/media\/133"}],"wp:attachment":[{"href":"https:\/\/www.aubergedecassagne.com\/de\/wp-json\/wp\/v2\/media?parent=956"}],"curies":[{"name":"wp","href":"https:\/\/api.w.org\/{rel}","templated":true}]}}