{"id":955,"date":"2023-12-05T09:42:20","date_gmt":"2023-12-05T08:42:20","guid":{"rendered":"https:\/\/www.aubergedecassagne.com\/zimmer-suiten\/suite-jardin\/"},"modified":"2026-04-06T11:07:19","modified_gmt":"2026-04-06T09:07:19","slug":"garten-suite","status":"publish","type":"page","link":"https:\/\/www.aubergedecassagne.com\/de\/zimmer-suiten\/garten-suite\/","title":{"rendered":"Garten Suite"},"content":{"rendered":"<p style=\"text-align: center\">Die ruhigen und besonders gem\u00fctlichen Garten-Suiten der Auberge de Cassagne &amp; Spa liegen eingebettet inmitten einer gr\u00fcnen Oase.<br \/>\nSie verf\u00fcgen \u00fcber eine Terrasse mit herrlichem Blick auf den Park und befinden sich im Erdgeschoss oder im ersten Stock, der \u00fcber eine Treppe erreichbar ist.<\/p>\n<p style=\"text-align: center\">Mit einer Fl\u00e4che von 40 bis 50 m\u00b2 bieten diese Suiten einen gem\u00fctlichen separaten Wohnbereich mit Schlafsofa sowie ein liebevoll eingerichtetes Schlafzimmer.<\/p>\n<p style=\"text-align: center\">G\u00f6nnen Sie sich nach einem Ausflug nach Avignon einen Moment der absoluten Entspannung in einem luxuri\u00f6sen Badezimmer, das mit einer Doppel-Whirlpool-Badewanne und einer separaten Dusche ausgestattet ist.<\/p>\n","protected":false},"excerpt":{"rendered":"<p>Die ruhigen und besonders gem\u00fctlichen Garten-Suiten der Auberge de Cassagne &amp; Spa liegen eingebettet inmitten einer gr\u00fcnen Oase. Sie verf\u00fcgen \u00fcber eine Terrasse mit herrlichem Blick auf den Park und befinden sich im Erdgeschoss oder im ersten Stock, der \u00fcber eine Treppe erreichbar ist. Mit einer Fl\u00e4che von 40 bis 50 m\u00b2 bieten diese Suiten [&hellip;]<\/p>\n","protected":false},"author":16,"featured_media":122,"parent":928,"menu_order":2110,"comment_status":"closed","ping_status":"closed","template":"template-single-room.php","meta":{"footnotes":""},"yoast_head":"<!-- This site is optimized with the Yoast SEO plugin v22.3 - https:\/\/yoast.com\/wordpress\/plugins\/seo\/ -->\n<title>Garten Suite mit privatem Jacuzzi Avignon | Auberge de Cassagne &amp; Spa<\/title>\n<meta name=\"description\" content=\"Garten Suite im Luxushotel Auberge de Cassagne, einem sch\u00f6nen Hotel in Avignon in der Provence. Privater Jacuzzi, Gartenblick, ideal f\u00fcr bis zu 4 Personen.\" \/>\n<meta name=\"robots\" content=\"index, follow, max-snippet:-1, max-image-preview:large, max-video-preview:-1\" \/>\n<link rel=\"canonical\" href=\"https:\/\/www.aubergedecassagne.com\/de\/zimmer-suiten\/garten-suite\/\" \/>\n<meta property=\"og:locale\" content=\"de_DE\" \/>\n<meta property=\"og:type\" content=\"article\" \/>\n<meta property=\"og:title\" content=\"Garten Suite mit privatem Jacuzzi Avignon | Auberge de Cassagne &amp; Spa\" \/>\n<meta property=\"og:description\" content=\"Garten Suite im Luxushotel Auberge de Cassagne, einem sch\u00f6nen Hotel in Avignon in der Provence. Privater Jacuzzi, Gartenblick, ideal f\u00fcr bis zu 4 Personen.\" \/>\n<meta property=\"og:url\" content=\"https:\/\/www.aubergedecassagne.com\/de\/zimmer-suiten\/garten-suite\/\" \/>\n<meta property=\"og:site_name\" content=\"Auberge de Cassagne\" \/>\n<meta property=\"article:modified_time\" content=\"2026-04-06T09:07:19+00:00\" \/>\n<meta property=\"og:image\" content=\"https:\/\/www.aubergedecassagne.com\/wp-content\/uploads\/sites\/75\/2023\/11\/Aubergedecassagnespa-hotel_suite_jardin_chambre.jpg\" \/>\n\t<meta property=\"og:image:width\" content=\"2200\" \/>\n\t<meta property=\"og:image:height\" content=\"1100\" \/>\n\t<meta property=\"og:image:type\" content=\"image\/jpeg\" \/>\n<meta name=\"twitter:card\" content=\"summary_large_image\" \/>\n<meta name=\"twitter:label1\" content=\"Gesch\u00e4tzte Lesezeit\" \/>\n\t<meta name=\"twitter:data1\" content=\"1 Minute\" \/>\n<script type=\"application\/ld+json\" class=\"yoast-schema-graph\">{\"@context\":\"https:\/\/schema.org\",\"@graph\":[{\"@type\":\"WebPage\",\"@id\":\"https:\/\/www.aubergedecassagne.com\/de\/zimmer-suiten\/garten-suite\/\",\"url\":\"https:\/\/www.aubergedecassagne.com\/de\/zimmer-suiten\/garten-suite\/\",\"name\":\"Garten Suite mit privatem Jacuzzi Avignon | Auberge de Cassagne & Spa\",\"isPartOf\":{\"@id\":\"https:\/\/www.aubergedecassagne.com\/de\/#website\"},\"primaryImageOfPage\":{\"@id\":\"https:\/\/www.aubergedecassagne.com\/de\/zimmer-suiten\/garten-suite\/#primaryimage\"},\"image\":{\"@id\":\"https:\/\/www.aubergedecassagne.com\/de\/zimmer-suiten\/garten-suite\/#primaryimage\"},\"thumbnailUrl\":\"https:\/\/www.aubergedecassagne.com\/wp-content\/uploads\/sites\/75\/2023\/11\/Aubergedecassagnespa-hotel_suite_jardin_chambre.jpg\",\"datePublished\":\"2023-12-05T08:42:20+00:00\",\"dateModified\":\"2026-04-06T09:07:19+00:00\",\"description\":\"Garten Suite im Luxushotel Auberge de Cassagne, einem sch\u00f6nen Hotel in Avignon in der Provence. Privater Jacuzzi, Gartenblick, ideal f\u00fcr bis zu 4 Personen.\",\"breadcrumb\":{\"@id\":\"https:\/\/www.aubergedecassagne.com\/de\/zimmer-suiten\/garten-suite\/#breadcrumb\"},\"inLanguage\":\"de-DE\",\"potentialAction\":[{\"@type\":\"ReadAction\",\"target\":[\"https:\/\/www.aubergedecassagne.com\/de\/zimmer-suiten\/garten-suite\/\"]}]},{\"@type\":\"ImageObject\",\"inLanguage\":\"de-DE\",\"@id\":\"https:\/\/www.aubergedecassagne.com\/de\/zimmer-suiten\/garten-suite\/#primaryimage\",\"url\":\"https:\/\/www.aubergedecassagne.com\/wp-content\/uploads\/sites\/75\/2023\/11\/Aubergedecassagnespa-hotel_suite_jardin_chambre.jpg\",\"contentUrl\":\"https:\/\/www.aubergedecassagne.com\/wp-content\/uploads\/sites\/75\/2023\/11\/Aubergedecassagnespa-hotel_suite_jardin_chambre.jpg\",\"width\":2200,\"height\":1100},{\"@type\":\"BreadcrumbList\",\"@id\":\"https:\/\/www.aubergedecassagne.com\/de\/zimmer-suiten\/garten-suite\/#breadcrumb\",\"itemListElement\":[{\"@type\":\"ListItem\",\"position\":1,\"name\":\"Accueil\",\"item\":\"https:\/\/www.aubergedecassagne.com\/de\/\"},{\"@type\":\"ListItem\",\"position\":2,\"name\":\"Zimmer &amp; Suiten\",\"item\":\"https:\/\/www.aubergedecassagne.com\/de\/zimmer-suiten\/\"},{\"@type\":\"ListItem\",\"position\":3,\"name\":\"Garten Suite\"}]},{\"@type\":\"WebSite\",\"@id\":\"https:\/\/www.aubergedecassagne.com\/de\/#website\",\"url\":\"https:\/\/www.aubergedecassagne.com\/de\/\",\"name\":\"Auberge de Cassagne\",\"description\":\"\",\"potentialAction\":[{\"@type\":\"SearchAction\",\"target\":{\"@type\":\"EntryPoint\",\"urlTemplate\":\"https:\/\/www.aubergedecassagne.com\/de\/?s={search_term_string}\"},\"query-input\":\"required name=search_term_string\"}],\"inLanguage\":\"de-DE\"}]}<\/script>\n<!-- \/ Yoast SEO plugin. -->","yoast_head_json":{"title":"Garten Suite mit privatem Jacuzzi Avignon | Auberge de Cassagne & Spa","description":"Garten Suite im Luxushotel Auberge de Cassagne, einem sch\u00f6nen Hotel in Avignon in der Provence. Privater Jacuzzi, Gartenblick, ideal f\u00fcr bis zu 4 Personen.","robots":{"index":"index","follow":"follow","max-snippet":"max-snippet:-1","max-image-preview":"max-image-preview:large","max-video-preview":"max-video-preview:-1"},"canonical":"https:\/\/www.aubergedecassagne.com\/de\/zimmer-suiten\/garten-suite\/","og_locale":"de_DE","og_type":"article","og_title":"Garten Suite mit privatem Jacuzzi Avignon | Auberge de Cassagne & Spa","og_description":"Garten Suite im Luxushotel Auberge de Cassagne, einem sch\u00f6nen Hotel in Avignon in der Provence. Privater Jacuzzi, Gartenblick, ideal f\u00fcr bis zu 4 Personen.","og_url":"https:\/\/www.aubergedecassagne.com\/de\/zimmer-suiten\/garten-suite\/","og_site_name":"Auberge de Cassagne","article_modified_time":"2026-04-06T09:07:19+00:00","og_image":[{"width":2200,"height":1100,"url":"https:\/\/www.aubergedecassagne.com\/wp-content\/uploads\/sites\/75\/2023\/11\/Aubergedecassagnespa-hotel_suite_jardin_chambre.jpg","type":"image\/jpeg"}],"twitter_card":"summary_large_image","twitter_misc":{"Gesch\u00e4tzte Lesezeit":"1 Minute"},"schema":{"@context":"https:\/\/schema.org","@graph":[{"@type":"WebPage","@id":"https:\/\/www.aubergedecassagne.com\/de\/zimmer-suiten\/garten-suite\/","url":"https:\/\/www.aubergedecassagne.com\/de\/zimmer-suiten\/garten-suite\/","name":"Garten Suite mit privatem Jacuzzi Avignon | Auberge de Cassagne & Spa","isPartOf":{"@id":"https:\/\/www.aubergedecassagne.com\/de\/#website"},"primaryImageOfPage":{"@id":"https:\/\/www.aubergedecassagne.com\/de\/zimmer-suiten\/garten-suite\/#primaryimage"},"image":{"@id":"https:\/\/www.aubergedecassagne.com\/de\/zimmer-suiten\/garten-suite\/#primaryimage"},"thumbnailUrl":"https:\/\/www.aubergedecassagne.com\/wp-content\/uploads\/sites\/75\/2023\/11\/Aubergedecassagnespa-hotel_suite_jardin_chambre.jpg","datePublished":"2023-12-05T08:42:20+00:00","dateModified":"2026-04-06T09:07:19+00:00","description":"Garten Suite im Luxushotel Auberge de Cassagne, einem sch\u00f6nen Hotel in Avignon in der Provence. Privater Jacuzzi, Gartenblick, ideal f\u00fcr bis zu 4 Personen.","breadcrumb":{"@id":"https:\/\/www.aubergedecassagne.com\/de\/zimmer-suiten\/garten-suite\/#breadcrumb"},"inLanguage":"de-DE","potentialAction":[{"@type":"ReadAction","target":["https:\/\/www.aubergedecassagne.com\/de\/zimmer-suiten\/garten-suite\/"]}]},{"@type":"ImageObject","inLanguage":"de-DE","@id":"https:\/\/www.aubergedecassagne.com\/de\/zimmer-suiten\/garten-suite\/#primaryimage","url":"https:\/\/www.aubergedecassagne.com\/wp-content\/uploads\/sites\/75\/2023\/11\/Aubergedecassagnespa-hotel_suite_jardin_chambre.jpg","contentUrl":"https:\/\/www.aubergedecassagne.com\/wp-content\/uploads\/sites\/75\/2023\/11\/Aubergedecassagnespa-hotel_suite_jardin_chambre.jpg","width":2200,"height":1100},{"@type":"BreadcrumbList","@id":"https:\/\/www.aubergedecassagne.com\/de\/zimmer-suiten\/garten-suite\/#breadcrumb","itemListElement":[{"@type":"ListItem","position":1,"name":"Accueil","item":"https:\/\/www.aubergedecassagne.com\/de\/"},{"@type":"ListItem","position":2,"name":"Zimmer &amp; Suiten","item":"https:\/\/www.aubergedecassagne.com\/de\/zimmer-suiten\/"},{"@type":"ListItem","position":3,"name":"Garten Suite"}]},{"@type":"WebSite","@id":"https:\/\/www.aubergedecassagne.com\/de\/#website","url":"https:\/\/www.aubergedecassagne.com\/de\/","name":"Auberge de Cassagne","description":"","potentialAction":[{"@type":"SearchAction","target":{"@type":"EntryPoint","urlTemplate":"https:\/\/www.aubergedecassagne.com\/de\/?s={search_term_string}"},"query-input":"required name=search_term_string"}],"inLanguage":"de-DE"}]}},"acf":[],"_links":{"self":[{"href":"https:\/\/www.aubergedecassagne.com\/de\/wp-json\/wp\/v2\/pages\/955"}],"collection":[{"href":"https:\/\/www.aubergedecassagne.com\/de\/wp-json\/wp\/v2\/pages"}],"about":[{"href":"https:\/\/www.aubergedecassagne.com\/de\/wp-json\/wp\/v2\/types\/page"}],"author":[{"embeddable":true,"href":"https:\/\/www.aubergedecassagne.com\/de\/wp-json\/wp\/v2\/users\/16"}],"replies":[{"embeddable":true,"href":"https:\/\/www.aubergedecassagne.com\/de\/wp-json\/wp\/v2\/comments?post=955"}],"version-history":[{"count":0,"href":"https:\/\/www.aubergedecassagne.com\/de\/wp-json\/wp\/v2\/pages\/955\/revisions"}],"up":[{"embeddable":true,"href":"https:\/\/www.aubergedecassagne.com\/de\/wp-json\/wp\/v2\/pages\/928"}],"wp:featuredmedia":[{"embeddable":true,"href":"https:\/\/www.aubergedecassagne.com\/de\/wp-json\/wp\/v2\/media\/122"}],"wp:attachment":[{"href":"https:\/\/www.aubergedecassagne.com\/de\/wp-json\/wp\/v2\/media?parent=955"}],"curies":[{"name":"wp","href":"https:\/\/api.w.org\/{rel}","templated":true}]}}