{"id":949,"date":"2023-12-04T10:04:30","date_gmt":"2023-12-04T09:04:30","guid":{"rendered":"https:\/\/www.aubergedecassagne.com\/zimmer-suiten\/suite-junior\/"},"modified":"2026-04-06T11:03:40","modified_gmt":"2026-04-06T09:03:40","slug":"junior-suite","status":"publish","type":"page","link":"https:\/\/www.aubergedecassagne.com\/de\/zimmer-suiten\/junior-suite\/","title":{"rendered":"Junior Suite"},"content":{"rendered":"<p style=\"text-align: center\">Entdecken Sie die ger\u00e4umige Junior-Suite im provenzalischen Stil der Auberge de Cassagne &amp; Spa im ersten Stock, die \u00fcber eine Treppe erreichbar ist.<br \/>\nW\u00e4hrend Ihres gesamten Aufenthalts in Pontet-Avignon bieten Ihnen diese 40 m\u00b2 gro\u00dfen \u201eJunior-Suiten\u201c Gem\u00fctlichkeit und Komfort.<\/p>\n<p style=\"text-align: center\">Das Schlafzimmer \u00f6ffnet sich zu einem Familienwohnbereich mit einem Schlafsofa und einer gro\u00dfen, voll ausgestatteten Terrasse mit Blick auf den Garten. Es besteht die M\u00f6glichkeit, zwei miteinander verbundene Zimmer zu buchen.<\/p>\n<p style=\"text-align: center\">Das sehr luxuri\u00f6se Badezimmer mit einer Whirlpool-Badewanne f\u00fcr zwei Personen und einer separaten Dusche l\u00e4dt Sie ein, sich im Herzen der Provence vollkommen zu entspannen.<\/p>\n","protected":false},"excerpt":{"rendered":"<p>Entdecken Sie die ger\u00e4umige Junior-Suite im provenzalischen Stil der Auberge de Cassagne &amp; Spa im ersten Stock, die \u00fcber eine Treppe erreichbar ist. W\u00e4hrend Ihres gesamten Aufenthalts in Pontet-Avignon bieten Ihnen diese 40 m\u00b2 gro\u00dfen \u201eJunior-Suiten\u201c Gem\u00fctlichkeit und Komfort. Das Schlafzimmer \u00f6ffnet sich zu einem Familienwohnbereich mit einem Schlafsofa und einer gro\u00dfen, voll ausgestatteten Terrasse [&hellip;]<\/p>\n","protected":false},"author":16,"featured_media":303,"parent":928,"menu_order":270,"comment_status":"closed","ping_status":"closed","template":"template-single-room.php","meta":{"footnotes":""},"yoast_head":"<!-- This site is optimized with the Yoast SEO plugin v22.3 - https:\/\/yoast.com\/wordpress\/plugins\/seo\/ -->\n<title>Junior Suite mit privatem Jacuzzi Avignon | Auberge de Cassagne &amp; Spa<\/title>\n<meta name=\"description\" content=\"\u00dcbernachtung in Avignon: Junior Suite im Luxushotel Auberge de Cassagne, einem sch\u00f6nen Hotel in der Provence. Privater Jacuzzi, Terrasse, ideal f\u00fcr bis zu 4 Personen.\" \/>\n<meta name=\"robots\" content=\"index, follow, max-snippet:-1, max-image-preview:large, max-video-preview:-1\" \/>\n<link rel=\"canonical\" href=\"https:\/\/www.aubergedecassagne.com\/de\/zimmer-suiten\/junior-suite\/\" \/>\n<meta property=\"og:locale\" content=\"de_DE\" \/>\n<meta property=\"og:type\" content=\"article\" \/>\n<meta property=\"og:title\" content=\"Junior Suite mit privatem Jacuzzi Avignon | Auberge de Cassagne &amp; Spa\" \/>\n<meta property=\"og:description\" content=\"\u00dcbernachtung in Avignon: Junior Suite im Luxushotel Auberge de Cassagne, einem sch\u00f6nen Hotel in der Provence. Privater Jacuzzi, Terrasse, ideal f\u00fcr bis zu 4 Personen.\" \/>\n<meta property=\"og:url\" content=\"https:\/\/www.aubergedecassagne.com\/de\/zimmer-suiten\/junior-suite\/\" \/>\n<meta property=\"og:site_name\" content=\"Auberge de Cassagne\" \/>\n<meta property=\"article:modified_time\" content=\"2026-04-06T09:03:40+00:00\" \/>\n<meta property=\"og:image\" content=\"https:\/\/www.aubergedecassagne.com\/wp-content\/uploads\/sites\/75\/2023\/12\/Aubergedecassagnespa-hotel_junior_suite_chambre_lit_canape_lit2.jpg\" \/>\n\t<meta property=\"og:image:width\" content=\"2200\" \/>\n\t<meta property=\"og:image:height\" content=\"1100\" \/>\n\t<meta property=\"og:image:type\" content=\"image\/jpeg\" \/>\n<meta name=\"twitter:card\" content=\"summary_large_image\" \/>\n<meta name=\"twitter:label1\" content=\"Gesch\u00e4tzte Lesezeit\" \/>\n\t<meta name=\"twitter:data1\" content=\"1 Minute\" \/>\n<script type=\"application\/ld+json\" class=\"yoast-schema-graph\">{\"@context\":\"https:\/\/schema.org\",\"@graph\":[{\"@type\":\"WebPage\",\"@id\":\"https:\/\/www.aubergedecassagne.com\/de\/zimmer-suiten\/junior-suite\/\",\"url\":\"https:\/\/www.aubergedecassagne.com\/de\/zimmer-suiten\/junior-suite\/\",\"name\":\"Junior Suite mit privatem Jacuzzi Avignon | Auberge de Cassagne & Spa\",\"isPartOf\":{\"@id\":\"https:\/\/www.aubergedecassagne.com\/de\/#website\"},\"primaryImageOfPage\":{\"@id\":\"https:\/\/www.aubergedecassagne.com\/de\/zimmer-suiten\/junior-suite\/#primaryimage\"},\"image\":{\"@id\":\"https:\/\/www.aubergedecassagne.com\/de\/zimmer-suiten\/junior-suite\/#primaryimage\"},\"thumbnailUrl\":\"https:\/\/www.aubergedecassagne.com\/wp-content\/uploads\/sites\/75\/2023\/12\/Aubergedecassagnespa-hotel_junior_suite_chambre_lit_canape_lit2.jpg\",\"datePublished\":\"2023-12-04T09:04:30+00:00\",\"dateModified\":\"2026-04-06T09:03:40+00:00\",\"description\":\"\u00dcbernachtung in Avignon: Junior Suite im Luxushotel Auberge de Cassagne, einem sch\u00f6nen Hotel in der Provence. Privater Jacuzzi, Terrasse, ideal f\u00fcr bis zu 4 Personen.\",\"breadcrumb\":{\"@id\":\"https:\/\/www.aubergedecassagne.com\/de\/zimmer-suiten\/junior-suite\/#breadcrumb\"},\"inLanguage\":\"de-DE\",\"potentialAction\":[{\"@type\":\"ReadAction\",\"target\":[\"https:\/\/www.aubergedecassagne.com\/de\/zimmer-suiten\/junior-suite\/\"]}]},{\"@type\":\"ImageObject\",\"inLanguage\":\"de-DE\",\"@id\":\"https:\/\/www.aubergedecassagne.com\/de\/zimmer-suiten\/junior-suite\/#primaryimage\",\"url\":\"https:\/\/www.aubergedecassagne.com\/wp-content\/uploads\/sites\/75\/2023\/12\/Aubergedecassagnespa-hotel_junior_suite_chambre_lit_canape_lit2.jpg\",\"contentUrl\":\"https:\/\/www.aubergedecassagne.com\/wp-content\/uploads\/sites\/75\/2023\/12\/Aubergedecassagnespa-hotel_junior_suite_chambre_lit_canape_lit2.jpg\",\"width\":2200,\"height\":1100},{\"@type\":\"BreadcrumbList\",\"@id\":\"https:\/\/www.aubergedecassagne.com\/de\/zimmer-suiten\/junior-suite\/#breadcrumb\",\"itemListElement\":[{\"@type\":\"ListItem\",\"position\":1,\"name\":\"Accueil\",\"item\":\"https:\/\/www.aubergedecassagne.com\/de\/\"},{\"@type\":\"ListItem\",\"position\":2,\"name\":\"Zimmer &amp; Suiten\",\"item\":\"https:\/\/www.aubergedecassagne.com\/de\/zimmer-suiten\/\"},{\"@type\":\"ListItem\",\"position\":3,\"name\":\"Junior Suite\"}]},{\"@type\":\"WebSite\",\"@id\":\"https:\/\/www.aubergedecassagne.com\/de\/#website\",\"url\":\"https:\/\/www.aubergedecassagne.com\/de\/\",\"name\":\"Auberge de Cassagne\",\"description\":\"\",\"potentialAction\":[{\"@type\":\"SearchAction\",\"target\":{\"@type\":\"EntryPoint\",\"urlTemplate\":\"https:\/\/www.aubergedecassagne.com\/de\/?s={search_term_string}\"},\"query-input\":\"required name=search_term_string\"}],\"inLanguage\":\"de-DE\"}]}<\/script>\n<!-- \/ Yoast SEO plugin. -->","yoast_head_json":{"title":"Junior Suite mit privatem Jacuzzi Avignon | Auberge de Cassagne & Spa","description":"\u00dcbernachtung in Avignon: Junior Suite im Luxushotel Auberge de Cassagne, einem sch\u00f6nen Hotel in der Provence. Privater Jacuzzi, Terrasse, ideal f\u00fcr bis zu 4 Personen.","robots":{"index":"index","follow":"follow","max-snippet":"max-snippet:-1","max-image-preview":"max-image-preview:large","max-video-preview":"max-video-preview:-1"},"canonical":"https:\/\/www.aubergedecassagne.com\/de\/zimmer-suiten\/junior-suite\/","og_locale":"de_DE","og_type":"article","og_title":"Junior Suite mit privatem Jacuzzi Avignon | Auberge de Cassagne & Spa","og_description":"\u00dcbernachtung in Avignon: Junior Suite im Luxushotel Auberge de Cassagne, einem sch\u00f6nen Hotel in der Provence. Privater Jacuzzi, Terrasse, ideal f\u00fcr bis zu 4 Personen.","og_url":"https:\/\/www.aubergedecassagne.com\/de\/zimmer-suiten\/junior-suite\/","og_site_name":"Auberge de Cassagne","article_modified_time":"2026-04-06T09:03:40+00:00","og_image":[{"width":2200,"height":1100,"url":"https:\/\/www.aubergedecassagne.com\/wp-content\/uploads\/sites\/75\/2023\/12\/Aubergedecassagnespa-hotel_junior_suite_chambre_lit_canape_lit2.jpg","type":"image\/jpeg"}],"twitter_card":"summary_large_image","twitter_misc":{"Gesch\u00e4tzte Lesezeit":"1 Minute"},"schema":{"@context":"https:\/\/schema.org","@graph":[{"@type":"WebPage","@id":"https:\/\/www.aubergedecassagne.com\/de\/zimmer-suiten\/junior-suite\/","url":"https:\/\/www.aubergedecassagne.com\/de\/zimmer-suiten\/junior-suite\/","name":"Junior Suite mit privatem Jacuzzi Avignon | Auberge de Cassagne & Spa","isPartOf":{"@id":"https:\/\/www.aubergedecassagne.com\/de\/#website"},"primaryImageOfPage":{"@id":"https:\/\/www.aubergedecassagne.com\/de\/zimmer-suiten\/junior-suite\/#primaryimage"},"image":{"@id":"https:\/\/www.aubergedecassagne.com\/de\/zimmer-suiten\/junior-suite\/#primaryimage"},"thumbnailUrl":"https:\/\/www.aubergedecassagne.com\/wp-content\/uploads\/sites\/75\/2023\/12\/Aubergedecassagnespa-hotel_junior_suite_chambre_lit_canape_lit2.jpg","datePublished":"2023-12-04T09:04:30+00:00","dateModified":"2026-04-06T09:03:40+00:00","description":"\u00dcbernachtung in Avignon: Junior Suite im Luxushotel Auberge de Cassagne, einem sch\u00f6nen Hotel in der Provence. Privater Jacuzzi, Terrasse, ideal f\u00fcr bis zu 4 Personen.","breadcrumb":{"@id":"https:\/\/www.aubergedecassagne.com\/de\/zimmer-suiten\/junior-suite\/#breadcrumb"},"inLanguage":"de-DE","potentialAction":[{"@type":"ReadAction","target":["https:\/\/www.aubergedecassagne.com\/de\/zimmer-suiten\/junior-suite\/"]}]},{"@type":"ImageObject","inLanguage":"de-DE","@id":"https:\/\/www.aubergedecassagne.com\/de\/zimmer-suiten\/junior-suite\/#primaryimage","url":"https:\/\/www.aubergedecassagne.com\/wp-content\/uploads\/sites\/75\/2023\/12\/Aubergedecassagnespa-hotel_junior_suite_chambre_lit_canape_lit2.jpg","contentUrl":"https:\/\/www.aubergedecassagne.com\/wp-content\/uploads\/sites\/75\/2023\/12\/Aubergedecassagnespa-hotel_junior_suite_chambre_lit_canape_lit2.jpg","width":2200,"height":1100},{"@type":"BreadcrumbList","@id":"https:\/\/www.aubergedecassagne.com\/de\/zimmer-suiten\/junior-suite\/#breadcrumb","itemListElement":[{"@type":"ListItem","position":1,"name":"Accueil","item":"https:\/\/www.aubergedecassagne.com\/de\/"},{"@type":"ListItem","position":2,"name":"Zimmer &amp; Suiten","item":"https:\/\/www.aubergedecassagne.com\/de\/zimmer-suiten\/"},{"@type":"ListItem","position":3,"name":"Junior Suite"}]},{"@type":"WebSite","@id":"https:\/\/www.aubergedecassagne.com\/de\/#website","url":"https:\/\/www.aubergedecassagne.com\/de\/","name":"Auberge de Cassagne","description":"","potentialAction":[{"@type":"SearchAction","target":{"@type":"EntryPoint","urlTemplate":"https:\/\/www.aubergedecassagne.com\/de\/?s={search_term_string}"},"query-input":"required name=search_term_string"}],"inLanguage":"de-DE"}]}},"acf":[],"_links":{"self":[{"href":"https:\/\/www.aubergedecassagne.com\/de\/wp-json\/wp\/v2\/pages\/949"}],"collection":[{"href":"https:\/\/www.aubergedecassagne.com\/de\/wp-json\/wp\/v2\/pages"}],"about":[{"href":"https:\/\/www.aubergedecassagne.com\/de\/wp-json\/wp\/v2\/types\/page"}],"author":[{"embeddable":true,"href":"https:\/\/www.aubergedecassagne.com\/de\/wp-json\/wp\/v2\/users\/16"}],"replies":[{"embeddable":true,"href":"https:\/\/www.aubergedecassagne.com\/de\/wp-json\/wp\/v2\/comments?post=949"}],"version-history":[{"count":0,"href":"https:\/\/www.aubergedecassagne.com\/de\/wp-json\/wp\/v2\/pages\/949\/revisions"}],"up":[{"embeddable":true,"href":"https:\/\/www.aubergedecassagne.com\/de\/wp-json\/wp\/v2\/pages\/928"}],"wp:featuredmedia":[{"embeddable":true,"href":"https:\/\/www.aubergedecassagne.com\/de\/wp-json\/wp\/v2\/media\/303"}],"wp:attachment":[{"href":"https:\/\/www.aubergedecassagne.com\/de\/wp-json\/wp\/v2\/media?parent=949"}],"curies":[{"name":"wp","href":"https:\/\/api.w.org\/{rel}","templated":true}]}}