{"id":946,"date":"2023-10-27T15:45:35","date_gmt":"2023-10-27T13:45:35","guid":{"rendered":"https:\/\/www.aubergedecassagne.com\/zimmer-suiten\/chambre-luxe-superieure\/"},"modified":"2025-12-23T10:23:49","modified_gmt":"2025-12-23T09:23:49","slug":"superior-luxuszimmer","status":"publish","type":"page","link":"https:\/\/www.aubergedecassagne.com\/de\/zimmer-suiten\/superior-luxuszimmer\/","title":{"rendered":"Superior Luxuszimmer"},"content":{"rendered":"<p style=\"text-align: center\"><span style=\"font-weight: 400\">Die Kombination aus historischen Stoffen, antiken M\u00f6beln und Terrakottafliesen verleiht dem Superior-Luxuszimmer der Auberge de Cassagne &amp; Spa eine ganz besonders romantische Atmosph\u00e4re.<\/span><\/p>\n<p style=\"text-align: center\"><span style=\"font-weight: 400\">Im Erdgeschoss gelegen, verf\u00fcgt dieses Zimmer \u00fcber ein Badezimmer mit einer Badewanne mit Jacuzzi Funktion f\u00fcr zwei Personen sowie \u00fcber eine separate Dusche. Die zum Garten hin offene Terrasse verleiht dem Ganzen eine charmante Note.<\/span><\/p>\n","protected":false},"excerpt":{"rendered":"<p>Die Kombination aus historischen Stoffen, antiken M\u00f6beln und Terrakottafliesen verleiht dem Superior-Luxuszimmer der Auberge de Cassagne &amp; Spa eine ganz besonders romantische Atmosph\u00e4re. Im Erdgeschoss gelegen, verf\u00fcgt dieses Zimmer \u00fcber ein Badezimmer mit einer Badewanne mit Jacuzzi Funktion f\u00fcr zwei Personen sowie \u00fcber eine separate Dusche. Die zum Garten hin offene Terrasse verleiht dem Ganzen [&hellip;]<\/p>\n","protected":false},"author":16,"featured_media":816,"parent":928,"menu_order":260,"comment_status":"closed","ping_status":"closed","template":"template-single-room.php","meta":{"footnotes":""},"yoast_head":"<!-- This site is optimized with the Yoast SEO plugin v22.3 - https:\/\/yoast.com\/wordpress\/plugins\/seo\/ -->\n<title>\u00dcbernachtung Avignon: Zimmer privatem Jacuzzi | Auberge de Cassagne<\/title>\n<meta name=\"description\" content=\"Mit privatem Jacuzzi, Gartenterrasse und stilvollem Interieur, das Superior Deluxe-Zimmer im Luxushotel in Avignon, ideal f\u00fcr einen Kurzurlaub zu zweit.\" \/>\n<meta name=\"robots\" content=\"index, follow, max-snippet:-1, max-image-preview:large, max-video-preview:-1\" \/>\n<link rel=\"canonical\" href=\"https:\/\/www.aubergedecassagne.com\/de\/zimmer-suiten\/superior-luxuszimmer\/\" \/>\n<meta property=\"og:locale\" content=\"de_DE\" \/>\n<meta property=\"og:type\" content=\"article\" \/>\n<meta property=\"og:title\" content=\"\u00dcbernachtung Avignon: Zimmer privatem Jacuzzi | Auberge de Cassagne\" \/>\n<meta property=\"og:description\" content=\"Mit privatem Jacuzzi, Gartenterrasse und stilvollem Interieur, das Superior Deluxe-Zimmer im Luxushotel in Avignon, ideal f\u00fcr einen Kurzurlaub zu zweit.\" \/>\n<meta property=\"og:url\" content=\"https:\/\/www.aubergedecassagne.com\/de\/zimmer-suiten\/superior-luxuszimmer\/\" \/>\n<meta property=\"og:site_name\" content=\"Auberge de Cassagne\" \/>\n<meta property=\"article:modified_time\" content=\"2025-12-23T09:23:49+00:00\" \/>\n<meta property=\"og:image\" content=\"https:\/\/www.aubergedecassagne.com\/wp-content\/uploads\/sites\/75\/2025\/05\/Aubergedecassagnespa-hotel_chambre_luxe_superieure_lit_orchidee_salon.jpg\" \/>\n\t<meta property=\"og:image:width\" content=\"2130\" \/>\n\t<meta property=\"og:image:height\" content=\"1198\" \/>\n\t<meta property=\"og:image:type\" content=\"image\/jpeg\" \/>\n<meta name=\"twitter:card\" content=\"summary_large_image\" \/>\n<meta name=\"twitter:label1\" content=\"Gesch\u00e4tzte Lesezeit\" \/>\n\t<meta name=\"twitter:data1\" content=\"1 Minute\" \/>\n<script type=\"application\/ld+json\" class=\"yoast-schema-graph\">{\"@context\":\"https:\/\/schema.org\",\"@graph\":[{\"@type\":\"WebPage\",\"@id\":\"https:\/\/www.aubergedecassagne.com\/de\/zimmer-suiten\/superior-luxuszimmer\/\",\"url\":\"https:\/\/www.aubergedecassagne.com\/de\/zimmer-suiten\/superior-luxuszimmer\/\",\"name\":\"\u00dcbernachtung Avignon: Zimmer privatem Jacuzzi | Auberge de Cassagne\",\"isPartOf\":{\"@id\":\"https:\/\/www.aubergedecassagne.com\/de\/#website\"},\"primaryImageOfPage\":{\"@id\":\"https:\/\/www.aubergedecassagne.com\/de\/zimmer-suiten\/superior-luxuszimmer\/#primaryimage\"},\"image\":{\"@id\":\"https:\/\/www.aubergedecassagne.com\/de\/zimmer-suiten\/superior-luxuszimmer\/#primaryimage\"},\"thumbnailUrl\":\"https:\/\/www.aubergedecassagne.com\/wp-content\/uploads\/sites\/75\/2025\/05\/Aubergedecassagnespa-hotel_chambre_luxe_superieure_lit_orchidee_salon.jpg\",\"datePublished\":\"2023-10-27T13:45:35+00:00\",\"dateModified\":\"2025-12-23T09:23:49+00:00\",\"description\":\"Mit privatem Jacuzzi, Gartenterrasse und stilvollem Interieur, das Superior Deluxe-Zimmer im Luxushotel in Avignon, ideal f\u00fcr einen Kurzurlaub zu zweit.\",\"breadcrumb\":{\"@id\":\"https:\/\/www.aubergedecassagne.com\/de\/zimmer-suiten\/superior-luxuszimmer\/#breadcrumb\"},\"inLanguage\":\"de-DE\",\"potentialAction\":[{\"@type\":\"ReadAction\",\"target\":[\"https:\/\/www.aubergedecassagne.com\/de\/zimmer-suiten\/superior-luxuszimmer\/\"]}]},{\"@type\":\"ImageObject\",\"inLanguage\":\"de-DE\",\"@id\":\"https:\/\/www.aubergedecassagne.com\/de\/zimmer-suiten\/superior-luxuszimmer\/#primaryimage\",\"url\":\"https:\/\/www.aubergedecassagne.com\/wp-content\/uploads\/sites\/75\/2025\/05\/Aubergedecassagnespa-hotel_chambre_luxe_superieure_lit_orchidee_salon.jpg\",\"contentUrl\":\"https:\/\/www.aubergedecassagne.com\/wp-content\/uploads\/sites\/75\/2025\/05\/Aubergedecassagnespa-hotel_chambre_luxe_superieure_lit_orchidee_salon.jpg\",\"width\":2130,\"height\":1198},{\"@type\":\"BreadcrumbList\",\"@id\":\"https:\/\/www.aubergedecassagne.com\/de\/zimmer-suiten\/superior-luxuszimmer\/#breadcrumb\",\"itemListElement\":[{\"@type\":\"ListItem\",\"position\":1,\"name\":\"Accueil\",\"item\":\"https:\/\/www.aubergedecassagne.com\/de\/\"},{\"@type\":\"ListItem\",\"position\":2,\"name\":\"Zimmer &amp; Suiten\",\"item\":\"https:\/\/www.aubergedecassagne.com\/de\/zimmer-suiten\/\"},{\"@type\":\"ListItem\",\"position\":3,\"name\":\"Superior Luxuszimmer\"}]},{\"@type\":\"WebSite\",\"@id\":\"https:\/\/www.aubergedecassagne.com\/de\/#website\",\"url\":\"https:\/\/www.aubergedecassagne.com\/de\/\",\"name\":\"Auberge de Cassagne\",\"description\":\"\",\"potentialAction\":[{\"@type\":\"SearchAction\",\"target\":{\"@type\":\"EntryPoint\",\"urlTemplate\":\"https:\/\/www.aubergedecassagne.com\/de\/?s={search_term_string}\"},\"query-input\":\"required name=search_term_string\"}],\"inLanguage\":\"de-DE\"}]}<\/script>\n<!-- \/ Yoast SEO plugin. -->","yoast_head_json":{"title":"\u00dcbernachtung Avignon: Zimmer privatem Jacuzzi | Auberge de Cassagne","description":"Mit privatem Jacuzzi, Gartenterrasse und stilvollem Interieur, das Superior Deluxe-Zimmer im Luxushotel in Avignon, ideal f\u00fcr einen Kurzurlaub zu zweit.","robots":{"index":"index","follow":"follow","max-snippet":"max-snippet:-1","max-image-preview":"max-image-preview:large","max-video-preview":"max-video-preview:-1"},"canonical":"https:\/\/www.aubergedecassagne.com\/de\/zimmer-suiten\/superior-luxuszimmer\/","og_locale":"de_DE","og_type":"article","og_title":"\u00dcbernachtung Avignon: Zimmer privatem Jacuzzi | Auberge de Cassagne","og_description":"Mit privatem Jacuzzi, Gartenterrasse und stilvollem Interieur, das Superior Deluxe-Zimmer im Luxushotel in Avignon, ideal f\u00fcr einen Kurzurlaub zu zweit.","og_url":"https:\/\/www.aubergedecassagne.com\/de\/zimmer-suiten\/superior-luxuszimmer\/","og_site_name":"Auberge de Cassagne","article_modified_time":"2025-12-23T09:23:49+00:00","og_image":[{"width":2130,"height":1198,"url":"https:\/\/www.aubergedecassagne.com\/wp-content\/uploads\/sites\/75\/2025\/05\/Aubergedecassagnespa-hotel_chambre_luxe_superieure_lit_orchidee_salon.jpg","type":"image\/jpeg"}],"twitter_card":"summary_large_image","twitter_misc":{"Gesch\u00e4tzte Lesezeit":"1 Minute"},"schema":{"@context":"https:\/\/schema.org","@graph":[{"@type":"WebPage","@id":"https:\/\/www.aubergedecassagne.com\/de\/zimmer-suiten\/superior-luxuszimmer\/","url":"https:\/\/www.aubergedecassagne.com\/de\/zimmer-suiten\/superior-luxuszimmer\/","name":"\u00dcbernachtung Avignon: Zimmer privatem Jacuzzi | Auberge de Cassagne","isPartOf":{"@id":"https:\/\/www.aubergedecassagne.com\/de\/#website"},"primaryImageOfPage":{"@id":"https:\/\/www.aubergedecassagne.com\/de\/zimmer-suiten\/superior-luxuszimmer\/#primaryimage"},"image":{"@id":"https:\/\/www.aubergedecassagne.com\/de\/zimmer-suiten\/superior-luxuszimmer\/#primaryimage"},"thumbnailUrl":"https:\/\/www.aubergedecassagne.com\/wp-content\/uploads\/sites\/75\/2025\/05\/Aubergedecassagnespa-hotel_chambre_luxe_superieure_lit_orchidee_salon.jpg","datePublished":"2023-10-27T13:45:35+00:00","dateModified":"2025-12-23T09:23:49+00:00","description":"Mit privatem Jacuzzi, Gartenterrasse und stilvollem Interieur, das Superior Deluxe-Zimmer im Luxushotel in Avignon, ideal f\u00fcr einen Kurzurlaub zu zweit.","breadcrumb":{"@id":"https:\/\/www.aubergedecassagne.com\/de\/zimmer-suiten\/superior-luxuszimmer\/#breadcrumb"},"inLanguage":"de-DE","potentialAction":[{"@type":"ReadAction","target":["https:\/\/www.aubergedecassagne.com\/de\/zimmer-suiten\/superior-luxuszimmer\/"]}]},{"@type":"ImageObject","inLanguage":"de-DE","@id":"https:\/\/www.aubergedecassagne.com\/de\/zimmer-suiten\/superior-luxuszimmer\/#primaryimage","url":"https:\/\/www.aubergedecassagne.com\/wp-content\/uploads\/sites\/75\/2025\/05\/Aubergedecassagnespa-hotel_chambre_luxe_superieure_lit_orchidee_salon.jpg","contentUrl":"https:\/\/www.aubergedecassagne.com\/wp-content\/uploads\/sites\/75\/2025\/05\/Aubergedecassagnespa-hotel_chambre_luxe_superieure_lit_orchidee_salon.jpg","width":2130,"height":1198},{"@type":"BreadcrumbList","@id":"https:\/\/www.aubergedecassagne.com\/de\/zimmer-suiten\/superior-luxuszimmer\/#breadcrumb","itemListElement":[{"@type":"ListItem","position":1,"name":"Accueil","item":"https:\/\/www.aubergedecassagne.com\/de\/"},{"@type":"ListItem","position":2,"name":"Zimmer &amp; Suiten","item":"https:\/\/www.aubergedecassagne.com\/de\/zimmer-suiten\/"},{"@type":"ListItem","position":3,"name":"Superior Luxuszimmer"}]},{"@type":"WebSite","@id":"https:\/\/www.aubergedecassagne.com\/de\/#website","url":"https:\/\/www.aubergedecassagne.com\/de\/","name":"Auberge de Cassagne","description":"","potentialAction":[{"@type":"SearchAction","target":{"@type":"EntryPoint","urlTemplate":"https:\/\/www.aubergedecassagne.com\/de\/?s={search_term_string}"},"query-input":"required name=search_term_string"}],"inLanguage":"de-DE"}]}},"acf":[],"_links":{"self":[{"href":"https:\/\/www.aubergedecassagne.com\/de\/wp-json\/wp\/v2\/pages\/946"}],"collection":[{"href":"https:\/\/www.aubergedecassagne.com\/de\/wp-json\/wp\/v2\/pages"}],"about":[{"href":"https:\/\/www.aubergedecassagne.com\/de\/wp-json\/wp\/v2\/types\/page"}],"author":[{"embeddable":true,"href":"https:\/\/www.aubergedecassagne.com\/de\/wp-json\/wp\/v2\/users\/16"}],"replies":[{"embeddable":true,"href":"https:\/\/www.aubergedecassagne.com\/de\/wp-json\/wp\/v2\/comments?post=946"}],"version-history":[{"count":0,"href":"https:\/\/www.aubergedecassagne.com\/de\/wp-json\/wp\/v2\/pages\/946\/revisions"}],"up":[{"embeddable":true,"href":"https:\/\/www.aubergedecassagne.com\/de\/wp-json\/wp\/v2\/pages\/928"}],"wp:featuredmedia":[{"embeddable":true,"href":"https:\/\/www.aubergedecassagne.com\/de\/wp-json\/wp\/v2\/media\/816"}],"wp:attachment":[{"href":"https:\/\/www.aubergedecassagne.com\/de\/wp-json\/wp\/v2\/media?parent=946"}],"curies":[{"name":"wp","href":"https:\/\/api.w.org\/{rel}","templated":true}]}}