{"id":937,"date":"2023-12-04T09:59:58","date_gmt":"2023-12-04T08:59:58","guid":{"rendered":"https:\/\/www.aubergedecassagne.com\/zimmer-suiten\/chambre-parc-balcon\/"},"modified":"2026-04-06T11:01:12","modified_gmt":"2026-04-06T09:01:12","slug":"parkzimmer-mit-balkon","status":"publish","type":"page","link":"https:\/\/www.aubergedecassagne.com\/de\/zimmer-suiten\/parkzimmer-mit-balkon\/","title":{"rendered":"Parkzimmer mit Balkon"},"content":{"rendered":"<p style=\"text-align: center\">Mitten in der Natur bieten die \u201eParc Balcon\u201c-Zimmer ein gem\u00fctliches und ruhiges Ambiente, in dem man sich gerne entspannt.<br \/>\nDie in hellen, schlichten Farbt\u00f6nen gehaltenen Zimmer des Parc de l\u2019Auberge de Cassagne &amp; Spa liegen ruhig im ersten Stock, sind \u00fcber eine Treppe erreichbar<br \/>\nund verf\u00fcgen \u00fcber einen Balkon mit Blick auf den Garten.<\/p>\n","protected":false},"excerpt":{"rendered":"<p>Mitten in der Natur bieten die \u201eParc Balcon\u201c-Zimmer ein gem\u00fctliches und ruhiges Ambiente, in dem man sich gerne entspannt. Die in hellen, schlichten Farbt\u00f6nen gehaltenen Zimmer des Parc de l\u2019Auberge de Cassagne &amp; Spa liegen ruhig im ersten Stock, sind \u00fcber eine Treppe erreichbar und verf\u00fcgen \u00fcber einen Balkon mit Blick auf den Garten.<\/p>\n","protected":false},"author":16,"featured_media":96,"parent":928,"menu_order":230,"comment_status":"closed","ping_status":"closed","template":"template-single-room.php","meta":{"footnotes":""},"yoast_head":"<!-- This site is optimized with the Yoast SEO plugin v22.3 - https:\/\/yoast.com\/wordpress\/plugins\/seo\/ -->\n<title>\u00dcbernachtung Avignon: Zimmer mit Balkin | Auberge de Cassagne &amp; Spa<\/title>\n<meta name=\"description\" content=\"Zimmer mit Parkblick und Balkon im Luxushotel Auberge de Cassagne, einem sch\u00f6nen Hotel Avingon. Gem\u00fctliches Interieur, Gartenblick, viel Licht, entspanntes Ambiente.\" \/>\n<meta name=\"robots\" content=\"index, follow, max-snippet:-1, max-image-preview:large, max-video-preview:-1\" \/>\n<link rel=\"canonical\" href=\"https:\/\/www.aubergedecassagne.com\/de\/zimmer-suiten\/parkzimmer-mit-balkon\/\" \/>\n<meta property=\"og:locale\" content=\"de_DE\" \/>\n<meta property=\"og:type\" content=\"article\" \/>\n<meta property=\"og:title\" content=\"\u00dcbernachtung Avignon: Zimmer mit Balkin | Auberge de Cassagne &amp; Spa\" \/>\n<meta property=\"og:description\" content=\"Zimmer mit Parkblick und Balkon im Luxushotel Auberge de Cassagne, einem sch\u00f6nen Hotel Avingon. Gem\u00fctliches Interieur, Gartenblick, viel Licht, entspanntes Ambiente.\" \/>\n<meta property=\"og:url\" content=\"https:\/\/www.aubergedecassagne.com\/de\/zimmer-suiten\/parkzimmer-mit-balkon\/\" \/>\n<meta property=\"og:site_name\" content=\"Auberge de Cassagne\" \/>\n<meta property=\"article:modified_time\" content=\"2026-04-06T09:01:12+00:00\" \/>\n<meta property=\"og:image\" content=\"https:\/\/www.aubergedecassagne.com\/wp-content\/uploads\/sites\/75\/2023\/11\/Aubergedecassagnespa-hotel_chambre_parc_balcon_lit.jpg\" \/>\n\t<meta property=\"og:image:width\" content=\"2200\" \/>\n\t<meta property=\"og:image:height\" content=\"1100\" \/>\n\t<meta property=\"og:image:type\" content=\"image\/jpeg\" \/>\n<meta name=\"twitter:card\" content=\"summary_large_image\" \/>\n<meta name=\"twitter:label1\" content=\"Gesch\u00e4tzte Lesezeit\" \/>\n\t<meta name=\"twitter:data1\" content=\"1 Minute\" \/>\n<script type=\"application\/ld+json\" class=\"yoast-schema-graph\">{\"@context\":\"https:\/\/schema.org\",\"@graph\":[{\"@type\":\"WebPage\",\"@id\":\"https:\/\/www.aubergedecassagne.com\/de\/zimmer-suiten\/parkzimmer-mit-balkon\/\",\"url\":\"https:\/\/www.aubergedecassagne.com\/de\/zimmer-suiten\/parkzimmer-mit-balkon\/\",\"name\":\"\u00dcbernachtung Avignon: Zimmer mit Balkin | Auberge de Cassagne & Spa\",\"isPartOf\":{\"@id\":\"https:\/\/www.aubergedecassagne.com\/de\/#website\"},\"primaryImageOfPage\":{\"@id\":\"https:\/\/www.aubergedecassagne.com\/de\/zimmer-suiten\/parkzimmer-mit-balkon\/#primaryimage\"},\"image\":{\"@id\":\"https:\/\/www.aubergedecassagne.com\/de\/zimmer-suiten\/parkzimmer-mit-balkon\/#primaryimage\"},\"thumbnailUrl\":\"https:\/\/www.aubergedecassagne.com\/wp-content\/uploads\/sites\/75\/2023\/11\/Aubergedecassagnespa-hotel_chambre_parc_balcon_lit.jpg\",\"datePublished\":\"2023-12-04T08:59:58+00:00\",\"dateModified\":\"2026-04-06T09:01:12+00:00\",\"description\":\"Zimmer mit Parkblick und Balkon im Luxushotel Auberge de Cassagne, einem sch\u00f6nen Hotel Avingon. Gem\u00fctliches Interieur, Gartenblick, viel Licht, entspanntes Ambiente.\",\"breadcrumb\":{\"@id\":\"https:\/\/www.aubergedecassagne.com\/de\/zimmer-suiten\/parkzimmer-mit-balkon\/#breadcrumb\"},\"inLanguage\":\"de-DE\",\"potentialAction\":[{\"@type\":\"ReadAction\",\"target\":[\"https:\/\/www.aubergedecassagne.com\/de\/zimmer-suiten\/parkzimmer-mit-balkon\/\"]}]},{\"@type\":\"ImageObject\",\"inLanguage\":\"de-DE\",\"@id\":\"https:\/\/www.aubergedecassagne.com\/de\/zimmer-suiten\/parkzimmer-mit-balkon\/#primaryimage\",\"url\":\"https:\/\/www.aubergedecassagne.com\/wp-content\/uploads\/sites\/75\/2023\/11\/Aubergedecassagnespa-hotel_chambre_parc_balcon_lit.jpg\",\"contentUrl\":\"https:\/\/www.aubergedecassagne.com\/wp-content\/uploads\/sites\/75\/2023\/11\/Aubergedecassagnespa-hotel_chambre_parc_balcon_lit.jpg\",\"width\":2200,\"height\":1100},{\"@type\":\"BreadcrumbList\",\"@id\":\"https:\/\/www.aubergedecassagne.com\/de\/zimmer-suiten\/parkzimmer-mit-balkon\/#breadcrumb\",\"itemListElement\":[{\"@type\":\"ListItem\",\"position\":1,\"name\":\"Accueil\",\"item\":\"https:\/\/www.aubergedecassagne.com\/de\/\"},{\"@type\":\"ListItem\",\"position\":2,\"name\":\"Zimmer &amp; Suiten\",\"item\":\"https:\/\/www.aubergedecassagne.com\/de\/zimmer-suiten\/\"},{\"@type\":\"ListItem\",\"position\":3,\"name\":\"Parkzimmer mit Balkon\"}]},{\"@type\":\"WebSite\",\"@id\":\"https:\/\/www.aubergedecassagne.com\/de\/#website\",\"url\":\"https:\/\/www.aubergedecassagne.com\/de\/\",\"name\":\"Auberge de Cassagne\",\"description\":\"\",\"potentialAction\":[{\"@type\":\"SearchAction\",\"target\":{\"@type\":\"EntryPoint\",\"urlTemplate\":\"https:\/\/www.aubergedecassagne.com\/de\/?s={search_term_string}\"},\"query-input\":\"required name=search_term_string\"}],\"inLanguage\":\"de-DE\"}]}<\/script>\n<!-- \/ Yoast SEO plugin. -->","yoast_head_json":{"title":"\u00dcbernachtung Avignon: Zimmer mit Balkin | Auberge de Cassagne & Spa","description":"Zimmer mit Parkblick und Balkon im Luxushotel Auberge de Cassagne, einem sch\u00f6nen Hotel Avingon. Gem\u00fctliches Interieur, Gartenblick, viel Licht, entspanntes Ambiente.","robots":{"index":"index","follow":"follow","max-snippet":"max-snippet:-1","max-image-preview":"max-image-preview:large","max-video-preview":"max-video-preview:-1"},"canonical":"https:\/\/www.aubergedecassagne.com\/de\/zimmer-suiten\/parkzimmer-mit-balkon\/","og_locale":"de_DE","og_type":"article","og_title":"\u00dcbernachtung Avignon: Zimmer mit Balkin | Auberge de Cassagne & Spa","og_description":"Zimmer mit Parkblick und Balkon im Luxushotel Auberge de Cassagne, einem sch\u00f6nen Hotel Avingon. Gem\u00fctliches Interieur, Gartenblick, viel Licht, entspanntes Ambiente.","og_url":"https:\/\/www.aubergedecassagne.com\/de\/zimmer-suiten\/parkzimmer-mit-balkon\/","og_site_name":"Auberge de Cassagne","article_modified_time":"2026-04-06T09:01:12+00:00","og_image":[{"width":2200,"height":1100,"url":"https:\/\/www.aubergedecassagne.com\/wp-content\/uploads\/sites\/75\/2023\/11\/Aubergedecassagnespa-hotel_chambre_parc_balcon_lit.jpg","type":"image\/jpeg"}],"twitter_card":"summary_large_image","twitter_misc":{"Gesch\u00e4tzte Lesezeit":"1 Minute"},"schema":{"@context":"https:\/\/schema.org","@graph":[{"@type":"WebPage","@id":"https:\/\/www.aubergedecassagne.com\/de\/zimmer-suiten\/parkzimmer-mit-balkon\/","url":"https:\/\/www.aubergedecassagne.com\/de\/zimmer-suiten\/parkzimmer-mit-balkon\/","name":"\u00dcbernachtung Avignon: Zimmer mit Balkin | Auberge de Cassagne & Spa","isPartOf":{"@id":"https:\/\/www.aubergedecassagne.com\/de\/#website"},"primaryImageOfPage":{"@id":"https:\/\/www.aubergedecassagne.com\/de\/zimmer-suiten\/parkzimmer-mit-balkon\/#primaryimage"},"image":{"@id":"https:\/\/www.aubergedecassagne.com\/de\/zimmer-suiten\/parkzimmer-mit-balkon\/#primaryimage"},"thumbnailUrl":"https:\/\/www.aubergedecassagne.com\/wp-content\/uploads\/sites\/75\/2023\/11\/Aubergedecassagnespa-hotel_chambre_parc_balcon_lit.jpg","datePublished":"2023-12-04T08:59:58+00:00","dateModified":"2026-04-06T09:01:12+00:00","description":"Zimmer mit Parkblick und Balkon im Luxushotel Auberge de Cassagne, einem sch\u00f6nen Hotel Avingon. Gem\u00fctliches Interieur, Gartenblick, viel Licht, entspanntes Ambiente.","breadcrumb":{"@id":"https:\/\/www.aubergedecassagne.com\/de\/zimmer-suiten\/parkzimmer-mit-balkon\/#breadcrumb"},"inLanguage":"de-DE","potentialAction":[{"@type":"ReadAction","target":["https:\/\/www.aubergedecassagne.com\/de\/zimmer-suiten\/parkzimmer-mit-balkon\/"]}]},{"@type":"ImageObject","inLanguage":"de-DE","@id":"https:\/\/www.aubergedecassagne.com\/de\/zimmer-suiten\/parkzimmer-mit-balkon\/#primaryimage","url":"https:\/\/www.aubergedecassagne.com\/wp-content\/uploads\/sites\/75\/2023\/11\/Aubergedecassagnespa-hotel_chambre_parc_balcon_lit.jpg","contentUrl":"https:\/\/www.aubergedecassagne.com\/wp-content\/uploads\/sites\/75\/2023\/11\/Aubergedecassagnespa-hotel_chambre_parc_balcon_lit.jpg","width":2200,"height":1100},{"@type":"BreadcrumbList","@id":"https:\/\/www.aubergedecassagne.com\/de\/zimmer-suiten\/parkzimmer-mit-balkon\/#breadcrumb","itemListElement":[{"@type":"ListItem","position":1,"name":"Accueil","item":"https:\/\/www.aubergedecassagne.com\/de\/"},{"@type":"ListItem","position":2,"name":"Zimmer &amp; Suiten","item":"https:\/\/www.aubergedecassagne.com\/de\/zimmer-suiten\/"},{"@type":"ListItem","position":3,"name":"Parkzimmer mit Balkon"}]},{"@type":"WebSite","@id":"https:\/\/www.aubergedecassagne.com\/de\/#website","url":"https:\/\/www.aubergedecassagne.com\/de\/","name":"Auberge de Cassagne","description":"","potentialAction":[{"@type":"SearchAction","target":{"@type":"EntryPoint","urlTemplate":"https:\/\/www.aubergedecassagne.com\/de\/?s={search_term_string}"},"query-input":"required name=search_term_string"}],"inLanguage":"de-DE"}]}},"acf":[],"_links":{"self":[{"href":"https:\/\/www.aubergedecassagne.com\/de\/wp-json\/wp\/v2\/pages\/937"}],"collection":[{"href":"https:\/\/www.aubergedecassagne.com\/de\/wp-json\/wp\/v2\/pages"}],"about":[{"href":"https:\/\/www.aubergedecassagne.com\/de\/wp-json\/wp\/v2\/types\/page"}],"author":[{"embeddable":true,"href":"https:\/\/www.aubergedecassagne.com\/de\/wp-json\/wp\/v2\/users\/16"}],"replies":[{"embeddable":true,"href":"https:\/\/www.aubergedecassagne.com\/de\/wp-json\/wp\/v2\/comments?post=937"}],"version-history":[{"count":0,"href":"https:\/\/www.aubergedecassagne.com\/de\/wp-json\/wp\/v2\/pages\/937\/revisions"}],"up":[{"embeddable":true,"href":"https:\/\/www.aubergedecassagne.com\/de\/wp-json\/wp\/v2\/pages\/928"}],"wp:featuredmedia":[{"embeddable":true,"href":"https:\/\/www.aubergedecassagne.com\/de\/wp-json\/wp\/v2\/media\/96"}],"wp:attachment":[{"href":"https:\/\/www.aubergedecassagne.com\/de\/wp-json\/wp\/v2\/media?parent=937"}],"curies":[{"name":"wp","href":"https:\/\/api.w.org\/{rel}","templated":true}]}}