{"id":934,"date":"2023-12-04T09:58:20","date_gmt":"2023-12-04T08:58:20","guid":{"rendered":"https:\/\/www.aubergedecassagne.com\/zimmer-suiten\/chambre-parc-terrasse\/"},"modified":"2025-12-22T17:35:05","modified_gmt":"2025-12-22T16:35:05","slug":"parkzimmer-mit-terrasse","status":"publish","type":"page","link":"https:\/\/www.aubergedecassagne.com\/de\/zimmer-suiten\/parkzimmer-mit-terrasse\/","title":{"rendered":"Parkzimmer mit Terrasse"},"content":{"rendered":"<p style=\"text-align: center\"><span style=\"font-weight: 400\">Mitten in der Natur, <\/span><span style=\"font-weight: 400\">offenbaren die Parkzimmer mit Terrasse der Auberge de Cassagne &amp; Spa ein gem\u00fctliches, dezentes Interieur, in dem man wunderbar entspannen kann. Diese Zimmer sind in hellen, schlichten Farbt\u00f6nen gehalten und liegen in ruhiger Lage mit einer Terrasse, die zum Garten hin offen ist.<\/span><\/p>\n<p style=\"text-align: center\"><span style=\"font-weight: 400\">Mit einer durchschnittlichen Fl\u00e4che von 28 m\u00b2 sind diese ger\u00e4umigen Zimmer komfortabel und bewahren die ganze Authentizit\u00e4t der Provence.<\/span><\/p>\n","protected":false},"excerpt":{"rendered":"<p>Mitten in der Natur, offenbaren die Parkzimmer mit Terrasse der Auberge de Cassagne &amp; Spa ein gem\u00fctliches, dezentes Interieur, in dem man wunderbar entspannen kann. Diese Zimmer sind in hellen, schlichten Farbt\u00f6nen gehalten und liegen in ruhiger Lage mit einer Terrasse, die zum Garten hin offen ist. Mit einer durchschnittlichen Fl\u00e4che von 28 m\u00b2 sind [&hellip;]<\/p>\n","protected":false},"author":16,"featured_media":98,"parent":928,"menu_order":220,"comment_status":"closed","ping_status":"closed","template":"template-single-room.php","meta":{"footnotes":""},"yoast_head":"<!-- This site is optimized with the Yoast SEO plugin v22.3 - https:\/\/yoast.com\/wordpress\/plugins\/seo\/ -->\n<title>\u00dcbernachtung Avignon: Zimmer mit Terrasse | Auberge de Cassagne &amp; Spa<\/title>\n<meta name=\"description\" content=\"\u00dcbernachtung in Avignon: Zimmer mit Parkblick und Terrasse im Luxushotel Auberge de Cassagne, einem sch\u00f6nen Hotel in der Provence. Ideal f\u00fcr 2 Personen.\" \/>\n<meta name=\"robots\" content=\"index, follow, max-snippet:-1, max-image-preview:large, max-video-preview:-1\" \/>\n<link rel=\"canonical\" href=\"https:\/\/www.aubergedecassagne.com\/de\/zimmer-suiten\/parkzimmer-mit-terrasse\/\" \/>\n<meta property=\"og:locale\" content=\"de_DE\" \/>\n<meta property=\"og:type\" content=\"article\" \/>\n<meta property=\"og:title\" content=\"\u00dcbernachtung Avignon: Zimmer mit Terrasse | Auberge de Cassagne &amp; Spa\" \/>\n<meta property=\"og:description\" content=\"\u00dcbernachtung in Avignon: Zimmer mit Parkblick und Terrasse im Luxushotel Auberge de Cassagne, einem sch\u00f6nen Hotel in der Provence. Ideal f\u00fcr 2 Personen.\" \/>\n<meta property=\"og:url\" content=\"https:\/\/www.aubergedecassagne.com\/de\/zimmer-suiten\/parkzimmer-mit-terrasse\/\" \/>\n<meta property=\"og:site_name\" content=\"Auberge de Cassagne\" \/>\n<meta property=\"article:modified_time\" content=\"2025-12-22T16:35:05+00:00\" \/>\n<meta property=\"og:image\" content=\"https:\/\/www.aubergedecassagne.com\/wp-content\/uploads\/sites\/75\/2023\/11\/Aubergedecassagnespa-hotel_chambre_parc_terrasse_fenetre_rose.jpg\" \/>\n\t<meta property=\"og:image:width\" content=\"2200\" \/>\n\t<meta property=\"og:image:height\" content=\"1100\" \/>\n\t<meta property=\"og:image:type\" content=\"image\/jpeg\" \/>\n<meta name=\"twitter:card\" content=\"summary_large_image\" \/>\n<meta name=\"twitter:label1\" content=\"Gesch\u00e4tzte Lesezeit\" \/>\n\t<meta name=\"twitter:data1\" content=\"1 Minute\" \/>\n<script type=\"application\/ld+json\" class=\"yoast-schema-graph\">{\"@context\":\"https:\/\/schema.org\",\"@graph\":[{\"@type\":\"WebPage\",\"@id\":\"https:\/\/www.aubergedecassagne.com\/de\/zimmer-suiten\/parkzimmer-mit-terrasse\/\",\"url\":\"https:\/\/www.aubergedecassagne.com\/de\/zimmer-suiten\/parkzimmer-mit-terrasse\/\",\"name\":\"\u00dcbernachtung Avignon: Zimmer mit Terrasse | Auberge de Cassagne & Spa\",\"isPartOf\":{\"@id\":\"https:\/\/www.aubergedecassagne.com\/de\/#website\"},\"primaryImageOfPage\":{\"@id\":\"https:\/\/www.aubergedecassagne.com\/de\/zimmer-suiten\/parkzimmer-mit-terrasse\/#primaryimage\"},\"image\":{\"@id\":\"https:\/\/www.aubergedecassagne.com\/de\/zimmer-suiten\/parkzimmer-mit-terrasse\/#primaryimage\"},\"thumbnailUrl\":\"https:\/\/www.aubergedecassagne.com\/wp-content\/uploads\/sites\/75\/2023\/11\/Aubergedecassagnespa-hotel_chambre_parc_terrasse_fenetre_rose.jpg\",\"datePublished\":\"2023-12-04T08:58:20+00:00\",\"dateModified\":\"2025-12-22T16:35:05+00:00\",\"description\":\"\u00dcbernachtung in Avignon: Zimmer mit Parkblick und Terrasse im Luxushotel Auberge de Cassagne, einem sch\u00f6nen Hotel in der Provence. Ideal f\u00fcr 2 Personen.\",\"breadcrumb\":{\"@id\":\"https:\/\/www.aubergedecassagne.com\/de\/zimmer-suiten\/parkzimmer-mit-terrasse\/#breadcrumb\"},\"inLanguage\":\"de-DE\",\"potentialAction\":[{\"@type\":\"ReadAction\",\"target\":[\"https:\/\/www.aubergedecassagne.com\/de\/zimmer-suiten\/parkzimmer-mit-terrasse\/\"]}]},{\"@type\":\"ImageObject\",\"inLanguage\":\"de-DE\",\"@id\":\"https:\/\/www.aubergedecassagne.com\/de\/zimmer-suiten\/parkzimmer-mit-terrasse\/#primaryimage\",\"url\":\"https:\/\/www.aubergedecassagne.com\/wp-content\/uploads\/sites\/75\/2023\/11\/Aubergedecassagnespa-hotel_chambre_parc_terrasse_fenetre_rose.jpg\",\"contentUrl\":\"https:\/\/www.aubergedecassagne.com\/wp-content\/uploads\/sites\/75\/2023\/11\/Aubergedecassagnespa-hotel_chambre_parc_terrasse_fenetre_rose.jpg\",\"width\":2200,\"height\":1100},{\"@type\":\"BreadcrumbList\",\"@id\":\"https:\/\/www.aubergedecassagne.com\/de\/zimmer-suiten\/parkzimmer-mit-terrasse\/#breadcrumb\",\"itemListElement\":[{\"@type\":\"ListItem\",\"position\":1,\"name\":\"Accueil\",\"item\":\"https:\/\/www.aubergedecassagne.com\/de\/\"},{\"@type\":\"ListItem\",\"position\":2,\"name\":\"Zimmer &amp; Suiten\",\"item\":\"https:\/\/www.aubergedecassagne.com\/de\/zimmer-suiten\/\"},{\"@type\":\"ListItem\",\"position\":3,\"name\":\"Parkzimmer mit Terrasse\"}]},{\"@type\":\"WebSite\",\"@id\":\"https:\/\/www.aubergedecassagne.com\/de\/#website\",\"url\":\"https:\/\/www.aubergedecassagne.com\/de\/\",\"name\":\"Auberge de Cassagne\",\"description\":\"\",\"potentialAction\":[{\"@type\":\"SearchAction\",\"target\":{\"@type\":\"EntryPoint\",\"urlTemplate\":\"https:\/\/www.aubergedecassagne.com\/de\/?s={search_term_string}\"},\"query-input\":\"required name=search_term_string\"}],\"inLanguage\":\"de-DE\"}]}<\/script>\n<!-- \/ Yoast SEO plugin. -->","yoast_head_json":{"title":"\u00dcbernachtung Avignon: Zimmer mit Terrasse | Auberge de Cassagne & Spa","description":"\u00dcbernachtung in Avignon: Zimmer mit Parkblick und Terrasse im Luxushotel Auberge de Cassagne, einem sch\u00f6nen Hotel in der Provence. Ideal f\u00fcr 2 Personen.","robots":{"index":"index","follow":"follow","max-snippet":"max-snippet:-1","max-image-preview":"max-image-preview:large","max-video-preview":"max-video-preview:-1"},"canonical":"https:\/\/www.aubergedecassagne.com\/de\/zimmer-suiten\/parkzimmer-mit-terrasse\/","og_locale":"de_DE","og_type":"article","og_title":"\u00dcbernachtung Avignon: Zimmer mit Terrasse | Auberge de Cassagne & Spa","og_description":"\u00dcbernachtung in Avignon: Zimmer mit Parkblick und Terrasse im Luxushotel Auberge de Cassagne, einem sch\u00f6nen Hotel in der Provence. Ideal f\u00fcr 2 Personen.","og_url":"https:\/\/www.aubergedecassagne.com\/de\/zimmer-suiten\/parkzimmer-mit-terrasse\/","og_site_name":"Auberge de Cassagne","article_modified_time":"2025-12-22T16:35:05+00:00","og_image":[{"width":2200,"height":1100,"url":"https:\/\/www.aubergedecassagne.com\/wp-content\/uploads\/sites\/75\/2023\/11\/Aubergedecassagnespa-hotel_chambre_parc_terrasse_fenetre_rose.jpg","type":"image\/jpeg"}],"twitter_card":"summary_large_image","twitter_misc":{"Gesch\u00e4tzte Lesezeit":"1 Minute"},"schema":{"@context":"https:\/\/schema.org","@graph":[{"@type":"WebPage","@id":"https:\/\/www.aubergedecassagne.com\/de\/zimmer-suiten\/parkzimmer-mit-terrasse\/","url":"https:\/\/www.aubergedecassagne.com\/de\/zimmer-suiten\/parkzimmer-mit-terrasse\/","name":"\u00dcbernachtung Avignon: Zimmer mit Terrasse | Auberge de Cassagne & Spa","isPartOf":{"@id":"https:\/\/www.aubergedecassagne.com\/de\/#website"},"primaryImageOfPage":{"@id":"https:\/\/www.aubergedecassagne.com\/de\/zimmer-suiten\/parkzimmer-mit-terrasse\/#primaryimage"},"image":{"@id":"https:\/\/www.aubergedecassagne.com\/de\/zimmer-suiten\/parkzimmer-mit-terrasse\/#primaryimage"},"thumbnailUrl":"https:\/\/www.aubergedecassagne.com\/wp-content\/uploads\/sites\/75\/2023\/11\/Aubergedecassagnespa-hotel_chambre_parc_terrasse_fenetre_rose.jpg","datePublished":"2023-12-04T08:58:20+00:00","dateModified":"2025-12-22T16:35:05+00:00","description":"\u00dcbernachtung in Avignon: Zimmer mit Parkblick und Terrasse im Luxushotel Auberge de Cassagne, einem sch\u00f6nen Hotel in der Provence. Ideal f\u00fcr 2 Personen.","breadcrumb":{"@id":"https:\/\/www.aubergedecassagne.com\/de\/zimmer-suiten\/parkzimmer-mit-terrasse\/#breadcrumb"},"inLanguage":"de-DE","potentialAction":[{"@type":"ReadAction","target":["https:\/\/www.aubergedecassagne.com\/de\/zimmer-suiten\/parkzimmer-mit-terrasse\/"]}]},{"@type":"ImageObject","inLanguage":"de-DE","@id":"https:\/\/www.aubergedecassagne.com\/de\/zimmer-suiten\/parkzimmer-mit-terrasse\/#primaryimage","url":"https:\/\/www.aubergedecassagne.com\/wp-content\/uploads\/sites\/75\/2023\/11\/Aubergedecassagnespa-hotel_chambre_parc_terrasse_fenetre_rose.jpg","contentUrl":"https:\/\/www.aubergedecassagne.com\/wp-content\/uploads\/sites\/75\/2023\/11\/Aubergedecassagnespa-hotel_chambre_parc_terrasse_fenetre_rose.jpg","width":2200,"height":1100},{"@type":"BreadcrumbList","@id":"https:\/\/www.aubergedecassagne.com\/de\/zimmer-suiten\/parkzimmer-mit-terrasse\/#breadcrumb","itemListElement":[{"@type":"ListItem","position":1,"name":"Accueil","item":"https:\/\/www.aubergedecassagne.com\/de\/"},{"@type":"ListItem","position":2,"name":"Zimmer &amp; Suiten","item":"https:\/\/www.aubergedecassagne.com\/de\/zimmer-suiten\/"},{"@type":"ListItem","position":3,"name":"Parkzimmer mit Terrasse"}]},{"@type":"WebSite","@id":"https:\/\/www.aubergedecassagne.com\/de\/#website","url":"https:\/\/www.aubergedecassagne.com\/de\/","name":"Auberge de Cassagne","description":"","potentialAction":[{"@type":"SearchAction","target":{"@type":"EntryPoint","urlTemplate":"https:\/\/www.aubergedecassagne.com\/de\/?s={search_term_string}"},"query-input":"required name=search_term_string"}],"inLanguage":"de-DE"}]}},"acf":[],"_links":{"self":[{"href":"https:\/\/www.aubergedecassagne.com\/de\/wp-json\/wp\/v2\/pages\/934"}],"collection":[{"href":"https:\/\/www.aubergedecassagne.com\/de\/wp-json\/wp\/v2\/pages"}],"about":[{"href":"https:\/\/www.aubergedecassagne.com\/de\/wp-json\/wp\/v2\/types\/page"}],"author":[{"embeddable":true,"href":"https:\/\/www.aubergedecassagne.com\/de\/wp-json\/wp\/v2\/users\/16"}],"replies":[{"embeddable":true,"href":"https:\/\/www.aubergedecassagne.com\/de\/wp-json\/wp\/v2\/comments?post=934"}],"version-history":[{"count":0,"href":"https:\/\/www.aubergedecassagne.com\/de\/wp-json\/wp\/v2\/pages\/934\/revisions"}],"up":[{"embeddable":true,"href":"https:\/\/www.aubergedecassagne.com\/de\/wp-json\/wp\/v2\/pages\/928"}],"wp:featuredmedia":[{"embeddable":true,"href":"https:\/\/www.aubergedecassagne.com\/de\/wp-json\/wp\/v2\/media\/98"}],"wp:attachment":[{"href":"https:\/\/www.aubergedecassagne.com\/de\/wp-json\/wp\/v2\/media?parent=934"}],"curies":[{"name":"wp","href":"https:\/\/api.w.org\/{rel}","templated":true}]}}