{"id":931,"date":"2023-12-04T09:56:10","date_gmt":"2023-12-04T08:56:10","guid":{"rendered":"https:\/\/www.aubergedecassagne.com\/zimmer-suiten\/chambre-maison\/"},"modified":"2026-04-06T10:57:48","modified_gmt":"2026-04-06T08:57:48","slug":"zimmer-maison","status":"publish","type":"page","link":"https:\/\/www.aubergedecassagne.com\/de\/zimmer-suiten\/zimmer-maison\/","title":{"rendered":"Zimmer Maison"},"content":{"rendered":"<p style=\"text-align: center\">Im ersten Stock des Hauptgeb\u00e4udes der Auberge de Cassagne &amp; Spa, der \u00fcber eine Treppe erreichbar ist, befindet sich das gem\u00fctlich eingerichtete Zimmer \u201eMaison\u201c.<br \/>\nDieses Zimmer bietet ein modernes Ambiente, ein gut ausgestattetes und funktionales Badezimmer sowie einen sch\u00f6nen Blick auf den Innenhof des Hotels.<\/p>\n","protected":false},"excerpt":{"rendered":"<p>Im ersten Stock des Hauptgeb\u00e4udes der Auberge de Cassagne &amp; Spa, der \u00fcber eine Treppe erreichbar ist, befindet sich das gem\u00fctlich eingerichtete Zimmer \u201eMaison\u201c. Dieses Zimmer bietet ein modernes Ambiente, ein gut ausgestattetes und funktionales Badezimmer sowie einen sch\u00f6nen Blick auf den Innenhof des Hotels.<\/p>\n","protected":false},"author":16,"featured_media":91,"parent":928,"menu_order":210,"comment_status":"closed","ping_status":"closed","template":"template-single-room.php","meta":{"footnotes":""},"yoast_head":"<!-- This site is optimized with the Yoast SEO plugin v22.3 - https:\/\/yoast.com\/wordpress\/plugins\/seo\/ -->\n<title>\u00dcbernachtung Avignon: 5-Sterne-Zimmer | Auberge de Cassagne &amp; Spa<\/title>\n<meta name=\"description\" content=\"Das Zimmer \u201eMaison\u201c erwartet Sie in unserem sch\u00f6nen Hotel in der Provence. Romantisches Interieur und Blick auf den charmanten Innenhof ideal f\u00fcr 2 Personen.\" \/>\n<meta name=\"robots\" content=\"index, follow, max-snippet:-1, max-image-preview:large, max-video-preview:-1\" \/>\n<link rel=\"canonical\" href=\"https:\/\/www.aubergedecassagne.com\/de\/zimmer-suiten\/zimmer-maison\/\" \/>\n<meta property=\"og:locale\" content=\"de_DE\" \/>\n<meta property=\"og:type\" content=\"article\" \/>\n<meta property=\"og:title\" content=\"\u00dcbernachtung Avignon: 5-Sterne-Zimmer | Auberge de Cassagne &amp; Spa\" \/>\n<meta property=\"og:description\" content=\"Das Zimmer \u201eMaison\u201c erwartet Sie in unserem sch\u00f6nen Hotel in der Provence. Romantisches Interieur und Blick auf den charmanten Innenhof ideal f\u00fcr 2 Personen.\" \/>\n<meta property=\"og:url\" content=\"https:\/\/www.aubergedecassagne.com\/de\/zimmer-suiten\/zimmer-maison\/\" \/>\n<meta property=\"og:site_name\" content=\"Auberge de Cassagne\" \/>\n<meta property=\"article:modified_time\" content=\"2026-04-06T08:57:48+00:00\" \/>\n<meta property=\"og:image\" content=\"https:\/\/www.aubergedecassagne.com\/wp-content\/uploads\/sites\/75\/2023\/11\/Aubergedecassagnespa-hotel_chambre_maison.jpg\" \/>\n\t<meta property=\"og:image:width\" content=\"2200\" \/>\n\t<meta property=\"og:image:height\" content=\"1100\" \/>\n\t<meta property=\"og:image:type\" content=\"image\/jpeg\" \/>\n<meta name=\"twitter:card\" content=\"summary_large_image\" \/>\n<meta name=\"twitter:label1\" content=\"Gesch\u00e4tzte Lesezeit\" \/>\n\t<meta name=\"twitter:data1\" content=\"1 Minute\" \/>\n<script type=\"application\/ld+json\" class=\"yoast-schema-graph\">{\"@context\":\"https:\/\/schema.org\",\"@graph\":[{\"@type\":\"WebPage\",\"@id\":\"https:\/\/www.aubergedecassagne.com\/de\/zimmer-suiten\/zimmer-maison\/\",\"url\":\"https:\/\/www.aubergedecassagne.com\/de\/zimmer-suiten\/zimmer-maison\/\",\"name\":\"\u00dcbernachtung Avignon: 5-Sterne-Zimmer | Auberge de Cassagne & Spa\",\"isPartOf\":{\"@id\":\"https:\/\/www.aubergedecassagne.com\/de\/#website\"},\"primaryImageOfPage\":{\"@id\":\"https:\/\/www.aubergedecassagne.com\/de\/zimmer-suiten\/zimmer-maison\/#primaryimage\"},\"image\":{\"@id\":\"https:\/\/www.aubergedecassagne.com\/de\/zimmer-suiten\/zimmer-maison\/#primaryimage\"},\"thumbnailUrl\":\"https:\/\/www.aubergedecassagne.com\/wp-content\/uploads\/sites\/75\/2023\/11\/Aubergedecassagnespa-hotel_chambre_maison.jpg\",\"datePublished\":\"2023-12-04T08:56:10+00:00\",\"dateModified\":\"2026-04-06T08:57:48+00:00\",\"description\":\"Das Zimmer \u201eMaison\u201c erwartet Sie in unserem sch\u00f6nen Hotel in der Provence. Romantisches Interieur und Blick auf den charmanten Innenhof ideal f\u00fcr 2 Personen.\",\"breadcrumb\":{\"@id\":\"https:\/\/www.aubergedecassagne.com\/de\/zimmer-suiten\/zimmer-maison\/#breadcrumb\"},\"inLanguage\":\"de-DE\",\"potentialAction\":[{\"@type\":\"ReadAction\",\"target\":[\"https:\/\/www.aubergedecassagne.com\/de\/zimmer-suiten\/zimmer-maison\/\"]}]},{\"@type\":\"ImageObject\",\"inLanguage\":\"de-DE\",\"@id\":\"https:\/\/www.aubergedecassagne.com\/de\/zimmer-suiten\/zimmer-maison\/#primaryimage\",\"url\":\"https:\/\/www.aubergedecassagne.com\/wp-content\/uploads\/sites\/75\/2023\/11\/Aubergedecassagnespa-hotel_chambre_maison.jpg\",\"contentUrl\":\"https:\/\/www.aubergedecassagne.com\/wp-content\/uploads\/sites\/75\/2023\/11\/Aubergedecassagnespa-hotel_chambre_maison.jpg\",\"width\":2200,\"height\":1100},{\"@type\":\"BreadcrumbList\",\"@id\":\"https:\/\/www.aubergedecassagne.com\/de\/zimmer-suiten\/zimmer-maison\/#breadcrumb\",\"itemListElement\":[{\"@type\":\"ListItem\",\"position\":1,\"name\":\"Accueil\",\"item\":\"https:\/\/www.aubergedecassagne.com\/de\/\"},{\"@type\":\"ListItem\",\"position\":2,\"name\":\"Zimmer &amp; Suiten\",\"item\":\"https:\/\/www.aubergedecassagne.com\/de\/zimmer-suiten\/\"},{\"@type\":\"ListItem\",\"position\":3,\"name\":\"Zimmer Maison\"}]},{\"@type\":\"WebSite\",\"@id\":\"https:\/\/www.aubergedecassagne.com\/de\/#website\",\"url\":\"https:\/\/www.aubergedecassagne.com\/de\/\",\"name\":\"Auberge de Cassagne\",\"description\":\"\",\"potentialAction\":[{\"@type\":\"SearchAction\",\"target\":{\"@type\":\"EntryPoint\",\"urlTemplate\":\"https:\/\/www.aubergedecassagne.com\/de\/?s={search_term_string}\"},\"query-input\":\"required name=search_term_string\"}],\"inLanguage\":\"de-DE\"}]}<\/script>\n<!-- \/ Yoast SEO plugin. -->","yoast_head_json":{"title":"\u00dcbernachtung Avignon: 5-Sterne-Zimmer | Auberge de Cassagne & Spa","description":"Das Zimmer \u201eMaison\u201c erwartet Sie in unserem sch\u00f6nen Hotel in der Provence. Romantisches Interieur und Blick auf den charmanten Innenhof ideal f\u00fcr 2 Personen.","robots":{"index":"index","follow":"follow","max-snippet":"max-snippet:-1","max-image-preview":"max-image-preview:large","max-video-preview":"max-video-preview:-1"},"canonical":"https:\/\/www.aubergedecassagne.com\/de\/zimmer-suiten\/zimmer-maison\/","og_locale":"de_DE","og_type":"article","og_title":"\u00dcbernachtung Avignon: 5-Sterne-Zimmer | Auberge de Cassagne & Spa","og_description":"Das Zimmer \u201eMaison\u201c erwartet Sie in unserem sch\u00f6nen Hotel in der Provence. Romantisches Interieur und Blick auf den charmanten Innenhof ideal f\u00fcr 2 Personen.","og_url":"https:\/\/www.aubergedecassagne.com\/de\/zimmer-suiten\/zimmer-maison\/","og_site_name":"Auberge de Cassagne","article_modified_time":"2026-04-06T08:57:48+00:00","og_image":[{"width":2200,"height":1100,"url":"https:\/\/www.aubergedecassagne.com\/wp-content\/uploads\/sites\/75\/2023\/11\/Aubergedecassagnespa-hotel_chambre_maison.jpg","type":"image\/jpeg"}],"twitter_card":"summary_large_image","twitter_misc":{"Gesch\u00e4tzte Lesezeit":"1 Minute"},"schema":{"@context":"https:\/\/schema.org","@graph":[{"@type":"WebPage","@id":"https:\/\/www.aubergedecassagne.com\/de\/zimmer-suiten\/zimmer-maison\/","url":"https:\/\/www.aubergedecassagne.com\/de\/zimmer-suiten\/zimmer-maison\/","name":"\u00dcbernachtung Avignon: 5-Sterne-Zimmer | Auberge de Cassagne & Spa","isPartOf":{"@id":"https:\/\/www.aubergedecassagne.com\/de\/#website"},"primaryImageOfPage":{"@id":"https:\/\/www.aubergedecassagne.com\/de\/zimmer-suiten\/zimmer-maison\/#primaryimage"},"image":{"@id":"https:\/\/www.aubergedecassagne.com\/de\/zimmer-suiten\/zimmer-maison\/#primaryimage"},"thumbnailUrl":"https:\/\/www.aubergedecassagne.com\/wp-content\/uploads\/sites\/75\/2023\/11\/Aubergedecassagnespa-hotel_chambre_maison.jpg","datePublished":"2023-12-04T08:56:10+00:00","dateModified":"2026-04-06T08:57:48+00:00","description":"Das Zimmer \u201eMaison\u201c erwartet Sie in unserem sch\u00f6nen Hotel in der Provence. Romantisches Interieur und Blick auf den charmanten Innenhof ideal f\u00fcr 2 Personen.","breadcrumb":{"@id":"https:\/\/www.aubergedecassagne.com\/de\/zimmer-suiten\/zimmer-maison\/#breadcrumb"},"inLanguage":"de-DE","potentialAction":[{"@type":"ReadAction","target":["https:\/\/www.aubergedecassagne.com\/de\/zimmer-suiten\/zimmer-maison\/"]}]},{"@type":"ImageObject","inLanguage":"de-DE","@id":"https:\/\/www.aubergedecassagne.com\/de\/zimmer-suiten\/zimmer-maison\/#primaryimage","url":"https:\/\/www.aubergedecassagne.com\/wp-content\/uploads\/sites\/75\/2023\/11\/Aubergedecassagnespa-hotel_chambre_maison.jpg","contentUrl":"https:\/\/www.aubergedecassagne.com\/wp-content\/uploads\/sites\/75\/2023\/11\/Aubergedecassagnespa-hotel_chambre_maison.jpg","width":2200,"height":1100},{"@type":"BreadcrumbList","@id":"https:\/\/www.aubergedecassagne.com\/de\/zimmer-suiten\/zimmer-maison\/#breadcrumb","itemListElement":[{"@type":"ListItem","position":1,"name":"Accueil","item":"https:\/\/www.aubergedecassagne.com\/de\/"},{"@type":"ListItem","position":2,"name":"Zimmer &amp; Suiten","item":"https:\/\/www.aubergedecassagne.com\/de\/zimmer-suiten\/"},{"@type":"ListItem","position":3,"name":"Zimmer Maison"}]},{"@type":"WebSite","@id":"https:\/\/www.aubergedecassagne.com\/de\/#website","url":"https:\/\/www.aubergedecassagne.com\/de\/","name":"Auberge de Cassagne","description":"","potentialAction":[{"@type":"SearchAction","target":{"@type":"EntryPoint","urlTemplate":"https:\/\/www.aubergedecassagne.com\/de\/?s={search_term_string}"},"query-input":"required name=search_term_string"}],"inLanguage":"de-DE"}]}},"acf":[],"_links":{"self":[{"href":"https:\/\/www.aubergedecassagne.com\/de\/wp-json\/wp\/v2\/pages\/931"}],"collection":[{"href":"https:\/\/www.aubergedecassagne.com\/de\/wp-json\/wp\/v2\/pages"}],"about":[{"href":"https:\/\/www.aubergedecassagne.com\/de\/wp-json\/wp\/v2\/types\/page"}],"author":[{"embeddable":true,"href":"https:\/\/www.aubergedecassagne.com\/de\/wp-json\/wp\/v2\/users\/16"}],"replies":[{"embeddable":true,"href":"https:\/\/www.aubergedecassagne.com\/de\/wp-json\/wp\/v2\/comments?post=931"}],"version-history":[{"count":0,"href":"https:\/\/www.aubergedecassagne.com\/de\/wp-json\/wp\/v2\/pages\/931\/revisions"}],"up":[{"embeddable":true,"href":"https:\/\/www.aubergedecassagne.com\/de\/wp-json\/wp\/v2\/pages\/928"}],"wp:featuredmedia":[{"embeddable":true,"href":"https:\/\/www.aubergedecassagne.com\/de\/wp-json\/wp\/v2\/media\/91"}],"wp:attachment":[{"href":"https:\/\/www.aubergedecassagne.com\/de\/wp-json\/wp\/v2\/media?parent=931"}],"curies":[{"name":"wp","href":"https:\/\/api.w.org\/{rel}","templated":true}]}}