{"id":928,"date":"2023-10-27T15:44:57","date_gmt":"2023-10-27T13:44:57","guid":{"rendered":"https:\/\/www.aubergedecassagne.com\/chambres-suites\/"},"modified":"2025-12-22T17:18:44","modified_gmt":"2025-12-22T16:18:44","slug":"zimmer-suiten","status":"publish","type":"page","link":"https:\/\/www.aubergedecassagne.com\/de\/zimmer-suiten\/","title":{"rendered":"Zimmer &amp; Suiten"},"content":{"rendered":"<p style=\"text-align: center\"><span style=\"font-weight: 400\">Die Zimmer und Suiten der Auberge de Cassagne spiegeln die provenzalische Tradition wider, die unser Haus seit jeher zu bewahren bem\u00fcht ist. Ger\u00e4umig und mit Eleganz gestaltet, sind sie zudem Ausdruck des Luxus und der Raffinesse, die unser 5-Sterne-Hotel in Avignon auszeichnen.<\/span><\/p>\n<p style=\"text-align: center\"><span style=\"font-weight: 400\">Einige befinden sich im Hauptgeb\u00e4ude, die anderen gruppieren sich um die Innenh\u00f6fe und verf\u00fcgen teilweise \u00fcber einen privaten Zugang durch die G\u00e4rten. Doch sie alle sind von jener sanften, warmen Atmosph\u00e4re durchdrungen, die unser Verst\u00e4ndnis von Gastfreundschaft auszeichnet.<\/span><\/p>\n<p style=\"text-align: center\">Die Suiten und Apartments von 35 bis 70 m\u00b2 bieten ein exklusives Ambiente. Manche mit Ausstattungen wie einem privaten Jacuzzi \u2013 besonders wohltuend nach einem Tag voller Entdeckungen in der Region oder nach den zahlreichen Aktivit\u00e4ten, die Avignon und die Provence zu bieten haben.<\/p>\n","protected":false},"excerpt":{"rendered":"<p>Die Zimmer und Suiten der Auberge de Cassagne spiegeln die provenzalische Tradition wider, die unser Haus seit jeher zu bewahren bem\u00fcht ist. Ger\u00e4umig und mit Eleganz gestaltet, sind sie zudem Ausdruck des Luxus und der Raffinesse, die unser 5-Sterne-Hotel in Avignon auszeichnen. Einige befinden sich im Hauptgeb\u00e4ude, die anderen gruppieren sich um die Innenh\u00f6fe und [&hellip;]<\/p>\n","protected":false},"author":16,"featured_media":126,"parent":0,"menu_order":20,"comment_status":"closed","ping_status":"closed","template":"template-rooms.php","meta":{"footnotes":""},"yoast_head":"<!-- This site is optimized with the Yoast SEO plugin v22.3 - https:\/\/yoast.com\/wordpress\/plugins\/seo\/ -->\n<title>Luxuri\u00f6ses &amp; charmantes \u00dcbernachtung in Avignon | Auberge de Cassagne<\/title>\n<meta name=\"description\" content=\"\u00dcbernachtung in Avignon im Luxushotel Auberge de Cassagne &amp; Spa: 43 Zimmer &amp; Suiten in der Provence. Privater Jacuzzi, Balkon\/Terrasse, Gartenblick.\" \/>\n<meta name=\"robots\" content=\"index, follow, max-snippet:-1, max-image-preview:large, max-video-preview:-1\" \/>\n<link rel=\"canonical\" href=\"https:\/\/www.aubergedecassagne.com\/de\/zimmer-suiten\/\" \/>\n<meta property=\"og:locale\" content=\"de_DE\" \/>\n<meta property=\"og:type\" content=\"article\" \/>\n<meta property=\"og:title\" content=\"Luxuri\u00f6ses &amp; charmantes \u00dcbernachtung in Avignon | Auberge de Cassagne\" \/>\n<meta property=\"og:description\" content=\"\u00dcbernachtung in Avignon im Luxushotel Auberge de Cassagne &amp; Spa: 43 Zimmer &amp; Suiten in der Provence. Privater Jacuzzi, Balkon\/Terrasse, Gartenblick.\" \/>\n<meta property=\"og:url\" content=\"https:\/\/www.aubergedecassagne.com\/de\/zimmer-suiten\/\" \/>\n<meta property=\"og:site_name\" content=\"Auberge de Cassagne\" \/>\n<meta property=\"article:modified_time\" content=\"2025-12-22T16:18:44+00:00\" \/>\n<meta property=\"og:image\" content=\"https:\/\/www.aubergedecassagne.com\/wp-content\/uploads\/sites\/75\/2023\/11\/Aubergedecassagnespa-hotel_suite_jardin_salon.jpg\" \/>\n\t<meta property=\"og:image:width\" content=\"2200\" \/>\n\t<meta property=\"og:image:height\" content=\"1100\" \/>\n\t<meta property=\"og:image:type\" content=\"image\/jpeg\" \/>\n<meta name=\"twitter:card\" content=\"summary_large_image\" \/>\n<meta name=\"twitter:label1\" content=\"Gesch\u00e4tzte Lesezeit\" \/>\n\t<meta name=\"twitter:data1\" content=\"1 Minute\" \/>\n<script type=\"application\/ld+json\" class=\"yoast-schema-graph\">{\"@context\":\"https:\/\/schema.org\",\"@graph\":[{\"@type\":\"WebPage\",\"@id\":\"https:\/\/www.aubergedecassagne.com\/de\/zimmer-suiten\/\",\"url\":\"https:\/\/www.aubergedecassagne.com\/de\/zimmer-suiten\/\",\"name\":\"Luxuri\u00f6ses & charmantes \u00dcbernachtung in Avignon | Auberge de Cassagne\",\"isPartOf\":{\"@id\":\"https:\/\/www.aubergedecassagne.com\/de\/#website\"},\"primaryImageOfPage\":{\"@id\":\"https:\/\/www.aubergedecassagne.com\/de\/zimmer-suiten\/#primaryimage\"},\"image\":{\"@id\":\"https:\/\/www.aubergedecassagne.com\/de\/zimmer-suiten\/#primaryimage\"},\"thumbnailUrl\":\"https:\/\/www.aubergedecassagne.com\/wp-content\/uploads\/sites\/75\/2023\/11\/Aubergedecassagnespa-hotel_suite_jardin_salon.jpg\",\"datePublished\":\"2023-10-27T13:44:57+00:00\",\"dateModified\":\"2025-12-22T16:18:44+00:00\",\"description\":\"\u00dcbernachtung in Avignon im Luxushotel Auberge de Cassagne & Spa: 43 Zimmer & Suiten in der Provence. Privater Jacuzzi, Balkon\/Terrasse, Gartenblick.\",\"breadcrumb\":{\"@id\":\"https:\/\/www.aubergedecassagne.com\/de\/zimmer-suiten\/#breadcrumb\"},\"inLanguage\":\"de-DE\",\"potentialAction\":[{\"@type\":\"ReadAction\",\"target\":[\"https:\/\/www.aubergedecassagne.com\/de\/zimmer-suiten\/\"]}]},{\"@type\":\"ImageObject\",\"inLanguage\":\"de-DE\",\"@id\":\"https:\/\/www.aubergedecassagne.com\/de\/zimmer-suiten\/#primaryimage\",\"url\":\"https:\/\/www.aubergedecassagne.com\/wp-content\/uploads\/sites\/75\/2023\/11\/Aubergedecassagnespa-hotel_suite_jardin_salon.jpg\",\"contentUrl\":\"https:\/\/www.aubergedecassagne.com\/wp-content\/uploads\/sites\/75\/2023\/11\/Aubergedecassagnespa-hotel_suite_jardin_salon.jpg\",\"width\":2200,\"height\":1100},{\"@type\":\"BreadcrumbList\",\"@id\":\"https:\/\/www.aubergedecassagne.com\/de\/zimmer-suiten\/#breadcrumb\",\"itemListElement\":[{\"@type\":\"ListItem\",\"position\":1,\"name\":\"Accueil\",\"item\":\"https:\/\/www.aubergedecassagne.com\/de\/\"},{\"@type\":\"ListItem\",\"position\":2,\"name\":\"Zimmer &amp; Suiten\"}]},{\"@type\":\"WebSite\",\"@id\":\"https:\/\/www.aubergedecassagne.com\/de\/#website\",\"url\":\"https:\/\/www.aubergedecassagne.com\/de\/\",\"name\":\"Auberge de Cassagne\",\"description\":\"\",\"potentialAction\":[{\"@type\":\"SearchAction\",\"target\":{\"@type\":\"EntryPoint\",\"urlTemplate\":\"https:\/\/www.aubergedecassagne.com\/de\/?s={search_term_string}\"},\"query-input\":\"required name=search_term_string\"}],\"inLanguage\":\"de-DE\"}]}<\/script>\n<!-- \/ Yoast SEO plugin. -->","yoast_head_json":{"title":"Luxuri\u00f6ses & charmantes \u00dcbernachtung in Avignon | Auberge de Cassagne","description":"\u00dcbernachtung in Avignon im Luxushotel Auberge de Cassagne & Spa: 43 Zimmer & Suiten in der Provence. Privater Jacuzzi, Balkon\/Terrasse, Gartenblick.","robots":{"index":"index","follow":"follow","max-snippet":"max-snippet:-1","max-image-preview":"max-image-preview:large","max-video-preview":"max-video-preview:-1"},"canonical":"https:\/\/www.aubergedecassagne.com\/de\/zimmer-suiten\/","og_locale":"de_DE","og_type":"article","og_title":"Luxuri\u00f6ses & charmantes \u00dcbernachtung in Avignon | Auberge de Cassagne","og_description":"\u00dcbernachtung in Avignon im Luxushotel Auberge de Cassagne & Spa: 43 Zimmer & Suiten in der Provence. Privater Jacuzzi, Balkon\/Terrasse, Gartenblick.","og_url":"https:\/\/www.aubergedecassagne.com\/de\/zimmer-suiten\/","og_site_name":"Auberge de Cassagne","article_modified_time":"2025-12-22T16:18:44+00:00","og_image":[{"width":2200,"height":1100,"url":"https:\/\/www.aubergedecassagne.com\/wp-content\/uploads\/sites\/75\/2023\/11\/Aubergedecassagnespa-hotel_suite_jardin_salon.jpg","type":"image\/jpeg"}],"twitter_card":"summary_large_image","twitter_misc":{"Gesch\u00e4tzte Lesezeit":"1 Minute"},"schema":{"@context":"https:\/\/schema.org","@graph":[{"@type":"WebPage","@id":"https:\/\/www.aubergedecassagne.com\/de\/zimmer-suiten\/","url":"https:\/\/www.aubergedecassagne.com\/de\/zimmer-suiten\/","name":"Luxuri\u00f6ses & charmantes \u00dcbernachtung in Avignon | Auberge de Cassagne","isPartOf":{"@id":"https:\/\/www.aubergedecassagne.com\/de\/#website"},"primaryImageOfPage":{"@id":"https:\/\/www.aubergedecassagne.com\/de\/zimmer-suiten\/#primaryimage"},"image":{"@id":"https:\/\/www.aubergedecassagne.com\/de\/zimmer-suiten\/#primaryimage"},"thumbnailUrl":"https:\/\/www.aubergedecassagne.com\/wp-content\/uploads\/sites\/75\/2023\/11\/Aubergedecassagnespa-hotel_suite_jardin_salon.jpg","datePublished":"2023-10-27T13:44:57+00:00","dateModified":"2025-12-22T16:18:44+00:00","description":"\u00dcbernachtung in Avignon im Luxushotel Auberge de Cassagne & Spa: 43 Zimmer & Suiten in der Provence. Privater Jacuzzi, Balkon\/Terrasse, Gartenblick.","breadcrumb":{"@id":"https:\/\/www.aubergedecassagne.com\/de\/zimmer-suiten\/#breadcrumb"},"inLanguage":"de-DE","potentialAction":[{"@type":"ReadAction","target":["https:\/\/www.aubergedecassagne.com\/de\/zimmer-suiten\/"]}]},{"@type":"ImageObject","inLanguage":"de-DE","@id":"https:\/\/www.aubergedecassagne.com\/de\/zimmer-suiten\/#primaryimage","url":"https:\/\/www.aubergedecassagne.com\/wp-content\/uploads\/sites\/75\/2023\/11\/Aubergedecassagnespa-hotel_suite_jardin_salon.jpg","contentUrl":"https:\/\/www.aubergedecassagne.com\/wp-content\/uploads\/sites\/75\/2023\/11\/Aubergedecassagnespa-hotel_suite_jardin_salon.jpg","width":2200,"height":1100},{"@type":"BreadcrumbList","@id":"https:\/\/www.aubergedecassagne.com\/de\/zimmer-suiten\/#breadcrumb","itemListElement":[{"@type":"ListItem","position":1,"name":"Accueil","item":"https:\/\/www.aubergedecassagne.com\/de\/"},{"@type":"ListItem","position":2,"name":"Zimmer &amp; Suiten"}]},{"@type":"WebSite","@id":"https:\/\/www.aubergedecassagne.com\/de\/#website","url":"https:\/\/www.aubergedecassagne.com\/de\/","name":"Auberge de Cassagne","description":"","potentialAction":[{"@type":"SearchAction","target":{"@type":"EntryPoint","urlTemplate":"https:\/\/www.aubergedecassagne.com\/de\/?s={search_term_string}"},"query-input":"required name=search_term_string"}],"inLanguage":"de-DE"}]}},"acf":[],"_links":{"self":[{"href":"https:\/\/www.aubergedecassagne.com\/de\/wp-json\/wp\/v2\/pages\/928"}],"collection":[{"href":"https:\/\/www.aubergedecassagne.com\/de\/wp-json\/wp\/v2\/pages"}],"about":[{"href":"https:\/\/www.aubergedecassagne.com\/de\/wp-json\/wp\/v2\/types\/page"}],"author":[{"embeddable":true,"href":"https:\/\/www.aubergedecassagne.com\/de\/wp-json\/wp\/v2\/users\/16"}],"replies":[{"embeddable":true,"href":"https:\/\/www.aubergedecassagne.com\/de\/wp-json\/wp\/v2\/comments?post=928"}],"version-history":[{"count":0,"href":"https:\/\/www.aubergedecassagne.com\/de\/wp-json\/wp\/v2\/pages\/928\/revisions"}],"wp:featuredmedia":[{"embeddable":true,"href":"https:\/\/www.aubergedecassagne.com\/de\/wp-json\/wp\/v2\/media\/126"}],"wp:attachment":[{"href":"https:\/\/www.aubergedecassagne.com\/de\/wp-json\/wp\/v2\/media?parent=928"}],"curies":[{"name":"wp","href":"https:\/\/api.w.org\/{rel}","templated":true}]}}