{"id":915,"date":"2023-10-27T15:17:42","date_gmt":"2023-10-27T13:17:42","guid":{"rendered":"https:\/\/www.aubergedecassagne.com\/page-d-exemple\/"},"modified":"2025-12-30T17:27:30","modified_gmt":"2025-12-30T16:27:30","slug":"page-d-exemple","status":"publish","type":"page","link":"https:\/\/www.aubergedecassagne.com\/de\/","title":{"rendered":"Auberge de Cassagne &amp; Spa \u2013 Luxus und Charme mit 5 Sternen"},"content":{"rendered":"<p style=\"text-align: center\"><span style=\"font-weight: 400\">Vor den Toren von Avignon, in der Gemeinde Le Pontet, l\u00e4dt Sie unser 5-Sterne-Hotel in Le Pontet zu einem unvergesslichen Erlebnis im Herzen der Provence ein. Dieses ehemalige Landgut aus dem Jahr 1850, das sich auf dem Gel\u00e4nde des Weinguts Ch\u00e2teau de Cassagne befindet, wurde unter gr\u00f6\u00dftm\u00f6glicher Ber\u00fccksichtigung der provenzalischen Tradition restauriert, wodurch der Charme vergangener Zeiten erhalten blieb. Eine wahre Oase der Ruhe \u2013 die Auberge de Cassagne l\u00e4dt Sie ein, jederzeit in eine Welt voller Eleganz und Charme einzutauchen.<\/span><\/p>\n","protected":false},"excerpt":{"rendered":"<p>Vor den Toren von Avignon, in der Gemeinde Le Pontet, l\u00e4dt Sie unser 5-Sterne-Hotel in Le Pontet zu einem unvergesslichen Erlebnis im Herzen der Provence ein. Dieses ehemalige Landgut aus dem Jahr 1850, das sich auf dem Gel\u00e4nde des Weinguts Ch\u00e2teau de Cassagne befindet, wurde unter gr\u00f6\u00dftm\u00f6glicher Ber\u00fccksichtigung der provenzalischen Tradition restauriert, wodurch der Charme [&hellip;]<\/p>\n","protected":false},"author":16,"featured_media":159,"parent":0,"menu_order":10,"comment_status":"closed","ping_status":"closed","template":"","meta":{"footnotes":""},"yoast_head":"<!-- This site is optimized with the Yoast SEO plugin v22.3 - https:\/\/yoast.com\/wordpress\/plugins\/seo\/ -->\n<title>Luxus 5-Sterne-Hotel in Avignon Le Pontet | Auberge de Cassagne &amp; Spa<\/title>\n<meta name=\"description\" content=\"Entdecken Sie das Luxushotel Auberge de Cassagne &amp; Spa in Avignon in Frankreich, ein exquisites 5-Sterne-Hotel in Le Pontet mit Gourmet-Restaurant, Spa und Pool.\" \/>\n<meta name=\"robots\" content=\"index, follow, max-snippet:-1, max-image-preview:large, max-video-preview:-1\" \/>\n<link rel=\"canonical\" href=\"https:\/\/www.aubergedecassagne.com\/de\/\" \/>\n<meta property=\"og:locale\" content=\"de_DE\" \/>\n<meta property=\"og:type\" content=\"article\" \/>\n<meta property=\"og:title\" content=\"Luxus 5-Sterne-Hotel in Avignon Le Pontet | Auberge de Cassagne &amp; Spa\" \/>\n<meta property=\"og:description\" content=\"Entdecken Sie das Luxushotel Auberge de Cassagne &amp; Spa in Avignon in Frankreich, ein exquisites 5-Sterne-Hotel in Le Pontet mit Gourmet-Restaurant, Spa und Pool.\" \/>\n<meta property=\"og:url\" content=\"https:\/\/www.aubergedecassagne.com\/de\/\" \/>\n<meta property=\"og:site_name\" content=\"Auberge de Cassagne\" \/>\n<meta property=\"article:modified_time\" content=\"2025-12-30T16:27:30+00:00\" \/>\n<meta property=\"og:image\" content=\"https:\/\/www.aubergedecassagne.com\/wp-content\/uploads\/sites\/75\/2023\/11\/Aubergedecassagnespa-piscine_vue_den_haut.jpg\" \/>\n\t<meta property=\"og:image:width\" content=\"2200\" \/>\n\t<meta property=\"og:image:height\" content=\"1100\" \/>\n\t<meta property=\"og:image:type\" content=\"image\/jpeg\" \/>\n<meta name=\"twitter:card\" content=\"summary_large_image\" \/>\n<meta name=\"twitter:label1\" content=\"Gesch\u00e4tzte Lesezeit\" \/>\n\t<meta name=\"twitter:data1\" content=\"1 Minute\" \/>\n<script type=\"application\/ld+json\" class=\"yoast-schema-graph\">{\"@context\":\"https:\/\/schema.org\",\"@graph\":[{\"@type\":\"WebPage\",\"@id\":\"https:\/\/www.aubergedecassagne.com\/de\/\",\"url\":\"https:\/\/www.aubergedecassagne.com\/de\/\",\"name\":\"Luxus 5-Sterne-Hotel in Avignon Le Pontet | Auberge de Cassagne & Spa\",\"isPartOf\":{\"@id\":\"https:\/\/www.aubergedecassagne.com\/de\/#website\"},\"primaryImageOfPage\":{\"@id\":\"https:\/\/www.aubergedecassagne.com\/de\/#primaryimage\"},\"image\":{\"@id\":\"https:\/\/www.aubergedecassagne.com\/de\/#primaryimage\"},\"thumbnailUrl\":\"https:\/\/www.aubergedecassagne.com\/wp-content\/uploads\/sites\/75\/2023\/11\/Aubergedecassagnespa-piscine_vue_den_haut.jpg\",\"datePublished\":\"2023-10-27T13:17:42+00:00\",\"dateModified\":\"2025-12-30T16:27:30+00:00\",\"description\":\"Entdecken Sie das Luxushotel Auberge de Cassagne & Spa in Avignon in Frankreich, ein exquisites 5-Sterne-Hotel in Le Pontet mit Gourmet-Restaurant, Spa und Pool.\",\"breadcrumb\":{\"@id\":\"https:\/\/www.aubergedecassagne.com\/de\/#breadcrumb\"},\"inLanguage\":\"de-DE\",\"potentialAction\":[{\"@type\":\"ReadAction\",\"target\":[\"https:\/\/www.aubergedecassagne.com\/de\/\"]}]},{\"@type\":\"ImageObject\",\"inLanguage\":\"de-DE\",\"@id\":\"https:\/\/www.aubergedecassagne.com\/de\/#primaryimage\",\"url\":\"https:\/\/www.aubergedecassagne.com\/wp-content\/uploads\/sites\/75\/2023\/11\/Aubergedecassagnespa-piscine_vue_den_haut.jpg\",\"contentUrl\":\"https:\/\/www.aubergedecassagne.com\/wp-content\/uploads\/sites\/75\/2023\/11\/Aubergedecassagnespa-piscine_vue_den_haut.jpg\",\"width\":2200,\"height\":1100},{\"@type\":\"BreadcrumbList\",\"@id\":\"https:\/\/www.aubergedecassagne.com\/de\/#breadcrumb\",\"itemListElement\":[{\"@type\":\"ListItem\",\"position\":1,\"name\":\"Accueil\",\"item\":\"https:\/\/www.aubergedecassagne.com\/de\/\"},{\"@type\":\"ListItem\",\"position\":2,\"name\":\"Auberge de Cassagne &amp; Spa \u2013 Luxus und Charme mit 5 Sternen\"}]},{\"@type\":\"WebSite\",\"@id\":\"https:\/\/www.aubergedecassagne.com\/de\/#website\",\"url\":\"https:\/\/www.aubergedecassagne.com\/de\/\",\"name\":\"Auberge de Cassagne\",\"description\":\"\",\"potentialAction\":[{\"@type\":\"SearchAction\",\"target\":{\"@type\":\"EntryPoint\",\"urlTemplate\":\"https:\/\/www.aubergedecassagne.com\/de\/?s={search_term_string}\"},\"query-input\":\"required name=search_term_string\"}],\"inLanguage\":\"de-DE\"}]}<\/script>\n<!-- \/ Yoast SEO plugin. -->","yoast_head_json":{"title":"Luxus 5-Sterne-Hotel in Avignon Le Pontet | Auberge de Cassagne & Spa","description":"Entdecken Sie das Luxushotel Auberge de Cassagne & Spa in Avignon in Frankreich, ein exquisites 5-Sterne-Hotel in Le Pontet mit Gourmet-Restaurant, Spa und Pool.","robots":{"index":"index","follow":"follow","max-snippet":"max-snippet:-1","max-image-preview":"max-image-preview:large","max-video-preview":"max-video-preview:-1"},"canonical":"https:\/\/www.aubergedecassagne.com\/de\/","og_locale":"de_DE","og_type":"article","og_title":"Luxus 5-Sterne-Hotel in Avignon Le Pontet | Auberge de Cassagne & Spa","og_description":"Entdecken Sie das Luxushotel Auberge de Cassagne & Spa in Avignon in Frankreich, ein exquisites 5-Sterne-Hotel in Le Pontet mit Gourmet-Restaurant, Spa und Pool.","og_url":"https:\/\/www.aubergedecassagne.com\/de\/","og_site_name":"Auberge de Cassagne","article_modified_time":"2025-12-30T16:27:30+00:00","og_image":[{"width":2200,"height":1100,"url":"https:\/\/www.aubergedecassagne.com\/wp-content\/uploads\/sites\/75\/2023\/11\/Aubergedecassagnespa-piscine_vue_den_haut.jpg","type":"image\/jpeg"}],"twitter_card":"summary_large_image","twitter_misc":{"Gesch\u00e4tzte Lesezeit":"1 Minute"},"schema":{"@context":"https:\/\/schema.org","@graph":[{"@type":"WebPage","@id":"https:\/\/www.aubergedecassagne.com\/de\/","url":"https:\/\/www.aubergedecassagne.com\/de\/","name":"Luxus 5-Sterne-Hotel in Avignon Le Pontet | Auberge de Cassagne & Spa","isPartOf":{"@id":"https:\/\/www.aubergedecassagne.com\/de\/#website"},"primaryImageOfPage":{"@id":"https:\/\/www.aubergedecassagne.com\/de\/#primaryimage"},"image":{"@id":"https:\/\/www.aubergedecassagne.com\/de\/#primaryimage"},"thumbnailUrl":"https:\/\/www.aubergedecassagne.com\/wp-content\/uploads\/sites\/75\/2023\/11\/Aubergedecassagnespa-piscine_vue_den_haut.jpg","datePublished":"2023-10-27T13:17:42+00:00","dateModified":"2025-12-30T16:27:30+00:00","description":"Entdecken Sie das Luxushotel Auberge de Cassagne & Spa in Avignon in Frankreich, ein exquisites 5-Sterne-Hotel in Le Pontet mit Gourmet-Restaurant, Spa und Pool.","breadcrumb":{"@id":"https:\/\/www.aubergedecassagne.com\/de\/#breadcrumb"},"inLanguage":"de-DE","potentialAction":[{"@type":"ReadAction","target":["https:\/\/www.aubergedecassagne.com\/de\/"]}]},{"@type":"ImageObject","inLanguage":"de-DE","@id":"https:\/\/www.aubergedecassagne.com\/de\/#primaryimage","url":"https:\/\/www.aubergedecassagne.com\/wp-content\/uploads\/sites\/75\/2023\/11\/Aubergedecassagnespa-piscine_vue_den_haut.jpg","contentUrl":"https:\/\/www.aubergedecassagne.com\/wp-content\/uploads\/sites\/75\/2023\/11\/Aubergedecassagnespa-piscine_vue_den_haut.jpg","width":2200,"height":1100},{"@type":"BreadcrumbList","@id":"https:\/\/www.aubergedecassagne.com\/de\/#breadcrumb","itemListElement":[{"@type":"ListItem","position":1,"name":"Accueil","item":"https:\/\/www.aubergedecassagne.com\/de\/"},{"@type":"ListItem","position":2,"name":"Auberge de Cassagne &amp; Spa \u2013 Luxus und Charme mit 5 Sternen"}]},{"@type":"WebSite","@id":"https:\/\/www.aubergedecassagne.com\/de\/#website","url":"https:\/\/www.aubergedecassagne.com\/de\/","name":"Auberge de Cassagne","description":"","potentialAction":[{"@type":"SearchAction","target":{"@type":"EntryPoint","urlTemplate":"https:\/\/www.aubergedecassagne.com\/de\/?s={search_term_string}"},"query-input":"required name=search_term_string"}],"inLanguage":"de-DE"}]}},"acf":[],"_links":{"self":[{"href":"https:\/\/www.aubergedecassagne.com\/de\/wp-json\/wp\/v2\/pages\/915"}],"collection":[{"href":"https:\/\/www.aubergedecassagne.com\/de\/wp-json\/wp\/v2\/pages"}],"about":[{"href":"https:\/\/www.aubergedecassagne.com\/de\/wp-json\/wp\/v2\/types\/page"}],"author":[{"embeddable":true,"href":"https:\/\/www.aubergedecassagne.com\/de\/wp-json\/wp\/v2\/users\/16"}],"replies":[{"embeddable":true,"href":"https:\/\/www.aubergedecassagne.com\/de\/wp-json\/wp\/v2\/comments?post=915"}],"version-history":[{"count":0,"href":"https:\/\/www.aubergedecassagne.com\/de\/wp-json\/wp\/v2\/pages\/915\/revisions"}],"wp:featuredmedia":[{"embeddable":true,"href":"https:\/\/www.aubergedecassagne.com\/de\/wp-json\/wp\/v2\/media\/159"}],"wp:attachment":[{"href":"https:\/\/www.aubergedecassagne.com\/de\/wp-json\/wp\/v2\/media?parent=915"}],"curies":[{"name":"wp","href":"https:\/\/api.w.org\/{rel}","templated":true}]}}